{"id":32954,"date":"2025-11-17T09:43:54","date_gmt":"2025-11-17T08:43:27","guid":{"rendered":"https:\/\/www.saertex.com\/?page_id=32954"},"modified":"2026-02-10T17:08:47","modified_gmt":"2026-02-10T16:08:47","slug":"raw-material-overview","status":"publish","type":"page","link":"https:\/\/www.saertex.com\/us\/produkte\/multiaxiale-gelege\/multiaxiale-unidirektionale-gelege\/rohstoffueberblick\/","title":{"rendered":"Raw material overview"},"content":{"rendered":"\t\t<div data-elementor-type=\"wp-page\" data-elementor-id=\"32954\" class=\"elementor elementor-32954\" data-elementor-post-type=\"page\">\n\t\t\t\t<div class=\"elementor-element elementor-element-703ce785 e-flex e-con-boxed e-con e-parent\" data-id=\"703ce785\" data-element_type=\"container\" data-settings=\"{&quot;background_background&quot;:&quot;classic&quot;}\">\n\t\t\t\t\t<div class=\"e-con-inner\">\n\t\t<div class=\"elementor-element elementor-element-49760bf6 e-con-full e-flex elementor-invisible e-con e-child\" data-id=\"49760bf6\" data-element_type=\"container\" data-settings=\"{&quot;animation&quot;:&quot;fadeIn&quot;}\">\n\t\t\t\t<div class=\"elementor-element elementor-element-281d1274 elementor-widget elementor-widget-heading\" data-id=\"281d1274\" data-element_type=\"widget\" data-widget_type=\"heading.default\">\n\t\t\t\t\t<h1 class=\"elementor-heading-title elementor-size-default\">Rohstoff\u00fcberblick<\/h1>\t\t\t\t<\/div>\n\t\t\t\t<\/div>\n\t\t\t\t\t<\/div>\n\t\t\t\t<\/div>\n\t\t<div class=\"elementor-element elementor-element-afa156a elementor-hidden-mobile e-flex e-con-boxed e-con e-parent\" data-id=\"afa156a\" data-element_type=\"container\" data-settings=\"{&quot;background_background&quot;:&quot;classic&quot;,&quot;sticky_offset_mobile&quot;:90,&quot;sticky&quot;:&quot;top&quot;,&quot;sticky_offset&quot;:140,&quot;sticky_on&quot;:[&quot;desktop&quot;,&quot;tablet_extra&quot;,&quot;tablet&quot;,&quot;mobile&quot;],&quot;sticky_effects_offset&quot;:0,&quot;sticky_anchor_link_offset&quot;:0}\">\n\t\t\t\t\t<div class=\"e-con-inner\">\n\t\t<div class=\"elementor-element elementor-element-ec6eedf e-con-full anchor-nav-title elementor-hidden-mobile e-flex e-con e-child\" data-id=\"ec6eedf\" data-element_type=\"container\">\n\t\t\t\t<div class=\"elementor-element elementor-element-dee6993 elementor-icon-list--layout-inline elementor-list-item-link-full_width elementor-widget elementor-widget-icon-list\" data-id=\"dee6993\" data-element_type=\"widget\" data-widget_type=\"icon-list.default\">\n\t\t\t\t\t\t\t<ul class=\"elementor-icon-list-items elementor-inline-items\">\n\t\t\t\t\t\t\t<li class=\"elementor-icon-list-item elementor-inline-item\">\n\t\t\t\t\t\t\t\t\t\t<span class=\"elementor-icon-list-text\">Rohstoff\u00fcberblick<\/span>\n\t\t\t\t\t\t\t\t\t<\/li>\n\t\t\t\t\t\t<\/ul>\n\t\t\t\t\t\t<\/div>\n\t\t\t\t<\/div>\n\t\t\t\t\t<\/div>\n\t\t\t\t<\/div>\n\t\t<div class=\"elementor-element elementor-element-68453632 animated-slow e-flex e-con-boxed elementor-invisible e-con e-parent\" data-id=\"68453632\" data-element_type=\"container\" data-settings=\"{&quot;background_background&quot;:&quot;classic&quot;,&quot;animation&quot;:&quot;fadeIn&quot;}\">\n\t\t\t\t\t<div class=\"e-con-inner\">\n\t\t<div class=\"elementor-element elementor-element-720db6a2 e-con-full e-flex elementor-invisible e-con e-child\" data-id=\"720db6a2\" data-element_type=\"container\" data-settings=\"{&quot;animation&quot;:&quot;fadeInLeft&quot;}\">\n\t\t\t\t<div class=\"elementor-element elementor-element-b670acf elementor-widget elementor-widget-heading\" data-id=\"b670acf\" data-element_type=\"widget\" data-widget_type=\"heading.default\">\n\t\t\t\t\t<h2 class=\"elementor-heading-title elementor-size-default\">Unsere Faserkompetenz<\/h2>\t\t\t\t<\/div>\n\t\t\t\t<div class=\"elementor-element elementor-element-36686205 elementor-widget elementor-widget-text-editor\" data-id=\"36686205\" data-element_type=\"widget\" data-widget_type=\"text-editor.default\">\n\t\t\t\t\t\t\t\t\t<p class=\"translation-block\">Die Faser ist die Grundlage jedes \u2060SAERTEX\u2060 Geleges. Seit \u00fcber 40 Jahren entwickeln wir multiaxiale Gelege, die exakt auf die Anforderungen unserer Kunden und Branchen abgestimmt sind.\u00a0<\/p><p class=\"translation-block\">Neben den bew\u00e4hrten Rohstoffen wie <strong>Glas, Carbon, Aramid und Flachs<\/strong> kommen auch Materialien wie <strong>Basalt oder Dyneema<\/strong> zum Einsatz. Diese Fasern verarbeiten wir einzeln oder in hybriden Kombinationen, je nach mechanischer Anforderung und gew\u00fcnschten Verarbeitungseigenschaften.<\/p><p class=\"translation-block\">Daraus resultieren unsere multiaxialen und unidirektionalen Gelege f\u00fcr den Leichtbau. Eine Produkt\u00fcbersicht finden Sie hier: <a style=\"background-color: #ffffff;\" href=\"https:\/\/www.saertex.com\/produkte\/multiaxiale-gelege\/\">Produktportfolio<\/a><\/p>\t\t\t\t\t\t\t\t<\/div>\n\t\t\t\t<\/div>\n\t\t<div class=\"elementor-element elementor-element-18a02eb7 bg-stretch-right e-con-full e-flex elementor-invisible e-con e-child\" data-id=\"18a02eb7\" data-element_type=\"container\" data-settings=\"{&quot;background_background&quot;:&quot;classic&quot;,&quot;animation&quot;:&quot;fadeInRight&quot;}\">\n\t\t\t\t<\/div>\n\t\t\t\t\t<\/div>\n\t\t\t\t<\/div>\n\t\t<div class=\"elementor-element elementor-element-9bc8600 e-flex e-con-boxed e-con e-parent\" data-id=\"9bc8600\" data-element_type=\"container\">\n\t\t\t\t\t<div class=\"e-con-inner\">\n\t\t<div class=\"elementor-element elementor-element-1a5ceab varianten animated-slow e-con-full e-flex elementor-invisible e-con e-child\" data-id=\"1a5ceab\" data-element_type=\"container\" data-settings=\"{&quot;background_background&quot;:&quot;classic&quot;,&quot;animation&quot;:&quot;fadeIn&quot;}\">\n\t\t<div class=\"elementor-element elementor-element-047e30c e-con-full e-flex elementor-invisible e-con e-child\" data-id=\"047e30c\" data-element_type=\"container\" data-settings=\"{&quot;animation&quot;:&quot;fadeInUp&quot;}\">\n\t\t\t\t<div class=\"elementor-element elementor-element-fcf8e5c elementor-widget elementor-widget-heading\" data-id=\"fcf8e5c\" data-element_type=\"widget\" data-widget_type=\"heading.default\">\n\t\t\t\t\t<h2 class=\"elementor-heading-title elementor-size-default\">Die wichtigsten Rohstoffe<\/h2>\t\t\t\t<\/div>\n\t\t\t\t<\/div>\n\t\t<div class=\"elementor-element elementor-element-2a30e9a e-con-full e-grid grid-headline-links animated-slow elementor-invisible e-con e-child\" data-id=\"2a30e9a\" data-element_type=\"container\" data-settings=\"{&quot;animation&quot;:&quot;fadeInUp&quot;}\">\n\t\t<div class=\"elementor-element elementor-element-3b3009d e-con-full e-flex e-con e-child\" data-id=\"3b3009d\" data-element_type=\"container\" data-settings=\"{&quot;background_background&quot;:&quot;classic&quot;}\">\n\t\t<div class=\"elementor-element elementor-element-f523fbc e-con-full e-flex e-con e-child\" data-id=\"f523fbc\" data-element_type=\"container\" data-settings=\"{&quot;background_background&quot;:&quot;classic&quot;}\">\n\t\t\t\t<\/div>\n\t\t<div class=\"elementor-element elementor-element-f1659e7 e-con-full e-flex e-con e-child\" data-id=\"f1659e7\" data-element_type=\"container\">\n\t\t\t\t<div class=\"elementor-element elementor-element-3f85e67 elementor-widget elementor-widget-heading\" data-id=\"3f85e67\" data-element_type=\"widget\" data-widget_type=\"heading.default\">\n\t\t\t\t\t<h3 class=\"elementor-heading-title elementor-size-default\">Glas<\/h3>\t\t\t\t<\/div>\n\t\t\t\t<div class=\"elementor-element elementor-element-81aff49 elementor-widget elementor-widget-text-editor\" data-id=\"81aff49\" data-element_type=\"widget\" data-widget_type=\"text-editor.default\">\n\t\t\t\t\t\t\t\t\t<p class=\"translation-block\">Glasfasern sind der bew\u00e4hrte Standard im Leichtbau. Sie bieten ein gutes Verh\u00e4ltnis von Festigkeit zu Gewicht und sind widerstandsf\u00e4hig gegen Chemikalien. Je nach Typ (z.\u202fB. E, ECR, H oder S Glas) unterscheiden sie sich in Festigkeit, Temperaturbest\u00e4ndigkeit und Korrosionsverhalten. Glasfasern sind wirtschaftlich und gut zu verarbeiten, ideal f\u00fcr vielseitige Anwendungen.<\/p>\t\t\t\t\t\t\t\t<\/div>\n\t\t\t\t<\/div>\n\t\t\t\t<\/div>\n\t\t<div class=\"elementor-element elementor-element-887f6e6 e-con-full e-flex e-con e-child\" data-id=\"887f6e6\" data-element_type=\"container\" data-settings=\"{&quot;background_background&quot;:&quot;classic&quot;}\">\n\t\t<div class=\"elementor-element elementor-element-d3f0b5b e-con-full e-flex e-con e-child\" data-id=\"d3f0b5b\" data-element_type=\"container\" data-settings=\"{&quot;background_background&quot;:&quot;classic&quot;}\">\n\t\t\t\t<\/div>\n\t\t<div class=\"elementor-element elementor-element-76f5225 e-con-full e-flex e-con e-child\" data-id=\"76f5225\" data-element_type=\"container\">\n\t\t\t\t<div class=\"elementor-element elementor-element-fb8082b elementor-widget elementor-widget-heading\" data-id=\"fb8082b\" data-element_type=\"widget\" data-widget_type=\"heading.default\">\n\t\t\t\t\t<h3 class=\"elementor-heading-title elementor-size-default\">Carbon<\/h3>\t\t\t\t<\/div>\n\t\t\t\t<div class=\"elementor-element elementor-element-3429bd7 elementor-widget elementor-widget-text-editor\" data-id=\"3429bd7\" data-element_type=\"widget\" data-widget_type=\"text-editor.default\">\n\t\t\t\t\t\t\t\t\t<p class=\"translation-block\">Carbonfasern verbinden hohe Steifigkeit und Festigkeit mit sehr geringem Gewicht. Je nach Modulklasse (HT, IM, HM) und Faserstruktur (z.\u202fB. 12K bis 50K Heavy Tow) lassen sich die mechanischen Eigenschaften gezielt anpassen. Carbon ist die damit richtige Wahl, wenn es auf maximale Performance bei minimalem Gewicht ankommt.<\/p>\t\t\t\t\t\t\t\t<\/div>\n\t\t\t\t<\/div>\n\t\t\t\t<\/div>\n\t\t<div class=\"elementor-element elementor-element-bfd976e e-con-full e-flex e-con e-child\" data-id=\"bfd976e\" data-element_type=\"container\" data-settings=\"{&quot;background_background&quot;:&quot;classic&quot;}\">\n\t\t<div class=\"elementor-element elementor-element-89e8840 e-con-full e-flex e-con e-child\" data-id=\"89e8840\" data-element_type=\"container\" data-settings=\"{&quot;background_background&quot;:&quot;classic&quot;}\">\n\t\t\t\t<\/div>\n\t\t<div class=\"elementor-element elementor-element-091baa7 e-con-full e-flex e-con e-child\" data-id=\"091baa7\" data-element_type=\"container\">\n\t\t\t\t<div class=\"elementor-element elementor-element-a3a2841 elementor-widget elementor-widget-heading\" data-id=\"a3a2841\" data-element_type=\"widget\" data-widget_type=\"heading.default\">\n\t\t\t\t\t<h3 class=\"elementor-heading-title elementor-size-default\">Flachs<\/h3>\t\t\t\t<\/div>\n\t\t\t\t<div class=\"elementor-element elementor-element-0ecd97d elementor-widget elementor-widget-text-editor\" data-id=\"0ecd97d\" data-element_type=\"widget\" data-widget_type=\"text-editor.default\">\n\t\t\t\t\t\t\t\t\t<p class=\"translation-block\">Flachs ist ein nat\u00fcrlicher, nachwachsender Rohstoff mit guten mechanischen Eigenschaften. Die Faser d\u00e4mpft Schwingungen und bietet eine \u00e4sthetische, nat\u00fcrliche Optik f\u00fcr Bauteile. Oft entstehen in Kombination mit Glas oder Carbon auch hybride Strukturen, die Leistung und Nachhaltigkeit verbinden.&nbsp;<\/p><p class=\"translation-block\">&nbsp;<\/p>\n<p class=\"translation-block\"><a href=\"https:\/\/www.saertex.com\/produkte\/multiaxiale-gelege\/flachs-ncf\/\">Zum Produkt<\/a><\/p>\t\t\t\t\t\t\t\t<\/div>\n\t\t\t\t<\/div>\n\t\t\t\t<\/div>\n\t\t<div class=\"elementor-element elementor-element-df655ae e-con-full e-flex e-con e-child\" data-id=\"df655ae\" data-element_type=\"container\" data-settings=\"{&quot;background_background&quot;:&quot;classic&quot;}\">\n\t\t<div class=\"elementor-element elementor-element-41958f2 e-con-full e-flex e-con e-child\" data-id=\"41958f2\" data-element_type=\"container\" data-settings=\"{&quot;background_background&quot;:&quot;classic&quot;}\">\n\t\t\t\t<\/div>\n\t\t<div class=\"elementor-element elementor-element-0711753 e-con-full e-flex e-con e-child\" data-id=\"0711753\" data-element_type=\"container\">\n\t\t\t\t<div class=\"elementor-element elementor-element-0c9c669 elementor-widget elementor-widget-heading\" data-id=\"0c9c669\" data-element_type=\"widget\" data-widget_type=\"heading.default\">\n\t\t\t\t\t<h3 class=\"elementor-heading-title elementor-size-default\">Aramid<\/h3>\t\t\t\t<\/div>\n\t\t\t\t<div class=\"elementor-element elementor-element-35e2927 elementor-widget elementor-widget-text-editor\" data-id=\"35e2927\" data-element_type=\"widget\" data-widget_type=\"text-editor.default\">\n\t\t\t\t\t\t\t\t\t<p class=\"translation-block\">Aramidfasern sind besonders z\u00e4h und schnittfest. Sie behalten ihre Festigkeit auch bei hohen Temperaturen und widerstehen St\u00f6\u00dfen, Abrieb und Erm\u00fcdung. Ihre hohe Energieaufnahme macht sie ideal f\u00fcr Bauteile, die leicht und gleichzeitig widerstandsf\u00e4hig sein m\u00fcssen.<\/p>\t\t\t\t\t\t\t\t<\/div>\n\t\t\t\t<\/div>\n\t\t\t\t<\/div>\n\t\t\t\t<\/div>\n\t\t\t\t<\/div>\n\t\t\t\t\t<\/div>\n\t\t\t\t<\/div>\n\t\t<div class=\"elementor-element elementor-element-6d99689 e-flex e-con-boxed elementor-invisible e-con e-parent\" data-id=\"6d99689\" data-element_type=\"container\" data-settings=\"{&quot;background_background&quot;:&quot;classic&quot;,&quot;animation&quot;:&quot;fadeInUp&quot;}\">\n\t\t\t\t\t<div class=\"e-con-inner\">\n\t\t<div class=\"elementor-element elementor-element-496931f e-con-full e-flex e-con e-child\" data-id=\"496931f\" data-element_type=\"container\">\n\t\t\t\t<div class=\"elementor-element elementor-element-86bcb94 elementor-widget elementor-widget-heading\" data-id=\"86bcb94\" data-element_type=\"widget\" data-widget_type=\"heading.default\">\n\t\t\t\t\t<h2 class=\"elementor-heading-title elementor-size-default\">Qualit\u00e4t &amp; Verantwortung in der Faserbeschaffung<\/h2>\t\t\t\t<\/div>\n\t\t\t\t<div class=\"elementor-element elementor-element-5a85732 elementor-widget elementor-widget-text-editor\" data-id=\"5a85732\" data-element_type=\"widget\" data-widget_type=\"text-editor.default\">\n\t\t\t\t\t\t\t\t\t<p class=\"translation-block\">\u2060SAERTEX\u2060 arbeitet seit vielen Jahren mit f\u00fchrenden Faserherstellern weltweit zusammen. Langfristige Lieferbeziehungen, zertifizierte Qualit\u00e4tssicherung und interne Pr\u00fcfprozesse gew\u00e4hrleisten gleichbleibend hohe Materialqualit\u00e4t und stellen sicher, dass jede Faser den Anforderungen entspricht. Neben der Nutzung bew\u00e4hrter Rohstoffe arbeiten wir auch kontinuierlich daran, den Anteil nachwachsender und recycelter Fasern weiter auszubauen. Unser Ziel ist es, Leistungsf\u00e4higkeit und Ressourcenschonung k\u00fcnftig noch st\u00e4rker miteinander zu verbinden.<\/p>\t\t\t\t\t\t\t\t<\/div>\n\t\t\t\t<div class=\"elementor-element elementor-element-a4987ed elementor-widget elementor-widget-button\" data-id=\"a4987ed\" data-element_type=\"widget\" data-widget_type=\"button.default\">\n\t\t\t\t\t\t\t\t\t\t<a class=\"elementor-button elementor-button-link elementor-size-sm\" href=\"https:\/\/www.saertex.com\/produkte\/multiaxiale-gelege\">\n\t\t\t\t\t\t<span class=\"elementor-button-content-wrapper\">\n\t\t\t\t\t\t\t\t\t<span class=\"elementor-button-text\">Zum Produktportfolio<\/span>\n\t\t\t\t\t<\/span>\n\t\t\t\t\t<\/a>\n\t\t\t\t\t\t\t\t<\/div>\n\t\t\t\t<\/div>\n\t\t\t\t\t<\/div>\n\t\t\t\t<\/div>\n\t\t<div class=\"elementor-element elementor-element-a786a4a e-flex e-con-boxed e-con e-parent\" data-id=\"a786a4a\" data-element_type=\"container\" id=\"faq\">\n\t\t\t\t\t<div class=\"e-con-inner\">\n\t\t<div class=\"elementor-element elementor-element-4c9a835d e-con-full e-flex elementor-invisible e-con e-child\" data-id=\"4c9a835d\" data-element_type=\"container\" data-settings=\"{&quot;animation&quot;:&quot;fadeInLeft&quot;}\">\n\t\t\t\t<div class=\"elementor-element elementor-element-65485a80 elementor-widget elementor-widget-heading\" data-id=\"65485a80\" data-element_type=\"widget\" data-widget_type=\"heading.default\">\n\t\t\t\t\t<h2 class=\"elementor-heading-title elementor-size-default\">H\u00e4ufig gestellte Fragen<\/h2>\t\t\t\t<\/div>\n\t\t\t\t<div class=\"elementor-element elementor-element-40cd7a9b elementor-widget elementor-widget-text-editor\" data-id=\"40cd7a9b\" data-element_type=\"widget\" data-widget_type=\"text-editor.default\">\n\t\t\t\t\t\t\t\t\t<p class=\"translation-block\"><strong>Komplex. Zuverl\u00e4ssig. Effizient.<\/strong> <span class=\"productname_firstx\">SAER<\/span><span class=\"productname_second\">core<\/span> Flie\u00dfmedien erfordern h\u00f6chste Pr\u00e4zision \u2013 sowohl im Produkt als auch beim Versand. In den FAQ kl\u00e4ren wir alles Wesentliche rund um Bestellablauf, verf\u00fcgbare Lieferzeiten, Verpackungsstandards und besondere Logistikkriterien speziell f\u00fcr <span class=\"productname_firstx\">SAER<\/span><span class=\"productname_second\">core<\/span>.<\/p>\t\t\t\t\t\t\t\t<\/div>\n\t\t\t\t<\/div>\n\t\t<div class=\"elementor-element elementor-element-221d01c3 e-con-full e-flex elementor-invisible e-con e-child\" data-id=\"221d01c3\" data-element_type=\"container\" data-settings=\"{&quot;animation&quot;:&quot;fadeInRight&quot;}\">\n\t\t\t\t<div class=\"elementor-element elementor-element-311d971 elementor-grid-1 faq-projects elementor-grid-tablet-2 elementor-grid-mobile-1 elementor-posts--thumbnail-top elementor-widget elementor-widget-posts\" data-id=\"311d971\" data-element_type=\"widget\" data-settings=\"{&quot;classic_columns&quot;:&quot;1&quot;,&quot;classic_row_gap&quot;:{&quot;unit&quot;:&quot;px&quot;,&quot;size&quot;:20,&quot;sizes&quot;:[]},&quot;classic_columns_tablet&quot;:&quot;2&quot;,&quot;classic_columns_mobile&quot;:&quot;1&quot;,&quot;classic_row_gap_tablet_extra&quot;:{&quot;unit&quot;:&quot;px&quot;,&quot;size&quot;:&quot;&quot;,&quot;sizes&quot;:[]},&quot;classic_row_gap_tablet&quot;:{&quot;unit&quot;:&quot;px&quot;,&quot;size&quot;:&quot;&quot;,&quot;sizes&quot;:[]},&quot;classic_row_gap_mobile&quot;:{&quot;unit&quot;:&quot;px&quot;,&quot;size&quot;:&quot;&quot;,&quot;sizes&quot;:[]}}\" data-widget_type=\"posts.classic\">\n\t\t\t\t<div class=\"elementor-widget-container\">\n\t\t\t\t\t\t\t<div class=\"elementor-posts-container elementor-posts elementor-posts--skin-classic elementor-grid\" role=\"list\">\n\t\t\t\t<article class=\"elementor-post elementor-grid-item post-29387 faqs type-faqs status-publish hentry category-bestellung-logistik\" role=\"listitem\">\n\t\t\t\t<div class=\"elementor-post__text\">\n\t\t\t\t<h3 class=\"elementor-post__title\">\n\t\t\t<a href=\"https:\/\/www.saertex.com\/us\/faqs\/wie-kann-ich-produkte-von-saertex-bestellen\/\" >\n\t\t\t\tWie kann ich Produkte von SAERTEX bestellen?\t\t\t<\/a>\n\t\t<\/h3>\n\t\t\t\t<div class=\"elementor-post__excerpt\">\n\t\t\t<p>\u00dcber unsere Vertriebsmitarbeiter oder per Anfrage auf unserer Website.<\/p>\n\t\t<\/div>\n\t\t\t\t<\/div>\n\t\t\t\t<\/article>\n\t\t\t\t<article class=\"elementor-post elementor-grid-item post-29386 faqs type-faqs status-publish hentry category-bestellung-logistik\" role=\"listitem\">\n\t\t\t\t<div class=\"elementor-post__text\">\n\t\t\t\t<h3 class=\"elementor-post__title\">\n\t\t\t<a href=\"https:\/\/www.saertex.com\/us\/faqs\/gibt-es-mindestbestellmengen\/\" >\n\t\t\t\tGibt es Mindestbestellmengen?\t\t\t<\/a>\n\t\t<\/h3>\n\t\t\t\t<div class=\"elementor-post__excerpt\">\n\t\t\t<p>Ja, diese variieren je nach Produkt. Bitte kontaktieren Sie uns f\u00fcr Details.<\/p>\n\t\t<\/div>\n\t\t\t\t<\/div>\n\t\t\t\t<\/article>\n\t\t\t\t<article class=\"elementor-post elementor-grid-item post-29382 faqs type-faqs status-publish hentry category-bestellung-logistik\" role=\"listitem\">\n\t\t\t\t<div class=\"elementor-post__text\">\n\t\t\t\t<h3 class=\"elementor-post__title\">\n\t\t\t<a href=\"https:\/\/www.saertex.com\/us\/faqs\/wie-lange-sind-die-lieferzeiten\/\" >\n\t\t\t\tWie lange sind die Lieferzeiten?\t\t\t<\/a>\n\t\t<\/h3>\n\t\t\t\t<div class=\"elementor-post__excerpt\">\n\t\t\t<p>Abh\u00e4ngig von Material, Produktionsaufwand und Standort. Unser Standardprodukte wie die Basicline sind in der Regel kurzfristig verf\u00fcgbar.<\/p>\n\t\t<\/div>\n\t\t\t\t<\/div>\n\t\t\t\t<\/article>\n\t\t\t\t<article class=\"elementor-post elementor-grid-item post-29375 faqs type-faqs status-publish hentry category-bestellung-logistik\" role=\"listitem\">\n\t\t\t\t<div class=\"elementor-post__text\">\n\t\t\t\t<h3 class=\"elementor-post__title\">\n\t\t\t<a href=\"https:\/\/www.saertex.com\/us\/faqs\/gibt-es-technische-datenblaetter-und-zertifikate\/\" >\n\t\t\t\tGibt es technische Datenbl\u00e4tter und Zertifikate?\t\t\t<\/a>\n\t\t<\/h3>\n\t\t\t\t<div class=\"elementor-post__excerpt\">\n\t\t\t<p>Ja, alle relevanten Dokumente k\u00f6nnen Sie hier herunterladen.<\/p>\n\t\t<\/div>\n\t\t\t\t<\/div>\n\t\t\t\t<\/article>\n\t\t\t\t<\/div>\n\t\t\n\t\t\t\t\t\t<\/div>\n\t\t\t\t<\/div>\n\t\t\t\t<\/div>\n\t\t\t\t\t<\/div>\n\t\t\t\t<\/div>\n\t\t\t\t<\/div>\n\t\t","protected":false},"excerpt":{"rendered":"<p>Unsere Faserkompetenz Die Faser ist die Grundlage jedes SAERTEX Geleges. Seit \u00fcber 40 Jahren entwickeln wir multiaxiale Gelege, die exakt auf die Anforderungen unserer Kunden und Branchen abgestimmt sind.\u00a0 Neben den bew\u00e4hrten Rohstoffen wie Glas, Carbon, Aramid und Flachs kommen auch Materialien wie Basalt oder Dyneema zum Einsatz. Diese Fasern verarbeiten wir einzeln oder in [&hellip;]<\/p>\n","protected":false},"author":1,"featured_media":0,"parent":32765,"menu_order":0,"comment_status":"closed","ping_status":"closed","template":"","meta":{"_acf_changed":false,"content-type":"","footnotes":""},"categories":[],"tags":[],"competences":[],"products":[],"class_list":["post-32954","page","type-page","status-publish","hentry"],"acf":[],"_links":{"self":[{"href":"https:\/\/www.saertex.com\/us\/wp-json\/wp\/v2\/pages\/32954","targetHints":{"allow":["GET"]}}],"collection":[{"href":"https:\/\/www.saertex.com\/us\/wp-json\/wp\/v2\/pages"}],"about":[{"href":"https:\/\/www.saertex.com\/us\/wp-json\/wp\/v2\/types\/page"}],"author":[{"embeddable":true,"href":"https:\/\/www.saertex.com\/us\/wp-json\/wp\/v2\/users\/1"}],"replies":[{"embeddable":true,"href":"https:\/\/www.saertex.com\/us\/wp-json\/wp\/v2\/comments?post=32954"}],"version-history":[{"count":0,"href":"https:\/\/www.saertex.com\/us\/wp-json\/wp\/v2\/pages\/32954\/revisions"}],"up":[{"embeddable":true,"href":"https:\/\/www.saertex.com\/us\/wp-json\/wp\/v2\/pages\/32765"}],"wp:attachment":[{"href":"https:\/\/www.saertex.com\/us\/wp-json\/wp\/v2\/media?parent=32954"}],"wp:term":[{"taxonomy":"category","embeddable":true,"href":"https:\/\/www.saertex.com\/us\/wp-json\/wp\/v2\/categories?post=32954"},{"taxonomy":"post_tag","embeddable":true,"href":"https:\/\/www.saertex.com\/us\/wp-json\/wp\/v2\/tags?post=32954"},{"taxonomy":"competences","embeddable":true,"href":"https:\/\/www.saertex.com\/us\/wp-json\/wp\/v2\/competences?post=32954"},{"taxonomy":"products","embeddable":true,"href":"https:\/\/www.saertex.com\/us\/wp-json\/wp\/v2\/products?post=32954"}],"curies":[{"name":"wp","href":"https:\/\/api.w.org\/{rel}","templated":true}]}}