{"id":32767,"date":"2025-11-12T14:17:54","date_gmt":"2025-11-12T13:17:10","guid":{"rendered":"https:\/\/www.saertex.com\/unterseite-2\/"},"modified":"2026-02-10T17:08:56","modified_gmt":"2026-02-10T16:08:56","slug":"application-specific-unidirectional-layouts","status":"publish","type":"page","link":"https:\/\/www.saertex.com\/us\/produkte\/multiaxiale-gelege\/anwendungsspezifische-unidirektionale-gelege\/","title":{"rendered":"Application-tailored NCF"},"content":{"rendered":"\t\t<div data-elementor-type=\"wp-page\" data-elementor-id=\"32767\" class=\"elementor elementor-32767\" data-elementor-post-type=\"page\">\n\t\t\t\t<div class=\"elementor-element elementor-element-315d0e68 e-flex e-con-boxed e-con e-parent\" data-id=\"315d0e68\" data-element_type=\"container\" data-settings=\"{&quot;background_background&quot;:&quot;classic&quot;}\">\n\t\t\t\t\t<div class=\"e-con-inner\">\n\t\t<div class=\"elementor-element elementor-element-3dc806b3 e-con-full e-flex e-con e-child\" data-id=\"3dc806b3\" data-element_type=\"container\">\n\t\t\t\t<div class=\"elementor-element elementor-element-4e44eea8 elementor-widget elementor-widget-heading\" data-id=\"4e44eea8\" data-element_type=\"widget\" data-widget_type=\"heading.default\">\n\t\t\t\t\t<h1 class=\"elementor-heading-title elementor-size-default\">Anwendungsspezifische Gelege<\/h1>\t\t\t\t<\/div>\n\t\t\t\t<\/div>\n\t\t\t\t\t<\/div>\n\t\t\t\t<\/div>\n\t\t<div class=\"elementor-element elementor-element-595c155f elementor-hidden-mobile e-flex e-con-boxed e-con e-parent\" data-id=\"595c155f\" data-element_type=\"container\" id=\"anchor-nav\" data-settings=\"{&quot;background_background&quot;:&quot;classic&quot;,&quot;sticky_offset_mobile&quot;:90,&quot;sticky&quot;:&quot;top&quot;,&quot;sticky_offset&quot;:140,&quot;sticky_on&quot;:[&quot;desktop&quot;,&quot;tablet_extra&quot;,&quot;tablet&quot;,&quot;mobile&quot;],&quot;sticky_effects_offset&quot;:0,&quot;sticky_anchor_link_offset&quot;:0}\">\n\t\t\t\t\t<div class=\"e-con-inner\">\n\t\t<div class=\"elementor-element elementor-element-47b0ba3 e-con-full anchor-nav-title elementor-hidden-mobile e-flex e-con e-child\" data-id=\"47b0ba3\" data-element_type=\"container\">\n\t\t\t\t<div class=\"elementor-element elementor-element-2b519f3d elementor-icon-list--layout-inline elementor-list-item-link-full_width elementor-widget elementor-widget-icon-list\" data-id=\"2b519f3d\" data-element_type=\"widget\" data-widget_type=\"icon-list.default\">\n\t\t\t\t\t\t\t<ul class=\"elementor-icon-list-items elementor-inline-items\">\n\t\t\t\t\t\t\t<li class=\"elementor-icon-list-item elementor-inline-item\">\n\t\t\t\t\t\t\t\t\t\t<span class=\"elementor-icon-list-text\">Anwendungsspezifische Gelege<\/span>\n\t\t\t\t\t\t\t\t\t<\/li>\n\t\t\t\t\t\t<\/ul>\n\t\t\t\t\t\t<\/div>\n\t\t\t\t<\/div>\n\t\t<div class=\"elementor-element elementor-element-59ced4c e-con-full e-flex e-con e-child\" data-id=\"59ced4c\" data-element_type=\"container\">\n\t\t\t\t<div class=\"elementor-element elementor-element-30722235 elementor-icon-list--layout-inline elementor-list-item-link-full_width elementor-widget elementor-widget-icon-list\" data-id=\"30722235\" data-element_type=\"widget\" data-widget_type=\"icon-list.default\">\n\t\t\t\t\t\t\t<ul class=\"elementor-icon-list-items elementor-inline-items\">\n\t\t\t\t\t\t\t<li class=\"elementor-icon-list-item elementor-inline-item\">\n\t\t\t\t\t\t\t\t\t\t\t<a href=\"#downloads\">\n\n\t\t\t\t\t\t\t\t\t\t\t<span class=\"elementor-icon-list-text\"> <\/span>\n\t\t\t\t\t\t\t\t\t\t\t<\/a>\n\t\t\t\t\t\t\t\t\t<\/li>\n\t\t\t\t\t\t<\/ul>\n\t\t\t\t\t\t<\/div>\n\t\t\t\t<\/div>\n\t\t\t\t\t<\/div>\n\t\t\t\t<\/div>\n\t\t<div class=\"elementor-element elementor-element-7195a802 animated-slow e-flex e-con-boxed elementor-invisible e-con e-parent\" data-id=\"7195a802\" data-element_type=\"container\" data-settings=\"{&quot;background_background&quot;:&quot;classic&quot;,&quot;animation&quot;:&quot;fadeIn&quot;}\">\n\t\t\t\t\t<div class=\"e-con-inner\">\n\t\t<div class=\"elementor-element elementor-element-5e6fe751 e-con-full e-flex elementor-invisible e-con e-child\" data-id=\"5e6fe751\" data-element_type=\"container\" data-settings=\"{&quot;animation&quot;:&quot;fadeInLeft&quot;}\">\n\t\t\t\t<div class=\"elementor-element elementor-element-10781c85 elementor-widget elementor-widget-heading\" data-id=\"10781c85\" data-element_type=\"widget\" data-widget_type=\"heading.default\">\n\t\t\t\t\t<h2 class=\"elementor-heading-title elementor-size-default\">Optimierte Produktl\u00f6sungen<\/h2>\t\t\t\t<\/div>\n\t\t\t\t<div class=\"elementor-element elementor-element-15088cc3 elementor-widget elementor-widget-text-editor\" data-id=\"15088cc3\" data-element_type=\"widget\" data-widget_type=\"text-editor.default\">\n\t\t\t\t\t\t\t\t\t<p class=\"translation-block\">Unsere Standardprodukte decken bereits viele Anwendungen ab. Doch einige Projekte verlangen L\u00f6sungen, die genau auf eine bestimmte Branche oder einen Prozess abgestimmt sind. Daf\u00fcr entwickeln wir auch anwendungsspezifische Gelege, die in Aufbau, Faserarchitektur und Materialkombinationen pr\u00e4zise auf diese Anforderungen abgestimmt sind.\u00a0<\/p>\t\t\t\t\t\t\t\t<\/div>\n\t\t\t\t<\/div>\n\t\t<div class=\"elementor-element elementor-element-3af71195 e-con-full bg-stretch-right e-flex elementor-invisible e-con e-child\" data-id=\"3af71195\" data-element_type=\"container\" data-settings=\"{&quot;background_background&quot;:&quot;classic&quot;,&quot;animation&quot;:&quot;fadeIn&quot;}\">\n\t\t\t\t<\/div>\n\t\t\t\t\t<\/div>\n\t\t\t\t<\/div>\n\t\t<div class=\"elementor-element elementor-element-1ce3bd02 e-flex e-con-boxed e-con e-parent\" data-id=\"1ce3bd02\" data-element_type=\"container\" id=\"faq\">\n\t\t\t\t\t<div class=\"e-con-inner\">\n\t\t<div class=\"elementor-element elementor-element-3e808cdd e-con-full e-flex elementor-invisible e-con e-child\" data-id=\"3e808cdd\" data-element_type=\"container\" data-settings=\"{&quot;animation&quot;:&quot;fadeInLeft&quot;}\">\n\t\t\t\t<div class=\"elementor-element elementor-element-2a370fa7 elementor-widget elementor-widget-heading\" data-id=\"2a370fa7\" data-element_type=\"widget\" data-widget_type=\"heading.default\">\n\t\t\t\t\t<h2 class=\"elementor-heading-title elementor-size-default\">H\u00e4ufig gestellte Fragen<\/h2>\t\t\t\t<\/div>\n\t\t\t\t<div class=\"elementor-element elementor-element-6b313899 elementor-widget elementor-widget-text-editor\" data-id=\"6b313899\" data-element_type=\"widget\" data-widget_type=\"text-editor.default\">\n\t\t\t\t\t\t\t\t\t<p class=\"translation-block\"><strong>Pr\u00e4zise. Flexibel. Termintreu.<\/strong> Wenn es um multiaxiale Gelege geht, z\u00e4hlt nicht nur die Qualit\u00e4t des Verst\u00e4rkungsmaterials, sondern auch eine zuverl\u00e4ssige Lieferung \u2013 genau abgestimmt auf Ihre Fertigung. In den folgenden FAQ beantworten wir alle Fragen zu Bestellprozessen, Lieferzeiten, Transportbedingungen und speziellen Logistikanforderungen f\u00fcr multiaxiale Gelege.<\/p>\t\t\t\t\t\t\t\t<\/div>\n\t\t\t\t<\/div>\n\t\t<div class=\"elementor-element elementor-element-1ae21c0d e-con-full e-flex elementor-invisible e-con e-child\" data-id=\"1ae21c0d\" data-element_type=\"container\" data-settings=\"{&quot;animation&quot;:&quot;fadeInRight&quot;}\">\n\t\t\t\t<div class=\"elementor-element elementor-element-1fae2778 elementor-grid-1 faq-projects elementor-grid-tablet-2 elementor-grid-mobile-1 elementor-posts--thumbnail-top elementor-widget elementor-widget-posts\" data-id=\"1fae2778\" data-element_type=\"widget\" data-settings=\"{&quot;classic_columns&quot;:&quot;1&quot;,&quot;classic_row_gap&quot;:{&quot;unit&quot;:&quot;px&quot;,&quot;size&quot;:20,&quot;sizes&quot;:[]},&quot;classic_columns_tablet&quot;:&quot;2&quot;,&quot;classic_columns_mobile&quot;:&quot;1&quot;,&quot;classic_row_gap_tablet_extra&quot;:{&quot;unit&quot;:&quot;px&quot;,&quot;size&quot;:&quot;&quot;,&quot;sizes&quot;:[]},&quot;classic_row_gap_tablet&quot;:{&quot;unit&quot;:&quot;px&quot;,&quot;size&quot;:&quot;&quot;,&quot;sizes&quot;:[]},&quot;classic_row_gap_mobile&quot;:{&quot;unit&quot;:&quot;px&quot;,&quot;size&quot;:&quot;&quot;,&quot;sizes&quot;:[]}}\" data-widget_type=\"posts.classic\">\n\t\t\t\t<div class=\"elementor-widget-container\">\n\t\t\t\t\t\t\t<div class=\"elementor-posts-container elementor-posts elementor-posts--skin-classic elementor-grid\" role=\"list\">\n\t\t\t\t<article class=\"elementor-post elementor-grid-item post-29387 faqs type-faqs status-publish hentry category-bestellung-logistik\" role=\"listitem\">\n\t\t\t\t<div class=\"elementor-post__text\">\n\t\t\t\t<h3 class=\"elementor-post__title\">\n\t\t\t<a href=\"https:\/\/www.saertex.com\/us\/faqs\/wie-kann-ich-produkte-von-saertex-bestellen\/\" >\n\t\t\t\tWie kann ich Produkte von SAERTEX bestellen?\t\t\t<\/a>\n\t\t<\/h3>\n\t\t\t\t<div class=\"elementor-post__excerpt\">\n\t\t\t<p>\u00dcber unsere Vertriebsmitarbeiter oder per Anfrage auf unserer Website.<\/p>\n\t\t<\/div>\n\t\t\t\t<\/div>\n\t\t\t\t<\/article>\n\t\t\t\t<article class=\"elementor-post elementor-grid-item post-29386 faqs type-faqs status-publish hentry category-bestellung-logistik\" role=\"listitem\">\n\t\t\t\t<div class=\"elementor-post__text\">\n\t\t\t\t<h3 class=\"elementor-post__title\">\n\t\t\t<a href=\"https:\/\/www.saertex.com\/us\/faqs\/gibt-es-mindestbestellmengen\/\" >\n\t\t\t\tGibt es Mindestbestellmengen?\t\t\t<\/a>\n\t\t<\/h3>\n\t\t\t\t<div class=\"elementor-post__excerpt\">\n\t\t\t<p>Ja, diese variieren je nach Produkt. Bitte kontaktieren Sie uns f\u00fcr Details.<\/p>\n\t\t<\/div>\n\t\t\t\t<\/div>\n\t\t\t\t<\/article>\n\t\t\t\t<article class=\"elementor-post elementor-grid-item post-29382 faqs type-faqs status-publish hentry category-bestellung-logistik\" role=\"listitem\">\n\t\t\t\t<div class=\"elementor-post__text\">\n\t\t\t\t<h3 class=\"elementor-post__title\">\n\t\t\t<a href=\"https:\/\/www.saertex.com\/us\/faqs\/wie-lange-sind-die-lieferzeiten\/\" >\n\t\t\t\tWie lange sind die Lieferzeiten?\t\t\t<\/a>\n\t\t<\/h3>\n\t\t\t\t<div class=\"elementor-post__excerpt\">\n\t\t\t<p>Abh\u00e4ngig von Material, Produktionsaufwand und Standort. Unser Standardprodukte wie die Basicline sind in der Regel kurzfristig verf\u00fcgbar.<\/p>\n\t\t<\/div>\n\t\t\t\t<\/div>\n\t\t\t\t<\/article>\n\t\t\t\t<article class=\"elementor-post elementor-grid-item post-29375 faqs type-faqs status-publish hentry category-bestellung-logistik\" role=\"listitem\">\n\t\t\t\t<div class=\"elementor-post__text\">\n\t\t\t\t<h3 class=\"elementor-post__title\">\n\t\t\t<a href=\"https:\/\/www.saertex.com\/us\/faqs\/gibt-es-technische-datenblaetter-und-zertifikate\/\" >\n\t\t\t\tGibt es technische Datenbl\u00e4tter und Zertifikate?\t\t\t<\/a>\n\t\t<\/h3>\n\t\t\t\t<div class=\"elementor-post__excerpt\">\n\t\t\t<p>Ja, alle relevanten Dokumente k\u00f6nnen Sie hier herunterladen.<\/p>\n\t\t<\/div>\n\t\t\t\t<\/div>\n\t\t\t\t<\/article>\n\t\t\t\t<\/div>\n\t\t\n\t\t\t\t\t\t<\/div>\n\t\t\t\t<\/div>\n\t\t\t\t<\/div>\n\t\t\t\t\t<\/div>\n\t\t\t\t<\/div>\n\t\t<div class=\"elementor-element elementor-element-4207ceda varianten animated-slow e-flex e-con-boxed elementor-invisible e-con e-parent\" data-id=\"4207ceda\" data-element_type=\"container\" id=\"varianten\" data-settings=\"{&quot;background_background&quot;:&quot;classic&quot;,&quot;animation&quot;:&quot;fadeIn&quot;}\">\n\t\t\t\t\t<div class=\"e-con-inner\">\n\t\t<div class=\"elementor-element elementor-element-7333124 varianten animated-slow e-con-full e-flex elementor-invisible e-con e-child\" data-id=\"7333124\" data-element_type=\"container\" data-settings=\"{&quot;background_background&quot;:&quot;classic&quot;,&quot;animation&quot;:&quot;fadeIn&quot;}\">\n\t\t<div class=\"elementor-element elementor-element-515649f e-con-full e-flex elementor-invisible e-con e-child\" data-id=\"515649f\" data-element_type=\"container\" data-settings=\"{&quot;animation&quot;:&quot;fadeInUp&quot;}\">\n\t\t\t\t<div class=\"elementor-element elementor-element-15f22a6 elementor-widget elementor-widget-heading\" data-id=\"15f22a6\" data-element_type=\"widget\" data-widget_type=\"heading.default\">\n\t\t\t\t\t<h2 class=\"elementor-heading-title elementor-size-default\">Unsere UD-Varianten mit spezifischen Eigenschaften<\/h2>\t\t\t\t<\/div>\n\t\t\t\t<\/div>\n\t\t<div class=\"elementor-element elementor-element-7b5a2c7 e-con-full e-grid grid-headline-links animated-slow elementor-invisible e-con e-child\" data-id=\"7b5a2c7\" data-element_type=\"container\" data-settings=\"{&quot;animation&quot;:&quot;fadeInUp&quot;}\">\n\t\t<div class=\"elementor-element elementor-element-e3a0568 e-con-full e-flex e-con e-child\" data-id=\"e3a0568\" data-element_type=\"container\" data-settings=\"{&quot;background_background&quot;:&quot;classic&quot;}\">\n\t\t<div class=\"elementor-element elementor-element-9de90fd e-con-full e-flex e-con e-child\" data-id=\"9de90fd\" data-element_type=\"container\" data-settings=\"{&quot;background_background&quot;:&quot;classic&quot;}\">\n\t\t\t\t<\/div>\n\t\t<div class=\"elementor-element elementor-element-2c9390a e-con-full e-flex e-con e-child\" data-id=\"2c9390a\" data-element_type=\"container\">\n\t\t\t\t<div class=\"elementor-element elementor-element-db3b46d elementor-widget elementor-widget-heading\" data-id=\"db3b46d\" data-element_type=\"widget\" data-widget_type=\"heading.default\">\n\t\t\t\t\t<h3 class=\"elementor-heading-title elementor-size-default\">Easy Drape UD<\/h3>\t\t\t\t<\/div>\n\t\t\t\t<div class=\"elementor-element elementor-element-d5e5964 elementor-widget elementor-widget-text-editor\" data-id=\"d5e5964\" data-element_type=\"widget\" data-widget_type=\"text-editor.default\">\n\t\t\t\t\t\t\t\t\t<p class=\"translation-block\"><span class=\"NormalTextRun SCXW169155911 BCX8\">Unidirektionales Glasfasergelege mit nahezu wellenfreier Drapierung<\/span>. Speziell entwickelt f\u00fcr Rotorbl\u00e4tter.<\/p><p class=\"translation-block\"><strong><br \/><\/strong><a href=\"https:\/\/www.saertex.com\/produkte\/textile-verstaerkungen\/unidirektionale-gelege\/easy-drape-ud\/\">Zum Produkt <i class=\"fas fa-arrow-right\"><\/i><\/a><\/p>\t\t\t\t\t\t\t\t<\/div>\n\t\t\t\t<\/div>\n\t\t\t\t<\/div>\n\t\t<div class=\"elementor-element elementor-element-ac49ad4 e-con-full e-flex e-con e-child\" data-id=\"ac49ad4\" data-element_type=\"container\" data-settings=\"{&quot;background_background&quot;:&quot;classic&quot;}\">\n\t\t<div class=\"elementor-element elementor-element-6b064c2 e-con-full e-flex e-con e-child\" data-id=\"6b064c2\" data-element_type=\"container\" data-settings=\"{&quot;background_background&quot;:&quot;classic&quot;}\">\n\t\t\t\t<\/div>\n\t\t<div class=\"elementor-element elementor-element-6f9e0d5 e-con-full e-flex e-con e-child\" data-id=\"6f9e0d5\" data-element_type=\"container\">\n\t\t\t\t<div class=\"elementor-element elementor-element-0cbdce1 elementor-widget elementor-widget-heading\" data-id=\"0cbdce1\" data-element_type=\"widget\" data-widget_type=\"heading.default\">\n\t\t\t\t\t<h3 class=\"elementor-heading-title elementor-size-default\">Magic Flow UD<\/h3>\t\t\t\t<\/div>\n\t\t\t\t<div class=\"elementor-element elementor-element-d3aa3d6 elementor-widget elementor-widget-text-editor\" data-id=\"d3aa3d6\" data-element_type=\"widget\" data-widget_type=\"text-editor.default\">\n\t\t\t\t\t\t\t\t\t<p class=\"translation-block\"><span class=\"TextRun SCXW246405763 BCX8\" lang=\"DE-DE\" xml:lang=\"DE-DE\" data-contrast=\"auto\"><span class=\"NormalTextRun SCXW246405763 BCX8\">Unidirektionales Carbonfaser Gelege mit maximaler Harzflie\u00dfgeschwindigkeit \u2013 f\u00fcr Bauteildicken bis zu 140<\/span><\/span><span class=\"TextRun SCXW246405763 BCX8\" lang=\"DE-DE\" xml:lang=\"DE-DE\" data-contrast=\"auto\"><span class=\"NormalTextRun SCXW246405763 BCX8\">\u202f<\/span><\/span><span class=\"TextRun SCXW246405763 BCX8\" lang=\"DE-DE\" xml:lang=\"DE-DE\" data-contrast=\"auto\"><span class=\"NormalTextRun SCXW246405763 BCX8\">mm.<\/span><\/span><\/p><p class=\"translation-block\"><strong><br \/><\/strong><a href=\"https:\/\/www.saertex.com\/produkte\/textile-verstaerkungen\/unidirektionale-gelege\/magic-flow-ud\/\">Zum Produkt <i class=\"fas fa-arrow-right\"><\/i><\/a><\/p>\t\t\t\t\t\t\t\t<\/div>\n\t\t\t\t<\/div>\n\t\t\t\t<\/div>\n\t\t<div class=\"elementor-element elementor-element-e11eaa7 e-con-full e-flex e-con e-child\" data-id=\"e11eaa7\" data-element_type=\"container\" data-settings=\"{&quot;background_background&quot;:&quot;classic&quot;}\">\n\t\t<div class=\"elementor-element elementor-element-caf83df e-con-full e-flex e-con e-child\" data-id=\"caf83df\" data-element_type=\"container\" data-settings=\"{&quot;background_background&quot;:&quot;classic&quot;}\">\n\t\t\t\t<\/div>\n\t\t<div class=\"elementor-element elementor-element-e22a539 e-con-full e-flex e-con e-child\" data-id=\"e22a539\" data-element_type=\"container\">\n\t\t\t\t<div class=\"elementor-element elementor-element-76e39eb elementor-widget elementor-widget-heading\" data-id=\"76e39eb\" data-element_type=\"widget\" data-widget_type=\"heading.default\">\n\t\t\t\t\t<h3 class=\"elementor-heading-title elementor-size-default\">Steady Plus UD<\/h3>\t\t\t\t<\/div>\n\t\t\t\t<div class=\"elementor-element elementor-element-ac77547 elementor-widget elementor-widget-text-editor\" data-id=\"ac77547\" data-element_type=\"widget\" data-widget_type=\"text-editor.default\">\n\t\t\t\t\t\t\t\t\t<p class=\"translation-block\"><span class=\"NormalTextRun SCXW210102250 BCX8\">Flie\u00dfoptimiertes Carbon-UD mit sehr guter <\/span><span class=\"NormalTextRun SpellingErrorV2Themed SCXW210102250 BCX8\">Drapierbarkeit<\/span><span class=\"NormalTextRun SCXW210102250 BCX8\">. Geeignet f\u00fcr komplexe Bauteilgeometrien \u2013 <\/span><span class=\"NormalTextRun SCXW210102250 BCX8\">ideal <\/span><span class=\"NormalTextRun SCXW210102250 BCX8\">auch als Tape einsetzbar.<\/span><\/p><p class=\"translation-block\"><strong><br \/><\/strong><a href=\"https:\/\/www.saertex.com\/produkte\/textile-verstaerkungen\/unidirektionale-gelege\/steady-plus-ud\/\">Zum Produkt <i class=\"fas fa-arrow-right\"><\/i><\/a><\/p>\t\t\t\t\t\t\t\t<\/div>\n\t\t\t\t<\/div>\n\t\t\t\t<\/div>\n\t\t<div class=\"elementor-element elementor-element-e0f76f1 e-con-full e-flex e-con e-child\" data-id=\"e0f76f1\" data-element_type=\"container\" data-settings=\"{&quot;background_background&quot;:&quot;classic&quot;}\">\n\t\t<div class=\"elementor-element elementor-element-69a033e e-con-full e-flex e-con e-child\" data-id=\"69a033e\" data-element_type=\"container\" data-settings=\"{&quot;background_background&quot;:&quot;classic&quot;}\">\n\t\t\t\t<\/div>\n\t\t<div class=\"elementor-element elementor-element-e81a307 e-con-full e-flex e-con e-child\" data-id=\"e81a307\" data-element_type=\"container\">\n\t\t\t\t<div class=\"elementor-element elementor-element-34e4671 elementor-widget elementor-widget-heading\" data-id=\"34e4671\" data-element_type=\"widget\" data-widget_type=\"heading.default\">\n\t\t\t\t\t<h3 class=\"elementor-heading-title elementor-size-default\">Carbon Mini Tapes<\/h3>\t\t\t\t<\/div>\n\t\t\t\t<div class=\"elementor-element elementor-element-94ce569 elementor-widget elementor-widget-text-editor\" data-id=\"94ce569\" data-element_type=\"widget\" data-widget_type=\"text-editor.default\">\n\t\t\t\t\t\t\t\t\t<p class=\"translation-block\"><span class=\"NormalTextRun SCXW267959594 BCX8\">H\u00f6chste Pr\u00e4zision f\u00fcr Anwendungen mit engen Toleranzen<\/span><span class=\"NormalTextRun SCXW267959594 BCX8\">. Ideal f\u00fcr automatisierte Fertigungsprozesse wie<\/span><span class=\"NormalTextRun SCXW267959594 BCX8\"> dem<\/span><span class=\"NormalTextRun SCXW267959594 BCX8\"> Fiber Placement.<\/span><\/p><p class=\"translation-block\"><span class=\"NormalTextRun SCXW267959594 BCX8\">\u00a0<\/span><\/p><p class=\"translation-block\"><a href=\"https:\/\/www.saertex.com\/produkte\/textile-verstaerkungen\/unidirektionale-gelege\/carbon-mini-tapes\/\">Zum Produkt <i class=\"fas fa-arrow-right\"><\/i><\/a><\/p>\t\t\t\t\t\t\t\t<\/div>\n\t\t\t\t<\/div>\n\t\t\t\t<\/div>\n\t\t\t\t<\/div>\n\t\t\t\t<\/div>\n\t\t\t\t\t<\/div>\n\t\t\t\t<\/div>\n\t\t\t\t<\/div>\n\t\t","protected":false},"excerpt":{"rendered":"<p>Anwendungsspezifische Gelege Optimierte Produktl\u00f6sungen Unsere Standardprodukte decken bereits viele Anwendungen ab. Doch einige Projekte verlangen L\u00f6sungen, die genau auf eine bestimmte Branche oder einen Prozess abgestimmt sind. Daf\u00fcr entwickeln wir auch anwendungsspezifische Gelege, die in Aufbau, Faserarchitektur und Materialkombinationen pr\u00e4zise auf diese Anforderungen abgestimmt sind.\u00a0 H\u00e4ufig gestellte Fragen Pr\u00e4zise. Flexibel. Termintreu. Wenn es um multiaxiale [&hellip;]<\/p>\n","protected":false},"author":1,"featured_media":0,"parent":16145,"menu_order":2,"comment_status":"closed","ping_status":"closed","template":"","meta":{"_acf_changed":false,"content-type":"","footnotes":""},"categories":[],"tags":[],"competences":[],"products":[],"class_list":["post-32767","page","type-page","status-publish","hentry"],"acf":[],"_links":{"self":[{"href":"https:\/\/www.saertex.com\/us\/wp-json\/wp\/v2\/pages\/32767","targetHints":{"allow":["GET"]}}],"collection":[{"href":"https:\/\/www.saertex.com\/us\/wp-json\/wp\/v2\/pages"}],"about":[{"href":"https:\/\/www.saertex.com\/us\/wp-json\/wp\/v2\/types\/page"}],"author":[{"embeddable":true,"href":"https:\/\/www.saertex.com\/us\/wp-json\/wp\/v2\/users\/1"}],"replies":[{"embeddable":true,"href":"https:\/\/www.saertex.com\/us\/wp-json\/wp\/v2\/comments?post=32767"}],"version-history":[{"count":0,"href":"https:\/\/www.saertex.com\/us\/wp-json\/wp\/v2\/pages\/32767\/revisions"}],"up":[{"embeddable":true,"href":"https:\/\/www.saertex.com\/us\/wp-json\/wp\/v2\/pages\/16145"}],"wp:attachment":[{"href":"https:\/\/www.saertex.com\/us\/wp-json\/wp\/v2\/media?parent=32767"}],"wp:term":[{"taxonomy":"category","embeddable":true,"href":"https:\/\/www.saertex.com\/us\/wp-json\/wp\/v2\/categories?post=32767"},{"taxonomy":"post_tag","embeddable":true,"href":"https:\/\/www.saertex.com\/us\/wp-json\/wp\/v2\/tags?post=32767"},{"taxonomy":"competences","embeddable":true,"href":"https:\/\/www.saertex.com\/us\/wp-json\/wp\/v2\/competences?post=32767"},{"taxonomy":"products","embeddable":true,"href":"https:\/\/www.saertex.com\/us\/wp-json\/wp\/v2\/products?post=32767"}],"curies":[{"name":"wp","href":"https:\/\/api.w.org\/{rel}","templated":true}]}}