{"id":32674,"date":"2025-11-06T09:35:54","date_gmt":"2025-11-06T08:35:26","guid":{"rendered":"https:\/\/www.saertex.com\/?page_id=32674"},"modified":"2026-02-10T17:11:30","modified_gmt":"2026-02-10T16:11:30","slug":"corporate-governance","status":"publish","type":"page","link":"https:\/\/www.saertex.com\/us\/unternehmen\/unternehmensfuehrung\/","title":{"rendered":"Corporate Governance"},"content":{"rendered":"<div data-elementor-type=\"wp-page\" data-elementor-id=\"32674\" class=\"elementor elementor-32674\" data-elementor-post-type=\"page\">\n\t\t\t\t<div class=\"elementor-element elementor-element-1a74d780 e-flex e-con-boxed e-con e-parent\" data-id=\"1a74d780\" data-element_type=\"container\" data-settings=\"{&quot;background_background&quot;:&quot;classic&quot;}\">\n\t\t\t\t\t<div class=\"e-con-inner\">\n\t\t<div class=\"elementor-element elementor-element-393dd6b0 e-con-full e-flex elementor-invisible e-con e-child\" data-id=\"393dd6b0\" data-element_type=\"container\" data-settings=\"{&quot;animation&quot;:&quot;fadeIn&quot;}\">\n\t\t\t\t<div class=\"elementor-element elementor-element-4ebba83a elementor-widget elementor-widget-heading\" data-id=\"4ebba83a\" data-element_type=\"widget\" data-widget_type=\"heading.default\">\n\t\t\t\t\t<h1 class=\"elementor-heading-title elementor-size-default\">Corporate governance<\/h1>\t\t\t\t<\/div>\n\t\t\t\t<\/div>\n\t\t\t\t\t<\/div>\n\t\t\t\t<\/div>\n\t\t<div class=\"elementor-element elementor-element-7c2c053 e-flex e-con-boxed e-con e-parent\" data-id=\"7c2c053\" data-element_type=\"container\" data-settings=\"{&quot;background_background&quot;:&quot;classic&quot;}\">\n\t\t\t\t\t<div class=\"e-con-inner\">\n\t\t<div class=\"elementor-element elementor-element-4bcf657 e-con-full e-flex elementor-invisible e-con e-child\" data-id=\"4bcf657\" data-element_type=\"container\" data-settings=\"{&quot;animation&quot;:&quot;fadeInLeft&quot;}\">\n\t\t\t\t<div class=\"elementor-element elementor-element-8a2a777 title-color-1 elementor-widget elementor-widget-heading\" data-id=\"8a2a777\" data-element_type=\"widget\" data-widget_type=\"heading.default\">\n\t\t\t\t\t<h2 class=\"elementor-heading-title elementor-size-default\">A FAMILY BUSINESS WITH TRADITION<\/h2>\t\t\t\t<\/div>\n\t\t\t\t<div class=\"elementor-element elementor-element-381503f elementor-widget elementor-widget-text-editor\" data-id=\"381503f\" data-element_type=\"widget\" data-widget_type=\"text-editor.default\">\n\t\t\t\t\t\t\t\t\t<p data-start=\"201\" data-end=\"497\" class=\"translation-block\">SAERTEX is an independent family business that has been characterized by a long-term, responsible ownership structure since its foundation in 1982. The family of shareholders stands for entrepreneurial continuity, sustainable growth, and a clear vision for the future of the company.<\/p><p data-start=\"499\" data-end=\"892\" class=\"translation-block\">With their strong commitment, their loyalty to the company, and their trust in the employees, they create the framework in which SAERTEX can continue to develop successfully worldwide. The close exchange between owners and management forms an important basis for strategic decisions and a future-oriented direction of the company.<\/p>\t\t\t\t\t\t\t\t<\/div>\n\t\t\t\t<div class=\"elementor-element elementor-element-97271e7 elementor-widget elementor-widget-button\" data-id=\"97271e7\" data-element_type=\"widget\" data-widget_type=\"button.default\">\n\t\t\t\t\t\t\t\t\t\t<a class=\"elementor-button elementor-button-link elementor-size-sm\" href=\"https:\/\/www.saertex.com\/us\/company\/\">\n\t\t\t\t\t\t<span class=\"elementor-button-content-wrapper\">\n\t\t\t\t\t\t<span class=\"elementor-button-icon\">\n\t\t\t\t<i aria-hidden=\"true\" class=\"fas fa-long-arrow-alt-right\"><\/i>\t\t\t<\/span>\n\t\t\t\t\t\t\t\t\t<span class=\"elementor-button-text\">our history<\/span>\n\t\t\t\t\t<\/span>\n\t\t\t\t\t<\/a>\n\t\t\t\t\t\t\t\t<\/div>\n\t\t\t\t<\/div>\n\t\t<div class=\"elementor-element elementor-element-87dfd66 e-con-full e-flex elementor-invisible e-con e-child\" data-id=\"87dfd66\" data-element_type=\"container\" data-settings=\"{&quot;animation&quot;:&quot;fadeInRight&quot;}\">\n\t\t\t\t<div class=\"elementor-element elementor-element-0de06d6 elementor-widget elementor-widget-image\" data-id=\"0de06d6\" data-element_type=\"widget\" data-widget_type=\"image.default\">\n\t\t\t\t\t\t\t\t\t\t\t\t\t\t\t<img fetchpriority=\"high\" decoding=\"async\" width=\"800\" height=\"427\" src=\"https:\/\/www.saertex.com\/wp-content\/uploads\/2025\/12\/saertex_gf_gruppen-14-1024x546.jpg\" class=\"attachment-large size-large wp-image-33825\" alt=\"Person in a suit standing outdoors\" srcset=\"https:\/\/www.saertex.com\/wp-content\/uploads\/2025\/12\/saertex_gf_gruppen-14-1024x546.jpg 1024w, https:\/\/www.saertex.com\/wp-content\/uploads\/2025\/12\/saertex_gf_gruppen-14-300x160.jpg 300w, https:\/\/www.saertex.com\/wp-content\/uploads\/2025\/12\/saertex_gf_gruppen-14-150x80.jpg 150w, https:\/\/www.saertex.com\/wp-content\/uploads\/2025\/12\/saertex_gf_gruppen-14-768x410.jpg 768w, https:\/\/www.saertex.com\/wp-content\/uploads\/2025\/12\/saertex_gf_gruppen-14-1536x819.jpg 1536w, https:\/\/www.saertex.com\/wp-content\/uploads\/2025\/12\/saertex_gf_gruppen-14-18x10.jpg 18w, https:\/\/www.saertex.com\/wp-content\/uploads\/2025\/12\/saertex_gf_gruppen-14.jpg 1920w\" sizes=\"(max-width: 800px) 100vw, 800px\" \/>\t\t\t\t\t\t\t\t\t\t\t\t\t\t\t<\/div>\n\t\t\t\t<\/div>\n\t\t\t\t\t<\/div>\n\t\t\t\t<\/div>\n\t\t<div class=\"elementor-element elementor-element-4c9ccf50 e-flex e-con-boxed e-con e-parent\" data-id=\"4c9ccf50\" data-element_type=\"container\" data-settings=\"{&quot;background_background&quot;:&quot;classic&quot;}\">\n\t\t\t\t\t<div class=\"e-con-inner\">\n\t\t<div class=\"elementor-element elementor-element-37896181 e-con-full e-flex elementor-invisible e-con e-child\" data-id=\"37896181\" data-element_type=\"container\" data-settings=\"{&quot;animation&quot;:&quot;fadeInRight&quot;}\">\n\t\t\t\t<div class=\"elementor-element elementor-element-6b6af18 elementor-widget elementor-widget-image\" data-id=\"6b6af18\" data-element_type=\"widget\" data-widget_type=\"image.default\">\n\t\t\t\t\t\t\t\t\t\t\t\t\t\t\t<img decoding=\"async\" width=\"800\" height=\"534\" src=\"https:\/\/www.saertex.com\/wp-content\/uploads\/2025\/12\/DSC0776-Verbessert-RR-1024x683.jpg\" class=\"attachment-large size-large wp-image-34432\" alt=\"Three men in suits are standing in a modern office.\" srcset=\"https:\/\/www.saertex.com\/wp-content\/uploads\/2025\/12\/DSC0776-Verbessert-RR-1024x683.jpg 1024w, https:\/\/www.saertex.com\/wp-content\/uploads\/2025\/12\/DSC0776-Verbessert-RR-300x200.jpg 300w, https:\/\/www.saertex.com\/wp-content\/uploads\/2025\/12\/DSC0776-Verbessert-RR-150x100.jpg 150w, https:\/\/www.saertex.com\/wp-content\/uploads\/2025\/12\/DSC0776-Verbessert-RR-768x512.jpg 768w, https:\/\/www.saertex.com\/wp-content\/uploads\/2025\/12\/DSC0776-Verbessert-RR-1536x1024.jpg 1536w, https:\/\/www.saertex.com\/wp-content\/uploads\/2025\/12\/DSC0776-Verbessert-RR-18x12.jpg 18w, https:\/\/www.saertex.com\/wp-content\/uploads\/2025\/12\/DSC0776-Verbessert-RR.jpg 1920w\" sizes=\"(max-width: 800px) 100vw, 800px\" \/>\t\t\t\t\t\t\t\t\t\t\t\t\t\t\t<\/div>\n\t\t\t\t<\/div>\n\t\t<div class=\"elementor-element elementor-element-45608c7 e-con-full e-flex elementor-invisible e-con e-child\" data-id=\"45608c7\" data-element_type=\"container\" data-settings=\"{&quot;animation&quot;:&quot;fadeInLeft&quot;}\">\n\t\t\t\t<div class=\"elementor-element elementor-element-7b2758e8 title-color-1 elementor-widget elementor-widget-heading\" data-id=\"7b2758e8\" data-element_type=\"widget\" data-widget_type=\"heading.default\">\n\t\t\t\t\t<h2 class=\"elementor-heading-title elementor-size-default\">Strategic leadership for sustainable success<\/h2>\t\t\t\t<\/div>\n\t\t\t\t<div class=\"elementor-element elementor-element-7e988934 elementor-widget elementor-widget-text-editor\" data-id=\"7e988934\" data-element_type=\"widget\" data-widget_type=\"text-editor.default\">\n\t\t\t\t\t\t\t\t\t<p class=\"translation-block\">The management team at SAERTEX is characterized by its innovative strength, strategic foresight, and customer focus &mdash; and by its ability to create solutions that advance our customers and their markets.<\/p><p class=\"translation-block\">Our management team combines diverse professional backgrounds and international experience in technology, production, sales, and corporate development. Each manager contributes their own expertise &mdash; from in-depth knowledge of high-performance fiber composites to strategic market and customer orientation. Their diversity of perspectives forms the basis for sustainable growth and entrepreneurial success.<\/p><p class=\"translation-block\">Together, they are committed to transparent cooperation and the goal of further developing SAERTEX as a global innovation partner.<\/p>\t\t\t\t\t\t\t\t<\/div>\n\t\t\t\t<\/div>\n\t\t\t\t\t<\/div>\n\t\t\t\t<\/div>\n\t\t<div class=\"elementor-element elementor-element-fa3e896 e-flex e-con-boxed e-con e-parent\" data-id=\"fa3e896\" data-element_type=\"container\" data-settings=\"{&quot;background_background&quot;:&quot;classic&quot;}\">\n\t\t\t\t\t<div class=\"e-con-inner\">\n\t\t<div class=\"elementor-element elementor-element-6ba85dec e-con-full e-flex elementor-invisible e-con e-child\" data-id=\"6ba85dec\" data-element_type=\"container\" data-settings=\"{&quot;animation&quot;:&quot;fadeInLeft&quot;}\">\n\t\t\t\t<div class=\"elementor-element elementor-element-353dc91b elementor-widget elementor-widget-image\" data-id=\"353dc91b\" data-element_type=\"widget\" data-widget_type=\"image.default\">\n\t\t\t\t\t\t\t\t\t\t\t\t\t\t\t<img decoding=\"async\" width=\"800\" height=\"534\" src=\"https:\/\/www.saertex.com\/wp-content\/uploads\/2025\/12\/DSC0951-Verbessert-RR-1024x683.jpg\" class=\"attachment-large size-large wp-image-34437\" alt=\"Man standing in a modern office\" srcset=\"https:\/\/www.saertex.com\/wp-content\/uploads\/2025\/12\/DSC0951-Verbessert-RR-1024x683.jpg 1024w, https:\/\/www.saertex.com\/wp-content\/uploads\/2025\/12\/DSC0951-Verbessert-RR-300x200.jpg 300w, https:\/\/www.saertex.com\/wp-content\/uploads\/2025\/12\/DSC0951-Verbessert-RR-150x100.jpg 150w, https:\/\/www.saertex.com\/wp-content\/uploads\/2025\/12\/DSC0951-Verbessert-RR-768x512.jpg 768w, https:\/\/www.saertex.com\/wp-content\/uploads\/2025\/12\/DSC0951-Verbessert-RR-1536x1024.jpg 1536w, https:\/\/www.saertex.com\/wp-content\/uploads\/2025\/12\/DSC0951-Verbessert-RR-18x12.jpg 18w, https:\/\/www.saertex.com\/wp-content\/uploads\/2025\/12\/DSC0951-Verbessert-RR.jpg 1920w\" sizes=\"(max-width: 800px) 100vw, 800px\" \/>\t\t\t\t\t\t\t\t\t\t\t\t\t\t\t<\/div>\n\t\t\t\t<\/div>\n\t\t<div class=\"elementor-element elementor-element-5f972751 e-con-full e-flex elementor-invisible e-con e-child\" data-id=\"5f972751\" data-element_type=\"container\" data-settings=\"{&quot;animation&quot;:&quot;fadeInRight&quot;}\">\n\t\t\t\t<div class=\"elementor-element elementor-element-7374bb2b elementor-widget elementor-widget-heading\" data-id=\"7374bb2b\" data-element_type=\"widget\" data-widget_type=\"heading.default\">\n\t\t\t\t\t<h2 class=\"elementor-heading-title elementor-size-default\">Christian Beckmann<\/h2>\t\t\t\t<\/div>\n\t\t\t\t<div class=\"elementor-element elementor-element-292ec5b7 elementor-widget elementor-widget-text-editor\" data-id=\"292ec5b7\" data-element_type=\"widget\" data-widget_type=\"text-editor.default\">\n\t\t\t\t\t\t\t\t\t<p class=\"translation-block\">As CEO, Christian Beckmann is responsible for the strategic development of S\u2060A\u2060E\u2060R\u2060T\u2060E\u2060X\u2060 with a clear focus on sales, marketing, global market development, portfolio management, and the development of new business areas.<\/p><p class=\"translation-block\">He stands for an open, future-oriented management culture and is driving forward the company's positioning as a global partner for composite solutions.<\/p><p class=\"translation-block\">With his many years of international experience in corporate management, marketing and sales, the development of innovative products and business models, M&amp;A, digitalization, and sustainability, his role focuses on future-oriented corporate development.<\/p>\t\t\t\t\t\t\t\t<\/div>\n\t\t\t\t<\/div>\n\t\t\t\t\t<\/div>\n\t\t\t\t<\/div>\n\t\t<div class=\"elementor-element elementor-element-e60e7a6 e-flex e-con-boxed e-con e-parent\" data-id=\"e60e7a6\" data-element_type=\"container\" data-settings=\"{&quot;background_background&quot;:&quot;classic&quot;}\">\n\t\t\t\t\t<div class=\"e-con-inner\">\n\t\t<div class=\"elementor-element elementor-element-f8b3806 e-con-full e-flex elementor-invisible e-con e-child\" data-id=\"f8b3806\" data-element_type=\"container\" data-settings=\"{&quot;animation&quot;:&quot;fadeInLeft&quot;}\">\n\t\t\t\t<div class=\"elementor-element elementor-element-5f04a48 title-color-1 elementor-widget elementor-widget-heading\" data-id=\"5f04a48\" data-element_type=\"widget\" data-widget_type=\"heading.default\">\n\t\t\t\t\t<h2 class=\"elementor-heading-title elementor-size-default\">Roland Nowicki<\/h2>\t\t\t\t<\/div>\n\t\t\t\t<div class=\"elementor-element elementor-element-cab294d elementor-widget elementor-widget-text-editor\" data-id=\"cab294d\" data-element_type=\"widget\" data-widget_type=\"text-editor.default\">\n\t\t\t\t\t\t\t\t\t<p class=\"translation-block\">As CEO, Roland Nowicki is responsible for the strategic planning and direction of SAERTEX, as well as the development of efficient organizational structures and global teams in key operational and functional areas.<\/p><p class=\"translation-block\">He stands for an open and communicative corporate culture and long-term strategic corporate management.<\/p><p class=\"translation-block\">With his many years of international experience in strategy, restructuring, and marketing &amp; sales, he focuses strongly on strategy development and strengthening the financial and earning power of the SAERTEX Group, in conjunction with developing high-quality and innovative partnerships with suppliers and various players in the composites sector.<\/p>\t\t\t\t\t\t\t\t<\/div>\n\t\t\t\t<\/div>\n\t\t<div class=\"elementor-element elementor-element-4dec5c2 e-con-full e-flex elementor-invisible e-con e-child\" data-id=\"4dec5c2\" data-element_type=\"container\" data-settings=\"{&quot;animation&quot;:&quot;fadeInRight&quot;}\">\n\t\t\t\t<div class=\"elementor-element elementor-element-4aecc92 elementor-widget elementor-widget-image\" data-id=\"4aecc92\" data-element_type=\"widget\" data-widget_type=\"image.default\">\n\t\t\t\t\t\t\t\t\t\t\t\t\t\t\t<img loading=\"lazy\" decoding=\"async\" width=\"800\" height=\"534\" src=\"https:\/\/www.saertex.com\/wp-content\/uploads\/2025\/12\/DSC0978-Verbessert-RR-1024x683.jpg\" class=\"attachment-large size-large wp-image-34441\" alt=\"A man in a suit is standing in a modern office.\" srcset=\"https:\/\/www.saertex.com\/wp-content\/uploads\/2025\/12\/DSC0978-Verbessert-RR-1024x683.jpg 1024w, https:\/\/www.saertex.com\/wp-content\/uploads\/2025\/12\/DSC0978-Verbessert-RR-300x200.jpg 300w, https:\/\/www.saertex.com\/wp-content\/uploads\/2025\/12\/DSC0978-Verbessert-RR-150x100.jpg 150w, https:\/\/www.saertex.com\/wp-content\/uploads\/2025\/12\/DSC0978-Verbessert-RR-768x512.jpg 768w, https:\/\/www.saertex.com\/wp-content\/uploads\/2025\/12\/DSC0978-Verbessert-RR-1536x1024.jpg 1536w, https:\/\/www.saertex.com\/wp-content\/uploads\/2025\/12\/DSC0978-Verbessert-RR-18x12.jpg 18w, https:\/\/www.saertex.com\/wp-content\/uploads\/2025\/12\/DSC0978-Verbessert-RR.jpg 1920w\" sizes=\"(max-width: 800px) 100vw, 800px\" \/>\t\t\t\t\t\t\t\t\t\t\t\t\t\t\t<\/div>\n\t\t\t\t<\/div>\n\t\t\t\t\t<\/div>\n\t\t\t\t<\/div>\n\t\t<div class=\"elementor-element elementor-element-6f1b7b0 e-flex e-con-boxed e-con e-parent\" data-id=\"6f1b7b0\" data-element_type=\"container\" data-settings=\"{&quot;background_background&quot;:&quot;classic&quot;}\">\n\t\t\t\t\t<div class=\"e-con-inner\">\n\t\t<div class=\"elementor-element elementor-element-91e60a0 e-con-full e-flex elementor-invisible e-con e-child\" data-id=\"91e60a0\" data-element_type=\"container\" data-settings=\"{&quot;animation&quot;:&quot;fadeInLeft&quot;}\">\n\t\t\t\t<div class=\"elementor-element elementor-element-2f60eda elementor-widget elementor-widget-image\" data-id=\"2f60eda\" data-element_type=\"widget\" data-widget_type=\"image.default\">\n\t\t\t\t\t\t\t\t\t\t\t\t\t\t\t<img loading=\"lazy\" decoding=\"async\" width=\"800\" height=\"534\" src=\"https:\/\/www.saertex.com\/wp-content\/uploads\/2025\/12\/DSC0918-Verbessert-RR-1024x683.jpg\" class=\"attachment-large size-large wp-image-34442\" alt=\"Man in suit leaning against a wall\" srcset=\"https:\/\/www.saertex.com\/wp-content\/uploads\/2025\/12\/DSC0918-Verbessert-RR-1024x683.jpg 1024w, https:\/\/www.saertex.com\/wp-content\/uploads\/2025\/12\/DSC0918-Verbessert-RR-300x200.jpg 300w, https:\/\/www.saertex.com\/wp-content\/uploads\/2025\/12\/DSC0918-Verbessert-RR-150x100.jpg 150w, https:\/\/www.saertex.com\/wp-content\/uploads\/2025\/12\/DSC0918-Verbessert-RR-768x512.jpg 768w, https:\/\/www.saertex.com\/wp-content\/uploads\/2025\/12\/DSC0918-Verbessert-RR-1536x1024.jpg 1536w, https:\/\/www.saertex.com\/wp-content\/uploads\/2025\/12\/DSC0918-Verbessert-RR-18x12.jpg 18w, https:\/\/www.saertex.com\/wp-content\/uploads\/2025\/12\/DSC0918-Verbessert-RR.jpg 1920w\" sizes=\"(max-width: 800px) 100vw, 800px\" \/>\t\t\t\t\t\t\t\t\t\t\t\t\t\t\t<\/div>\n\t\t\t\t<\/div>\n\t\t<div class=\"elementor-element elementor-element-2c75872 e-con-full e-flex elementor-invisible e-con e-child\" data-id=\"2c75872\" data-element_type=\"container\" data-settings=\"{&quot;animation&quot;:&quot;fadeInRight&quot;}\">\n\t\t\t\t<div class=\"elementor-element elementor-element-0595860 elementor-widget elementor-widget-heading\" data-id=\"0595860\" data-element_type=\"widget\" data-widget_type=\"heading.default\">\n\t\t\t\t\t<h2 class=\"elementor-heading-title elementor-size-default\">Dietmar M\u00f6cke<\/h2>\t\t\t\t<\/div>\n\t\t\t\t<div class=\"elementor-element elementor-element-f1a081b elementor-widget elementor-widget-text-editor\" data-id=\"f1a081b\" data-element_type=\"widget\" data-widget_type=\"text-editor.default\">\n\t\t\t\t\t\t\t\t\t<p class=\"translation-block\">As CTO, Dietmar M&ouml;cke is responsible for technological direction and innovation at SAERTEX, particularly in the field of machine technology.<\/p><p class=\"translation-block\">With his in-depth knowledge of materials and processes, he is driving forward the development of new solutions for lightweight construction applications in a wide range of segments.<\/p><p class=\"translation-block\">Dietmar combines many years of technological knowledge with practical implementation and works closely with customers, research partners, and international teams. He is responsible for special innovations within the SAERTEX Group, such as inner layer detection for quality assurance of multi-layer NCF structures, as well as the development of highly flexible manufacturing technologies.<\/p>\t\t\t\t\t\t\t\t<\/div>\n\t\t\t\t<\/div>\n\t\t\t\t\t<\/div>\n\t\t\t\t<\/div>\n\t\t<div class=\"elementor-element elementor-element-147cdc1 e-flex e-con-boxed e-con e-parent\" data-id=\"147cdc1\" data-element_type=\"container\">\n\t\t\t\t\t<div class=\"e-con-inner\">\n\t\t\t\t\t<\/div>\n\t\t\t\t<\/div>\n\t\t\t\t<\/div>","protected":false},"excerpt":{"rendered":"<p>Unternehmens&shy;f\u00fchrung EIN FAMILIENUNTERNEHMEN MIT TRADITION SAERTEX ist ein unabh\u00e4ngiges Familienunternehmen, das seit seiner Gr\u00fcndung 1982 von einer langfristigen, verantwortungsbewussten Eigent\u00fcmerstruktur gepr\u00e4gt wird. Die Gesellschafter-Familie steht f\u00fcr unternehmerische Kontinuit\u00e4t, nachhaltiges Wachstum und eine klare Vision f\u00fcr die Zukunft des Unternehmens. Mit ihrem starken Engagement, ihrer Verbundenheit zum Unternehmen und ihrem Vertrauen in die Mitarbeitenden schaffen sie [&hellip;]<\/p>\n","protected":false},"author":9,"featured_media":0,"parent":15306,"menu_order":1,"comment_status":"closed","ping_status":"closed","template":"","meta":{"_acf_changed":false,"content-type":"","footnotes":""},"categories":[],"tags":[],"competences":[],"products":[],"class_list":["post-32674","page","type-page","status-publish","hentry"],"acf":[],"_links":{"self":[{"href":"https:\/\/www.saertex.com\/us\/wp-json\/wp\/v2\/pages\/32674","targetHints":{"allow":["GET"]}}],"collection":[{"href":"https:\/\/www.saertex.com\/us\/wp-json\/wp\/v2\/pages"}],"about":[{"href":"https:\/\/www.saertex.com\/us\/wp-json\/wp\/v2\/types\/page"}],"author":[{"embeddable":true,"href":"https:\/\/www.saertex.com\/us\/wp-json\/wp\/v2\/users\/9"}],"replies":[{"embeddable":true,"href":"https:\/\/www.saertex.com\/us\/wp-json\/wp\/v2\/comments?post=32674"}],"version-history":[{"count":0,"href":"https:\/\/www.saertex.com\/us\/wp-json\/wp\/v2\/pages\/32674\/revisions"}],"up":[{"embeddable":true,"href":"https:\/\/www.saertex.com\/us\/wp-json\/wp\/v2\/pages\/15306"}],"wp:attachment":[{"href":"https:\/\/www.saertex.com\/us\/wp-json\/wp\/v2\/media?parent=32674"}],"wp:term":[{"taxonomy":"category","embeddable":true,"href":"https:\/\/www.saertex.com\/us\/wp-json\/wp\/v2\/categories?post=32674"},{"taxonomy":"post_tag","embeddable":true,"href":"https:\/\/www.saertex.com\/us\/wp-json\/wp\/v2\/tags?post=32674"},{"taxonomy":"competences","embeddable":true,"href":"https:\/\/www.saertex.com\/us\/wp-json\/wp\/v2\/competences?post=32674"},{"taxonomy":"products","embeddable":true,"href":"https:\/\/www.saertex.com\/us\/wp-json\/wp\/v2\/products?post=32674"}],"curies":[{"name":"wp","href":"https:\/\/api.w.org\/{rel}","templated":true}]}}