{"id":16199,"date":"2025-06-05T12:02:54","date_gmt":"2025-06-05T10:02:30","guid":{"rendered":"https:\/\/www.saertex.com\/standorte-vertriebspartner"},"modified":"2026-02-10T17:12:10","modified_gmt":"2026-02-10T16:12:10","slug":"locations-sales-partners","status":"publish","type":"page","link":"https:\/\/www.saertex.com\/us\/kontakt\/standorte-vertriebspartner\/","title":{"rendered":"Locations"},"content":{"rendered":"<div data-elementor-type=\"wp-page\" data-elementor-id=\"16199\" class=\"elementor elementor-16199\" data-elementor-post-type=\"page\">\n\t\t\t\t<div class=\"elementor-element elementor-element-2c43de17 e-flex e-con-boxed e-con e-parent\" data-id=\"2c43de17\" data-element_type=\"container\" data-settings=\"{&quot;background_background&quot;:&quot;classic&quot;}\">\n\t\t\t\t\t<div class=\"e-con-inner\">\n\t\t<div class=\"elementor-element elementor-element-5d0e6f9c e-con-full e-flex elementor-invisible e-con e-child\" data-id=\"5d0e6f9c\" data-element_type=\"container\" data-settings=\"{&quot;animation&quot;:&quot;fadeIn&quot;}\">\n\t\t\t\t<div class=\"elementor-element elementor-element-2c10de72 elementor-widget elementor-widget-heading\" data-id=\"2c10de72\" data-element_type=\"widget\" data-widget_type=\"heading.default\">\n\t\t\t\t\t<h1 class=\"elementor-heading-title elementor-size-default\">Our locations<\/h1>\t\t\t\t<\/div>\n\t\t\t\t<\/div>\n\t\t\t\t\t<\/div>\n\t\t\t\t<\/div>\n\t\t<div class=\"elementor-element elementor-element-130a4ac e-flex e-con-boxed e-con e-parent\" data-id=\"130a4ac\" data-element_type=\"container\" data-settings=\"{&quot;background_background&quot;:&quot;classic&quot;}\">\n\t\t\t\t\t<div class=\"e-con-inner\">\n\t\t<div class=\"elementor-element elementor-element-71004292 e-con-full e-flex elementor-invisible e-con e-child\" data-id=\"71004292\" data-element_type=\"container\" data-settings=\"{&quot;animation&quot;:&quot;fadeInLeft&quot;}\">\n\t\t\t\t<div class=\"elementor-element elementor-element-1cb49540 elementor-widget elementor-widget-heading\" data-id=\"1cb49540\" data-element_type=\"widget\" data-widget_type=\"heading.default\">\n\t\t\t\t\t<h2 class=\"elementor-heading-title elementor-size-default\">committed to you worldwide<\/h2>\t\t\t\t<\/div>\n\t\t\t\t<div class=\"elementor-element elementor-element-4293644c elementor-widget elementor-widget-text-editor\" data-id=\"4293644c\" data-element_type=\"widget\" data-widget_type=\"text-editor.default\">\n\t\t\t\t\t\t\t\t\t<p class=\"translation-block\"><div>We are a family business with a global presence, because being close to our customers is important to us.<\/div>\n<div>We support our partners locally and want to be on site when it matters most.<\/div>\nThis is why we have a global engineering and production presence and offer a service network in over 50 countries around the world.\u00a0<\/p>\t\t\t\t\t\t\t\t<\/div>\n\t\t\t\t<div class=\"elementor-element elementor-element-5d6e9e8 elementor-widget elementor-widget-button\" data-id=\"5d6e9e8\" data-element_type=\"widget\" data-widget_type=\"button.default\">\n\t\t\t\t\t\t\t\t\t\t<a class=\"elementor-button elementor-button-link elementor-size-sm\" href=\"#footer-contact\">\n\t\t\t\t\t\t<span class=\"elementor-button-content-wrapper\">\n\t\t\t\t\t\t<span class=\"elementor-button-icon\">\n\t\t\t\t<i aria-hidden=\"true\" class=\"fas fa-user-friends\"><\/i>\t\t\t<\/span>\n\t\t\t\t\t\t\t\t\t<span class=\"elementor-button-text\">Looking for a contact person? <\/span>\n\t\t\t\t\t<\/span>\n\t\t\t\t\t<\/a>\n\t\t\t\t\t\t\t\t<\/div>\n\t\t\t\t<div class=\"elementor-element elementor-element-0fd93e1 elementor-widget elementor-widget-html\" data-id=\"0fd93e1\" data-element_type=\"widget\" data-widget_type=\"html.default\">\n\t\t\t\t\t <div class=\"brlbs-cmpnt-container brlbs-cmpnt-content-blocker\" data-borlabs-cookie-content-blocker-id=\"open-street-map\" data-borlabs-cookie-content=\"CQkJCTwvZGl2PgoJCQkJPGRpdiBjbGFzcz0iZWxlbWVudG9yLWVsZW1lbnQgZWxlbWVudG9yLWVsZW1lbnQtZjhiOGRjMCBlbGVtZW50b3Itd2lkZ2V0IGVsZW1lbnRvci13aWRnZXQtbHdkX2VsZW1lbnRvcl9tYXBzIiBkYXRhLWlkPSJmOGI4ZGMwIiBkYXRhLWVsZW1lbnRfdHlwZT0id2lkZ2V0IiBkYXRhLXdpZGdldF90eXBlPSJsd2RfZWxlbWVudG9yX21hcHMuZGVmYXVsdCI+CgkJCQk8ZGl2IGNsYXNzPSJlbGVtZW50b3Itd2lkZ2V0LWNvbnRhaW5lciI+CgkJCQkJCQk8ZGl2IGlkPSJsd2QtbWFwcy1mOGI4ZGMwIg0KCQkJIGNsYXNzPSJsd2QtbWFwcy13cmFwIg0KCQkJIHN0eWxlPSItLWx3ZC1oZWlnaHQ6IDcwMHB4OyINCgkJCSBkYXRhLXN0eWxlPSJtYXBib3g6Ly9zdHlsZXMvbWFwYm94L2xpZ2h0LXYxMSINCgkJCSBkYXRhLWNlbnRlcj0iNyw1MiINCgkJCSBkYXRhLXpvb209IjYiDQoJCQkgZGF0YS1oaWdobGlnaHQ9IjAiDQoJCQkgZGF0YS1hY3RpdmU9IjEiDQoJCQkgZGF0YS1wb3N0LXR5cGU9Imx3ZF9sb2NhdGlvbiINCgkJCSBkYXRhLWNhdGVnb3JpZXM9InNhZXJ0ZXgtcHJvZHVrdGlvbnNzdGFuZG9ydCxzYWVydGV4LW9mZmljZSINCgkJCSBkYXRhLXRva2VuPSJway5leUoxSWpvaWJHbDJaWGRsYkhRaUxDSmhJam9pWTIxbVltSXhiR1l4TURGdWRUSnBjWGR6TjJSblptOXBOU0o5LkFremJnVnVycTNFQzNTd05KZ3VRbkEiDQoJCQkgZGF0YS1yZXN0PSJodHRwczovL3d3dy5zYWVydGV4LmNvbS91cy93cC1qc29uL2x3ZC92MS9sb2NhdGlvbnMiDQoNCgkJCSBkYXRhLWNvbG9yLW1hcmtlcj0iI0ZGRTQwMCINCgkJCSBkYXRhLWNvbG9yLW1hcmtlci1zZWxlY3RlZD0iI0U2Q0QwMCINCgkJCSBkYXRhLWNvbG9yLWNsdXN0ZXI9IiNGRkZGRkYiDQoJCQkgZGF0YS1jb2xvci1jb3VudHJ5PSIjNjBBNUZBIg0KCQkJIGRhdGEtY2l0eS1sYWJlbC1jb2xvcj0iI0ZGRTQwMCINCg0KCQkJIGRhdGEtYW5pbS1mbHktc3BlZWQ9IjEiDQoJCQkgZGF0YS1hbmltLWZseS1jdXJ2ZT0iMS40MiINCgkJCSBkYXRhLWFuaW0tdWktZmFkZT0iMzAwIg0KCQkJIGRhdGEtYW5pbS1wYWludD0iMzAwIg0KCQkJID4NCgkJCTxkaXYgY2xhc3M9Imx3ZC1tYXBzLW1hcCIgYXJpYS1sYWJlbD0iTG9jYXRpb25zIE1hcCI+PC9kaXY+DQoJCQk8ZGl2IGNsYXNzPSJsd2QtbWFwcy1zaWRlYmFyIj4NCgkJCQkJCQkJCTxkaXYgY2xhc3M9Imx3ZC1tYXBzLWZpbHRlcnMiPg0KCQkJCQkJPGlucHV0IHR5cGU9InRleHQiIGNsYXNzPSJsd2QtbG9jYXRpb25zLXNlYXJjaCIgcGxhY2Vob2xkZXI9IlNlYXJjaCIgLz4NCgkJCQkJCTxzZWxlY3QgY2xhc3M9Imx3ZC1sb2NhdGlvbnMtY2F0ZWdvcnkiIGFyaWEtbGFiZWw9IkNhdGVnb3J5IGZpbHRlciI+DQoJCQkJCQkJPG9wdGlvbiB2YWx1ZT0iIj5BbGwgY2F0ZWdvcmllczwvb3B0aW9uPg0KCQkJCQkJPC9zZWxlY3Q+DQoJCQkJCQk8YnV0dG9uIHR5cGU9ImJ1dHRvbiIgY2xhc3M9Imx3ZC1sb2NhdGlvbnMtc2VhcmNoLWJ0biI+U2VhcmNoPC9idXR0b24+DQoJCQkJCTwvZGl2Pg0KCQkJCQkJCQk8ZGl2IGNsYXNzPSJsd2QtbG9jYXRpb25zLWxpc3QiIGFyaWEtbGl2ZT0icG9saXRlIj48L2Rpdj4NCgkJCQk8ZGl2IGNsYXNzPSJsd2QtbG9jYXRpb25zLWRldGFpbCIgYXJpYS1saXZlPSJwb2xpdGUiPjwvZGl2Pg0KCQkJPC9kaXY+DQoJCTwvZGl2Pg0KCQkJCQkJPC9kaXY+CgkJCQk8L2Rpdj4KCQkJCTxkaXYgY2xhc3M9ImVsZW1lbnRvci1lbGVtZW50IGVsZW1lbnRvci1lbGVtZW50LTg3NjNkNDUgZWxlbWVudG9yLXdpZGdldCBlbGVtZW50b3Itd2lkZ2V0LWh0bWwiIGRhdGEtaWQ9Ijg3NjNkNDUiIGRhdGEtZWxlbWVudF90eXBlPSJ3aWRnZXQiIGRhdGEtd2lkZ2V0X3R5cGU9Imh0bWwuZGVmYXVsdCI+CgkJCQkJ\"><div class=\"brlbs-cmpnt-cb-preset-b\"> <div class=\"brlbs-cmpnt-cb-thumbnail\" style=\"background-image: url('https:\/\/www.saertex.com\/wp-content\/uploads\/borlabs-cookie\/1\/brlbs-cb-google-maps-main.png')\"><\/div> <div class=\"brlbs-cmpnt-cb-main\"> <div class=\"brlbs-cmpnt-cb-content\"> <p class=\"brlbs-cmpnt-cb-description\">You are currently viewing a placeholder content from <strong>OpenStreetMap<\/strong>. To access the actual content, click the button below. Please note that doing so will share data with third-party providers.<\/p> <a class=\"brlbs-cmpnt-cb-provider-toggle\" href=\"#\" data-borlabs-cookie-show-provider-information role=\"button\">More Information<\/a> <\/div> <div class=\"brlbs-cmpnt-cb-buttons\"> <a class=\"brlbs-cmpnt-cb-btn\" href=\"#\" data-borlabs-cookie-unblock role=\"button\">Unblock content<\/a> <a class=\"brlbs-cmpnt-cb-btn\" href=\"#\" data-borlabs-cookie-accept-service role=\"button\" style=\"display: inherit\">Accept required service and unblock content<\/a> <\/div> <\/div> <\/div><\/div>\t\t\t\t<\/div>\n\t\t\t\t<\/div>\n\t\t\t\t\t<\/div>\n\t\t\t\t<\/div>\n\t\t<div class=\"elementor-element elementor-element-f1ee184 e-flex e-con-boxed elementor-invisible e-con e-parent\" data-id=\"f1ee184\" data-element_type=\"container\" data-settings=\"{&quot;background_background&quot;:&quot;classic&quot;,&quot;animation&quot;:&quot;fadeInUp&quot;}\">\n\t\t\t\t\t<div class=\"e-con-inner\">\n\t\t<div class=\"elementor-element elementor-element-61ae7d28 e-con-full e-flex e-con e-child\" data-id=\"61ae7d28\" data-element_type=\"container\">\n\t\t\t\t<div class=\"elementor-element elementor-element-32ee7ccf elementor-widget elementor-widget-heading\" data-id=\"32ee7ccf\" data-element_type=\"widget\" data-widget_type=\"heading.default\">\n\t\t\t\t\t<h2 class=\"elementor-heading-title elementor-size-default\">The SAERTEX Group<\/h2>\t\t\t\t<\/div>\n\t\t\t\t<div class=\"elementor-element elementor-element-7c536329 elementor-widget elementor-widget-text-editor\" data-id=\"7c536329\" data-element_type=\"widget\" data-widget_type=\"text-editor.default\">\n\t\t\t\t\t\t\t\t\t<p class=\"translation-block\">Two specialized companies, one common goal: innovation with maximum quality.<\/p>\t\t\t\t\t\t\t\t<\/div>\n\t\t\t\t<\/div>\n\t\t<div class=\"elementor-element elementor-element-83dcb51 e-con-full e-flex e-con e-child\" data-id=\"83dcb51\" data-element_type=\"container\">\n\t\t<div class=\"elementor-element elementor-element-2a70c2f4 e-con-full animated-slow e-flex elementor-invisible e-con e-child\" data-id=\"2a70c2f4\" data-element_type=\"container\" data-settings=\"{&quot;animation&quot;:&quot;fadeInLeft&quot;}\">\n\t\t\t\t<div class=\"elementor-element elementor-element-60836abc elementor-widget-tablet__width-initial elementor-widget elementor-widget-image\" data-id=\"60836abc\" data-element_type=\"widget\" data-widget_type=\"image.default\">\n\t\t\t\t\t\t\t\t\t\t\t\t\t\t\t<img decoding=\"async\" width=\"236\" height=\"200\" src=\"https:\/\/www.saertex.com\/wp-content\/uploads\/2025\/02\/saertex-logo-hoch.png\" class=\"attachment-medium size-medium wp-image-14732\" alt=\"SAERTEX Logo\" srcset=\"https:\/\/www.saertex.com\/wp-content\/uploads\/2025\/02\/saertex-logo-hoch.png 236w, https:\/\/www.saertex.com\/wp-content\/uploads\/2025\/02\/saertex-logo-hoch-150x127.png 150w, https:\/\/www.saertex.com\/wp-content\/uploads\/2025\/02\/saertex-logo-hoch-14x12.png 14w\" sizes=\"(max-width: 236px) 100vw, 236px\" \/>\t\t\t\t\t\t\t\t\t\t\t\t\t\t\t<\/div>\n\t\t<div class=\"elementor-element elementor-element-8cb1762 e-con-full e-flex e-con e-child\" data-id=\"8cb1762\" data-element_type=\"container\">\n\t\t\t\t<div class=\"elementor-element elementor-element-66ae0db5 elementor-widget elementor-widget-heading\" data-id=\"66ae0db5\" data-element_type=\"widget\" data-widget_type=\"heading.default\">\n\t\t\t\t\t<h3 class=\"elementor-heading-title elementor-size-default\">Saertex<sup>\u00ae<\/sup><\/h3>\t\t\t\t<\/div>\n\t\t\t\t<div class=\"elementor-element elementor-element-1faa720d elementor-widget elementor-widget-text-editor\" data-id=\"1faa720d\" data-element_type=\"widget\" data-widget_type=\"text-editor.default\">\n\t\t\t\t\t\t\t\t\t<p class=\"translation-block\">The experts for textile reinforcement materials made of glass and carbon fibers for fiber composites.<\/p>\t\t\t\t\t\t\t\t<\/div>\n\t\t\t\t<div class=\"elementor-element elementor-element-4c795e91 elementor-widget elementor-widget-button\" data-id=\"4c795e91\" data-element_type=\"widget\" data-widget_type=\"button.default\">\n\t\t\t\t\t\t\t\t\t\t<a class=\"elementor-button elementor-button-link elementor-size-sm\" href=\"https:\/\/www.saertex.com\/us\/company\/\">\n\t\t\t\t\t\t<span class=\"elementor-button-content-wrapper\">\n\t\t\t\t\t\t\t\t\t<span class=\"elementor-button-text\">Learn more<\/span>\n\t\t\t\t\t<\/span>\n\t\t\t\t\t<\/a>\n\t\t\t\t\t\t\t\t<\/div>\n\t\t\t\t<\/div>\n\t\t\t\t<\/div>\n\t\t<div class=\"elementor-element elementor-element-1081d4cc e-con-full animated-slow e-flex elementor-invisible e-con e-child\" data-id=\"1081d4cc\" data-element_type=\"container\" data-settings=\"{&quot;animation&quot;:&quot;fadeInRight&quot;}\">\n\t\t\t\t<div class=\"elementor-element elementor-element-3576868a elementor-widget-tablet__width-initial elementor-widget elementor-widget-image\" data-id=\"3576868a\" data-element_type=\"widget\" data-widget_type=\"image.default\">\n\t\t\t\t\t\t\t\t\t\t\t\t\t\t\t<img fetchpriority=\"high\" decoding=\"async\" width=\"300\" height=\"270\" src=\"https:\/\/www.saertex.com\/wp-content\/uploads\/2025\/05\/saertex-multicom-hoch-300x270.png\" class=\"attachment-medium size-medium wp-image-15156\" alt=\"Logo of SAERTEX multiCom\" srcset=\"https:\/\/www.saertex.com\/wp-content\/uploads\/2025\/05\/saertex-multicom-hoch-300x270.png 300w, https:\/\/www.saertex.com\/wp-content\/uploads\/2025\/05\/saertex-multicom-hoch-150x135.png 150w, https:\/\/www.saertex.com\/wp-content\/uploads\/2025\/05\/saertex-multicom-hoch-13x12.png 13w, https:\/\/www.saertex.com\/wp-content\/uploads\/2025\/05\/saertex-multicom-hoch.png 350w\" sizes=\"(max-width: 300px) 100vw, 300px\" \/>\t\t\t\t\t\t\t\t\t\t\t\t\t\t\t<\/div>\n\t\t<div class=\"elementor-element elementor-element-2b6057d9 e-con-full e-flex e-con e-child\" data-id=\"2b6057d9\" data-element_type=\"container\">\n\t\t\t\t<div class=\"elementor-element elementor-element-552feafc elementor-widget elementor-widget-heading\" data-id=\"552feafc\" data-element_type=\"widget\" data-widget_type=\"heading.default\">\n\t\t\t\t\t<h3 class=\"elementor-heading-title elementor-size-default\">SAERTEX multiCom<sup>\u00ae<\/sup><\/h3>\t\t\t\t<\/div>\n\t\t\t\t<div class=\"elementor-element elementor-element-3da07e8b elementor-widget elementor-widget-text-editor\" data-id=\"3da07e8b\" data-element_type=\"widget\" data-widget_type=\"text-editor.default\">\n\t\t\t\t\t\t\t\t\t<p class=\"translation-block\">World leader in the production of innovative GRP pipe liners for trenchless pipe rehabilitation.<\/p>\t\t\t\t\t\t\t\t<\/div>\n\t\t\t\t<div class=\"elementor-element elementor-element-643c315e elementor-widget elementor-widget-button\" data-id=\"643c315e\" data-element_type=\"widget\" data-widget_type=\"button.default\">\n\t\t\t\t\t\t\t\t\t\t<a class=\"elementor-button elementor-button-link elementor-size-sm\" href=\"https:\/\/www.saertex-multicom.de\/de\" target=\"_blank\">\n\t\t\t\t\t\t<span class=\"elementor-button-content-wrapper\">\n\t\t\t\t\t\t<span class=\"elementor-button-icon\">\n\t\t\t\t<i aria-hidden=\"true\" class=\"fas fa-external-link-alt\"><\/i>\t\t\t<\/span>\n\t\t\t\t\t\t\t\t\t<span class=\"elementor-button-text\">Visit Multicom<\/span>\n\t\t\t\t\t<\/span>\n\t\t\t\t\t<\/a>\n\t\t\t\t\t\t\t\t<\/div>\n\t\t\t\t<\/div>\n\t\t\t\t<\/div>\n\t\t\t\t<\/div>\n\t\t\t\t\t<\/div>\n\t\t\t\t<\/div>\n\t\t\t\t<\/div>","protected":false},"excerpt":{"rendered":"<p>Unsere Standorte weltweit f\u00fcr sie engagiert Wir sind ein Familienunternehmen und dennoch weltweit f\u00fcr Sie da, denn die N\u00e4he zu unseren Kunden ist uns wichtig. Wir wollen f\u00fcr unsere Partner da und vor Ort sein, wenn es darauf ankommt. Daher sind wir global mit Engineering und Produktion vertreten und bieten ein Service-Netz in \u00fcber 50 [&hellip;]<\/p>\n","protected":false},"author":12,"featured_media":0,"parent":8890,"menu_order":1,"comment_status":"closed","ping_status":"closed","template":"","meta":{"_acf_changed":false,"content-type":"","footnotes":""},"categories":[],"tags":[],"competences":[],"products":[],"class_list":["post-16199","page","type-page","status-publish","hentry"],"acf":[],"_links":{"self":[{"href":"https:\/\/www.saertex.com\/us\/wp-json\/wp\/v2\/pages\/16199","targetHints":{"allow":["GET"]}}],"collection":[{"href":"https:\/\/www.saertex.com\/us\/wp-json\/wp\/v2\/pages"}],"about":[{"href":"https:\/\/www.saertex.com\/us\/wp-json\/wp\/v2\/types\/page"}],"author":[{"embeddable":true,"href":"https:\/\/www.saertex.com\/us\/wp-json\/wp\/v2\/users\/12"}],"replies":[{"embeddable":true,"href":"https:\/\/www.saertex.com\/us\/wp-json\/wp\/v2\/comments?post=16199"}],"version-history":[{"count":0,"href":"https:\/\/www.saertex.com\/us\/wp-json\/wp\/v2\/pages\/16199\/revisions"}],"up":[{"embeddable":true,"href":"https:\/\/www.saertex.com\/us\/wp-json\/wp\/v2\/pages\/8890"}],"wp:attachment":[{"href":"https:\/\/www.saertex.com\/us\/wp-json\/wp\/v2\/media?parent=16199"}],"wp:term":[{"taxonomy":"category","embeddable":true,"href":"https:\/\/www.saertex.com\/us\/wp-json\/wp\/v2\/categories?post=16199"},{"taxonomy":"post_tag","embeddable":true,"href":"https:\/\/www.saertex.com\/us\/wp-json\/wp\/v2\/tags?post=16199"},{"taxonomy":"competences","embeddable":true,"href":"https:\/\/www.saertex.com\/us\/wp-json\/wp\/v2\/competences?post=16199"},{"taxonomy":"products","embeddable":true,"href":"https:\/\/www.saertex.com\/us\/wp-json\/wp\/v2\/products?post=16199"}],"curies":[{"name":"wp","href":"https:\/\/api.w.org\/{rel}","templated":true}]}}