{"id":16174,"date":"2025-06-05T11:54:54","date_gmt":"2025-06-05T09:54:17","guid":{"rendered":"https:\/\/www.saertex.com\/cutting-kitting"},"modified":"2026-03-06T13:57:05","modified_gmt":"2026-03-06T12:57:05","slug":"cutting-kitting","status":"publish","type":"page","link":"https:\/\/www.saertex.com\/us\/produkte\/zusatzloesungen\/cutting-kitting\/","title":{"rendered":"Cutting &amp; Kitting"},"content":{"rendered":"\t\t<div data-elementor-type=\"wp-page\" data-elementor-id=\"16174\" class=\"elementor elementor-16174\" data-elementor-post-type=\"page\">\n\t\t\t\t<div class=\"elementor-element elementor-element-1e512794 e-flex e-con-boxed e-con e-parent\" data-id=\"1e512794\" data-element_type=\"container\" data-settings=\"{&quot;background_background&quot;:&quot;classic&quot;}\">\n\t\t\t\t\t<div class=\"e-con-inner\">\n\t\t<div class=\"elementor-element elementor-element-f5628f6 e-con-full e-flex elementor-invisible e-con e-child\" data-id=\"f5628f6\" data-element_type=\"container\" data-settings=\"{&quot;animation&quot;:&quot;fadeIn&quot;}\">\n\t\t\t\t<div class=\"elementor-element elementor-element-5bd8890 elementor-widget elementor-widget-heading\" data-id=\"5bd8890\" data-element_type=\"widget\" data-widget_type=\"heading.default\">\n\t\t\t\t\t<h1 class=\"elementor-heading-title elementor-size-default\">Cutting &amp; Kitting<\/h1>\t\t\t\t<\/div>\n\t\t\t\t<\/div>\n\t\t\t\t\t<\/div>\n\t\t\t\t<\/div>\n\t\t<div class=\"elementor-element elementor-element-31f7fb7f e-flex e-con-boxed e-con e-parent\" data-id=\"31f7fb7f\" data-element_type=\"container\" id=\"anchor-nav\" data-settings=\"{&quot;background_background&quot;:&quot;classic&quot;,&quot;sticky_offset_mobile&quot;:90,&quot;sticky&quot;:&quot;top&quot;,&quot;sticky_offset&quot;:140,&quot;sticky_on&quot;:[&quot;desktop&quot;,&quot;tablet_extra&quot;,&quot;tablet&quot;,&quot;mobile&quot;],&quot;sticky_effects_offset&quot;:0,&quot;sticky_anchor_link_offset&quot;:0}\">\n\t\t\t\t\t<div class=\"e-con-inner\">\n\t\t<div class=\"elementor-element elementor-element-20e03413 e-con-full anchor-nav-title elementor-hidden-mobile e-flex e-con e-child\" data-id=\"20e03413\" data-element_type=\"container\">\n\t\t\t\t<div class=\"elementor-element elementor-element-31d8e25b elementor-icon-list--layout-inline elementor-list-item-link-full_width elementor-widget elementor-widget-icon-list\" data-id=\"31d8e25b\" data-element_type=\"widget\" data-widget_type=\"icon-list.default\">\n\t\t\t\t\t\t\t<ul class=\"elementor-icon-list-items elementor-inline-items\">\n\t\t\t\t\t\t\t<li class=\"elementor-icon-list-item elementor-inline-item\">\n\t\t\t\t\t\t\t\t\t\t<span class=\"elementor-icon-list-text\">Cutting &amp; Kitting<\/span>\n\t\t\t\t\t\t\t\t\t<\/li>\n\t\t\t\t\t\t<\/ul>\n\t\t\t\t\t\t<\/div>\n\t\t\t\t<\/div>\n\t\t<div class=\"elementor-element elementor-element-4d52d38e e-con-full e-flex e-con e-child\" data-id=\"4d52d38e\" data-element_type=\"container\">\n\t\t\t\t<div class=\"elementor-element elementor-element-489c658 elementor-icon-list--layout-inline elementor-list-item-link-full_width elementor-widget elementor-widget-icon-list\" data-id=\"489c658\" data-element_type=\"widget\" data-widget_type=\"icon-list.default\">\n\t\t\t\t\t\t\t<ul class=\"elementor-icon-list-items elementor-inline-items\">\n\t\t\t\t\t\t\t<li class=\"elementor-icon-list-item elementor-inline-item\">\n\t\t\t\t\t\t\t\t\t\t\t<a href=\"#kompetenzen\">\n\n\t\t\t\t\t\t\t\t\t\t\t<span class=\"elementor-icon-list-text\">Kompetenzen<\/span>\n\t\t\t\t\t\t\t\t\t\t\t<\/a>\n\t\t\t\t\t\t\t\t\t<\/li>\n\t\t\t\t\t\t\t\t<li class=\"elementor-icon-list-item elementor-inline-item\">\n\t\t\t\t\t\t\t\t\t\t\t<a href=\"#service\">\n\n\t\t\t\t\t\t\t\t\t\t\t<span class=\"elementor-icon-list-text\">Service<\/span>\n\t\t\t\t\t\t\t\t\t\t\t<\/a>\n\t\t\t\t\t\t\t\t\t<\/li>\n\t\t\t\t\t\t\t\t<li class=\"elementor-icon-list-item elementor-inline-item\">\n\t\t\t\t\t\t\t\t\t\t\t<a href=\"#benefits\">\n\n\t\t\t\t\t\t\t\t\t\t\t<span class=\"elementor-icon-list-text\">Vorteile<\/span>\n\t\t\t\t\t\t\t\t\t\t\t<\/a>\n\t\t\t\t\t\t\t\t\t<\/li>\n\t\t\t\t\t\t<\/ul>\n\t\t\t\t\t\t<\/div>\n\t\t\t\t<\/div>\n\t\t\t\t\t<\/div>\n\t\t\t\t<\/div>\n\t\t<div class=\"elementor-element elementor-element-707c8cb9 e-flex e-con-boxed e-con e-parent\" data-id=\"707c8cb9\" data-element_type=\"container\" id=\"kompetenzen\" data-settings=\"{&quot;background_background&quot;:&quot;classic&quot;}\">\n\t\t\t\t\t<div class=\"e-con-inner\">\n\t\t<div class=\"elementor-element elementor-element-30000ce animated-slow e-con-full e-flex elementor-invisible e-con e-child\" data-id=\"30000ce\" data-element_type=\"container\" data-settings=\"{&quot;background_background&quot;:&quot;classic&quot;,&quot;animation&quot;:&quot;fadeIn&quot;}\">\n\t\t<div class=\"elementor-element elementor-element-2d43ecb e-con-full e-flex elementor-invisible e-con e-child\" data-id=\"2d43ecb\" data-element_type=\"container\" id=\"#kompetenzen\" data-settings=\"{&quot;animation&quot;:&quot;fadeInLeft&quot;}\">\n\t\t\t\t<div class=\"elementor-element elementor-element-a1741b7 elementor-widget elementor-widget-heading\" data-id=\"a1741b7\" data-element_type=\"widget\" data-widget_type=\"heading.default\">\n\t\t\t\t\t<h2 class=\"elementor-heading-title elementor-size-default\"><h2>Zuschnitt &amp; Vorkonfektionierung<span><\/span><\/h2><\/h2>\t\t\t\t<\/div>\n\t\t\t\t<div class=\"elementor-element elementor-element-35b0897 elementor-widget elementor-widget-text-editor\" data-id=\"35b0897\" data-element_type=\"widget\" data-widget_type=\"text-editor.default\">\n\t\t\t\t\t\t\t\t\t<p class=\"translation-block\">Wir liefern nicht nur technische Textilien, sondern L\u00f6sungen, die sofort verarbeitet werden k\u00f6nnen. Unsere Konfektionierung sorgt daf\u00fcr, dass alle \u2060Gelege und <span class=\"productname_firstx\">SAER<\/span><span class=\"productname_second\">foam<\/span>-Materialien passgenau zugeschnitten, beschriftet und verpackt bei Ihnen ankommen. So sind sie direkt bereit f\u00fcr den n\u00e4chsten Arbeitsschritt.<\/p><p class=\"translation-block\">Durch diesen Service entstehen individuelle Kits, die exakt auf Ihr Bauteil und Ihren Fertigungsprozess abgestimmt sind. Das spart Zeit, reduziert Handarbeit und sorgt f\u00fcr gleichbleibend hohe Qualit\u00e4t in Ihrer Produktion.<\/p>\t\t\t\t\t\t\t\t<\/div>\n\t\t\t\t<\/div>\n\t\t<div class=\"elementor-element elementor-element-906b0f0 bg-stretch-right e-con-full e-flex elementor-invisible e-con e-child\" data-id=\"906b0f0\" data-element_type=\"container\" data-settings=\"{&quot;background_background&quot;:&quot;classic&quot;,&quot;animation&quot;:&quot;fadeInRight&quot;}\">\n\t\t\t\t<\/div>\n\t\t\t\t<\/div>\n\t\t\t\t\t<\/div>\n\t\t\t\t<\/div>\n\t\t<div class=\"elementor-element elementor-element-25cfe1c e-flex e-con-boxed e-con e-parent\" data-id=\"25cfe1c\" data-element_type=\"container\" id=\"service\" data-settings=\"{&quot;background_background&quot;:&quot;classic&quot;}\">\n\t\t\t\t\t<div class=\"e-con-inner\">\n\t\t<div class=\"elementor-element elementor-element-aa6d114 animated-slow e-con-full e-flex elementor-invisible e-con e-child\" data-id=\"aa6d114\" data-element_type=\"container\" data-settings=\"{&quot;background_background&quot;:&quot;classic&quot;,&quot;animation&quot;:&quot;fadeIn&quot;}\">\n\t\t<div class=\"elementor-element elementor-element-c009211 bg-stretch-left e-con-full e-flex elementor-invisible e-con e-child\" data-id=\"c009211\" data-element_type=\"container\" data-settings=\"{&quot;background_background&quot;:&quot;classic&quot;,&quot;animation&quot;:&quot;fadeInRight&quot;}\">\n\t\t\t\t<\/div>\n\t\t<div class=\"elementor-element elementor-element-43df1b9 e-con-full e-flex elementor-invisible e-con e-child\" data-id=\"43df1b9\" data-element_type=\"container\" data-settings=\"{&quot;animation&quot;:&quot;fadeInLeft&quot;}\">\n\t\t\t\t<div class=\"elementor-element elementor-element-1eaa79e elementor-widget elementor-widget-heading\" data-id=\"1eaa79e\" data-element_type=\"widget\" data-widget_type=\"heading.default\">\n\t\t\t\t\t<h2 class=\"elementor-heading-title elementor-size-default\">Zugeschnitten auf Ihren Fertigungsprozess<\/h2>\t\t\t\t<\/div>\n\t\t\t\t<div class=\"elementor-element elementor-element-52549a1 elementor-widget elementor-widget-text-editor\" data-id=\"52549a1\" data-element_type=\"widget\" data-widget_type=\"text-editor.default\">\n\t\t\t\t\t\t\t\t\t<p class=\"translation-block\">Unser Service verbindet den pr\u00e4zisen Zuschnitt der Verst\u00e4rkungsmaterialien mit der Erstellung bauteilspezifischer Kits. Grundlage sind Ihre CAD-Daten und technischen Vorgaben. Die Materialien werden auf CNC-gesteuerten Anlagen zugeschnitten, digital verschachtelt und anschlie\u00dfend in der richtigen Layup-Reihenfolge zusammengestellt.\u00a0<\/p><p class=\"translation-block\">Jede Lage wird gekennzeichnet und verpackt, sodass die Kits direkt in Infusion, RTM oder Handlaminat eingesetzt werden k\u00f6nnen.<\/p>\t\t\t\t\t\t\t\t<\/div>\n\t\t\t\t<\/div>\n\t\t\t\t<\/div>\n\t\t\t\t\t<\/div>\n\t\t\t\t<\/div>\n\t\t<div class=\"elementor-element elementor-element-de1eb11 e-flex e-con-boxed e-con e-parent\" data-id=\"de1eb11\" data-element_type=\"container\" id=\"benefits\" data-settings=\"{&quot;background_background&quot;:&quot;classic&quot;}\">\n\t\t\t\t\t<div class=\"e-con-inner\">\n\t\t<div class=\"elementor-element elementor-element-e5d7a28 e-con-full e-flex elementor-invisible e-con e-child\" data-id=\"e5d7a28\" data-element_type=\"container\" data-settings=\"{&quot;background_background&quot;:&quot;classic&quot;,&quot;animation&quot;:&quot;fadeInUp&quot;}\">\n\t\t<div class=\"elementor-element elementor-element-f460987 e-con-full e-flex e-con e-child\" data-id=\"f460987\" data-element_type=\"container\" id=\"#benefits\">\n\t\t\t\t<div class=\"elementor-element elementor-element-7b51f0d elementor-widget elementor-widget-heading\" data-id=\"7b51f0d\" data-element_type=\"widget\" data-widget_type=\"heading.default\">\n\t\t\t\t\t<h2 class=\"elementor-heading-title elementor-size-default\">Ihre Vorteile auf einen Blick<\/h2>\t\t\t\t<\/div>\n\t\t<div class=\"elementor-element elementor-element-2ae7b34 e-con-full e-grid e-con e-child\" data-id=\"2ae7b34\" data-element_type=\"container\">\n\t\t<div class=\"elementor-element elementor-element-9b343a6 e-con-full e-flex e-con e-child\" data-id=\"9b343a6\" data-element_type=\"container\">\n\t\t\t\t<div class=\"elementor-element elementor-element-7436f4b elementor-view-default elementor-widget elementor-widget-icon\" data-id=\"7436f4b\" data-element_type=\"widget\" data-widget_type=\"icon.default\">\n\t\t\t\t\t\t\t<div class=\"elementor-icon-wrapper\">\n\t\t\t<div class=\"elementor-icon\">\n\t\t\t<i aria-hidden=\"true\" class=\"fas fa-check\"><\/i>\t\t\t<\/div>\n\t\t<\/div>\n\t\t\t\t\t\t<\/div>\n\t\t<div class=\"elementor-element elementor-element-7bfc592 e-con-full e-flex e-con e-child\" data-id=\"7bfc592\" data-element_type=\"container\">\n\t\t\t\t<div class=\"elementor-element elementor-element-9c621b2 elementor-widget elementor-widget-heading\" data-id=\"9c621b2\" data-element_type=\"widget\" data-widget_type=\"heading.default\">\n\t\t\t\t\t<h4 class=\"elementor-heading-title elementor-size-default\">Ma\u00dfgenaue Zuschnitte &amp; Bauteils\u00e4tze<\/h4>\t\t\t\t<\/div>\n\t\t\t\t<div class=\"elementor-element elementor-element-2195a5d elementor-widget elementor-widget-text-editor\" data-id=\"2195a5d\" data-element_type=\"widget\" data-widget_type=\"text-editor.default\">\n\t\t\t\t\t\t\t\t\t<p class=\"translation-block\">Zuschnitte nach CAD-Daten und ein eindeutiges Kennzeichnungssystem sorgen f\u00fcr klare Abl\u00e4ufe, saubere Prozesse und gleichbleibende Bauteilqualit\u00e4t.\u00a0<\/p>\t\t\t\t\t\t\t\t<\/div>\n\t\t\t\t<\/div>\n\t\t\t\t<\/div>\n\t\t<div class=\"elementor-element elementor-element-d993b18 e-con-full e-flex e-con e-child\" data-id=\"d993b18\" data-element_type=\"container\">\n\t\t\t\t<div class=\"elementor-element elementor-element-d57f212 elementor-view-default elementor-widget elementor-widget-icon\" data-id=\"d57f212\" data-element_type=\"widget\" data-widget_type=\"icon.default\">\n\t\t\t\t\t\t\t<div class=\"elementor-icon-wrapper\">\n\t\t\t<div class=\"elementor-icon\">\n\t\t\t<i aria-hidden=\"true\" class=\"fas fa-check\"><\/i>\t\t\t<\/div>\n\t\t<\/div>\n\t\t\t\t\t\t<\/div>\n\t\t<div class=\"elementor-element elementor-element-8a0bdb0 e-con-full e-flex e-con e-child\" data-id=\"8a0bdb0\" data-element_type=\"container\">\n\t\t\t\t<div class=\"elementor-element elementor-element-1226549 elementor-widget elementor-widget-heading\" data-id=\"1226549\" data-element_type=\"widget\" data-widget_type=\"heading.default\">\n\t\t\t\t\t<h4 class=\"elementor-heading-title elementor-size-default\">Optimale Materialnutzung<\/h4>\t\t\t\t<\/div>\n\t\t\t\t<div class=\"elementor-element elementor-element-d56b649 elementor-widget elementor-widget-text-editor\" data-id=\"d56b649\" data-element_type=\"widget\" data-widget_type=\"text-editor.default\">\n\t\t\t\t\t\t\t\t\t<p class=\"translation-block\">Durch digitales Nesting sinkt der Materialverschnitt und erh\u00f6ht die Prozesssicherheit.\u00a0<\/p>\t\t\t\t\t\t\t\t<\/div>\n\t\t\t\t<\/div>\n\t\t\t\t<\/div>\n\t\t<div class=\"elementor-element elementor-element-d9d9dda e-con-full e-flex e-con e-child\" data-id=\"d9d9dda\" data-element_type=\"container\">\n\t\t\t\t<div class=\"elementor-element elementor-element-d5ca785 elementor-view-default elementor-widget elementor-widget-icon\" data-id=\"d5ca785\" data-element_type=\"widget\" data-widget_type=\"icon.default\">\n\t\t\t\t\t\t\t<div class=\"elementor-icon-wrapper\">\n\t\t\t<div class=\"elementor-icon\">\n\t\t\t<i aria-hidden=\"true\" class=\"fas fa-check\"><\/i>\t\t\t<\/div>\n\t\t<\/div>\n\t\t\t\t\t\t<\/div>\n\t\t<div class=\"elementor-element elementor-element-0907a00 e-con-full e-flex e-con e-child\" data-id=\"0907a00\" data-element_type=\"container\">\n\t\t\t\t<div class=\"elementor-element elementor-element-de79560 elementor-widget elementor-widget-heading\" data-id=\"de79560\" data-element_type=\"widget\" data-widget_type=\"heading.default\">\n\t\t\t\t\t<h4 class=\"elementor-heading-title elementor-size-default\">K\u00fcrzere Layup-Zeit<\/h4>\t\t\t\t<\/div>\n\t\t\t\t<div class=\"elementor-element elementor-element-7831f55 elementor-widget elementor-widget-text-editor\" data-id=\"7831f55\" data-element_type=\"widget\" data-widget_type=\"text-editor.default\">\n\t\t\t\t\t\t\t\t\t<p class=\"translation-block\">Dank durchdachtem Verpackungskonzept und vorgefertigten Lagen werden Montagezeit und interne Arbeitsschritte reduziert.<\/p>\t\t\t\t\t\t\t\t<\/div>\n\t\t\t\t<\/div>\n\t\t\t\t<\/div>\n\t\t<div class=\"elementor-element elementor-element-acfa57f e-con-full e-flex e-con e-child\" data-id=\"acfa57f\" data-element_type=\"container\">\n\t\t\t\t<div class=\"elementor-element elementor-element-3bf35bf elementor-view-default elementor-widget elementor-widget-icon\" data-id=\"3bf35bf\" data-element_type=\"widget\" data-widget_type=\"icon.default\">\n\t\t\t\t\t\t\t<div class=\"elementor-icon-wrapper\">\n\t\t\t<div class=\"elementor-icon\">\n\t\t\t<i aria-hidden=\"true\" class=\"fas fa-check\"><\/i>\t\t\t<\/div>\n\t\t<\/div>\n\t\t\t\t\t\t<\/div>\n\t\t<div class=\"elementor-element elementor-element-9a99241 e-con-full e-flex e-con e-child\" data-id=\"9a99241\" data-element_type=\"container\">\n\t\t\t\t<div class=\"elementor-element elementor-element-b7059a2 elementor-widget elementor-widget-heading\" data-id=\"b7059a2\" data-element_type=\"widget\" data-widget_type=\"heading.default\">\n\t\t\t\t\t<h4 class=\"elementor-heading-title elementor-size-default\">Bessere Ablaufplanung<\/h4>\t\t\t\t<\/div>\n\t\t\t\t<div class=\"elementor-element elementor-element-0c00384 elementor-widget elementor-widget-text-editor\" data-id=\"0c00384\" data-element_type=\"widget\" data-widget_type=\"text-editor.default\">\n\t\t\t\t\t\t\t\t\t<p class=\"translation-block\">Kits sind sofort einsatzbereit. Das macht den Fertigungsprozess transparenter und planbarer.<\/p>\t\t\t\t\t\t\t\t<\/div>\n\t\t\t\t<\/div>\n\t\t\t\t<\/div>\n\t\t\t\t<\/div>\n\t\t\t\t<\/div>\n\t\t\t\t<\/div>\n\t\t\t\t\t<\/div>\n\t\t\t\t<\/div>\n\t\t<div class=\"elementor-element elementor-element-1b37419f e-flex e-con-boxed e-con e-parent\" data-id=\"1b37419f\" data-element_type=\"container\" id=\"sustainability\" data-settings=\"{&quot;background_background&quot;:&quot;classic&quot;}\">\n\t\t\t\t\t<div class=\"e-con-inner\">\n\t\t<div class=\"elementor-element elementor-element-64d0bf01 e-con-full e-flex e-con e-child\" data-id=\"64d0bf01\" data-element_type=\"container\">\n\t\t\t\t<div class=\"elementor-element elementor-element-49e3ba36 elementor-widget elementor-widget-heading\" data-id=\"49e3ba36\" data-element_type=\"widget\" data-widget_type=\"heading.default\">\n\t\t\t\t\t<h2 class=\"elementor-heading-title elementor-size-default\">Alles aus einer Hand<\/h2>\t\t\t\t<\/div>\n\t\t\t\t<div class=\"elementor-element elementor-element-7e074ec3 elementor-widget elementor-widget-text-editor\" data-id=\"7e074ec3\" data-element_type=\"widget\" data-widget_type=\"text-editor.default\">\n\t\t\t\t\t\t\t\t\t<p class=\"translation-block\">Von der Daten\u00fcbernahme bis zur Verpackung \u00fcbernehmen wir alle Schritte der Konfektionierung. Sie liefern uns Ihre CAD-Daten oder Bauteilzeichnungen, und wir k\u00fcmmern uns um Zuschnitt, Kennzeichnung, Verpackung und Lieferung.\u00a0<\/p><p class=\"translation-block\">Durch diesen integrierten Service reduzieren Sie die Komplexit\u00e4t Ihrer eigenen Wertsch\u00f6pfungskette. Weniger Schnittstellen bedeuten weniger Abstimmung, weniger Fehlerquellen und eine bessere Planbarkeit. So bleibt Ihre Produktion auf das Wesentliche fokussiert: die Fertigung hochwertiger Composite-Bauteile.<\/p>\t\t\t\t\t\t\t\t<\/div>\n\t\t\t\t<div class=\"elementor-element elementor-element-1facfde6 elementor-widget elementor-widget-button\" data-id=\"1facfde6\" data-element_type=\"widget\" data-widget_type=\"button.default\">\n\t\t\t\t\t\t\t\t\t\t<a class=\"elementor-button elementor-button-link elementor-size-sm\" href=\"https:\/\/www.saertex.com\/kontakt\/#contact-session\">\n\t\t\t\t\t\t<span class=\"elementor-button-content-wrapper\">\n\t\t\t\t\t\t<span class=\"elementor-button-icon\">\n\t\t\t\t<i aria-hidden=\"true\" class=\"fas fa-long-arrow-alt-right\"><\/i>\t\t\t<\/span>\n\t\t\t\t\t\t\t\t\t<span class=\"elementor-button-text\">Jetzt Kontakt aufnehmen<\/span>\n\t\t\t\t\t<\/span>\n\t\t\t\t\t<\/a>\n\t\t\t\t\t\t\t\t<\/div>\n\t\t\t\t<\/div>\n\t\t\t\t\t<\/div>\n\t\t\t\t<\/div>\n\t\t\t\t<\/div>\n\t\t","protected":false},"excerpt":{"rendered":"<p>Cutting &amp; Kitting Kompetenzen Service Vorteile Zuschnitt &amp; Vorkonfektionierung Wir liefern nicht nur technische Textilien, sondern L\u00f6sungen, die sofort verarbeitet werden k\u00f6nnen. Unsere Konfektionierung sorgt daf\u00fcr, dass alle Gelege und SAERfoam-Materialien passgenau zugeschnitten, beschriftet und verpackt bei Ihnen ankommen. So sind sie direkt bereit f\u00fcr den n\u00e4chsten Arbeitsschritt. Durch diesen Service entstehen individuelle Kits, die [&hellip;]<\/p>\n","protected":false},"author":12,"featured_media":0,"parent":16137,"menu_order":3,"comment_status":"closed","ping_status":"closed","template":"","meta":{"_acf_changed":false,"content-type":"","footnotes":""},"categories":[],"tags":[],"competences":[388,387,390],"products":[],"class_list":["post-16174","page","type-page","status-publish","hentry","competences-wind-industry","competences-automobile","competences-boat-building"],"acf":[],"_links":{"self":[{"href":"https:\/\/www.saertex.com\/us\/wp-json\/wp\/v2\/pages\/16174","targetHints":{"allow":["GET"]}}],"collection":[{"href":"https:\/\/www.saertex.com\/us\/wp-json\/wp\/v2\/pages"}],"about":[{"href":"https:\/\/www.saertex.com\/us\/wp-json\/wp\/v2\/types\/page"}],"author":[{"embeddable":true,"href":"https:\/\/www.saertex.com\/us\/wp-json\/wp\/v2\/users\/12"}],"replies":[{"embeddable":true,"href":"https:\/\/www.saertex.com\/us\/wp-json\/wp\/v2\/comments?post=16174"}],"version-history":[{"count":3,"href":"https:\/\/www.saertex.com\/us\/wp-json\/wp\/v2\/pages\/16174\/revisions"}],"predecessor-version":[{"id":37620,"href":"https:\/\/www.saertex.com\/us\/wp-json\/wp\/v2\/pages\/16174\/revisions\/37620"}],"up":[{"embeddable":true,"href":"https:\/\/www.saertex.com\/us\/wp-json\/wp\/v2\/pages\/16137"}],"wp:attachment":[{"href":"https:\/\/www.saertex.com\/us\/wp-json\/wp\/v2\/media?parent=16174"}],"wp:term":[{"taxonomy":"category","embeddable":true,"href":"https:\/\/www.saertex.com\/us\/wp-json\/wp\/v2\/categories?post=16174"},{"taxonomy":"post_tag","embeddable":true,"href":"https:\/\/www.saertex.com\/us\/wp-json\/wp\/v2\/tags?post=16174"},{"taxonomy":"competences","embeddable":true,"href":"https:\/\/www.saertex.com\/us\/wp-json\/wp\/v2\/competences?post=16174"},{"taxonomy":"products","embeddable":true,"href":"https:\/\/www.saertex.com\/us\/wp-json\/wp\/v2\/products?post=16174"}],"curies":[{"name":"wp","href":"https:\/\/api.w.org\/{rel}","templated":true}]}}