{"id":16137,"date":"2025-06-05T11:44:57","date_gmt":"2025-06-05T09:44:57","guid":{"rendered":"https:\/\/www.saertex.com\/zusatzloesungen"},"modified":"2026-02-10T17:09:52","modified_gmt":"2026-02-10T16:09:52","slug":"additional-solutions","status":"publish","type":"page","link":"https:\/\/www.saertex.com\/us\/produkte\/zusatzloesungen\/","title":{"rendered":"Additional solutions"},"content":{"rendered":"\t\t<div data-elementor-type=\"wp-page\" data-elementor-id=\"16137\" class=\"elementor elementor-16137\" data-elementor-post-type=\"page\">\n\t\t\t\t<div class=\"elementor-element elementor-element-7dbd2314 e-flex e-con-boxed e-con e-parent\" data-id=\"7dbd2314\" data-element_type=\"container\" data-settings=\"{&quot;background_background&quot;:&quot;classic&quot;}\">\n\t\t\t\t\t<div class=\"e-con-inner\">\n\t\t<div class=\"elementor-element elementor-element-6599af2d e-con-full e-flex e-con e-child\" data-id=\"6599af2d\" data-element_type=\"container\">\n\t\t\t\t<div class=\"elementor-element elementor-element-5ab89c1e elementor-widget elementor-widget-heading\" data-id=\"5ab89c1e\" data-element_type=\"widget\" data-widget_type=\"heading.default\">\n\t\t\t\t\t<h1 class=\"elementor-heading-title elementor-size-default\">Zusatzl\u00f6sungen<\/h1>\t\t\t\t<\/div>\n\t\t\t\t<\/div>\n\t\t\t\t\t<\/div>\n\t\t\t\t<\/div>\n\t\t<div class=\"elementor-element elementor-element-483439d7 elementor-hidden-mobile e-flex e-con-boxed e-con e-parent\" data-id=\"483439d7\" data-element_type=\"container\" id=\"anchor-nav\" data-settings=\"{&quot;background_background&quot;:&quot;classic&quot;,&quot;sticky_offset_mobile&quot;:90,&quot;sticky&quot;:&quot;top&quot;,&quot;sticky_offset&quot;:140,&quot;sticky_on&quot;:[&quot;desktop&quot;,&quot;tablet_extra&quot;,&quot;tablet&quot;,&quot;mobile&quot;],&quot;sticky_effects_offset&quot;:0,&quot;sticky_anchor_link_offset&quot;:0}\">\n\t\t\t\t\t<div class=\"e-con-inner\">\n\t\t<div class=\"elementor-element elementor-element-64e855f8 e-con-full anchor-nav-title elementor-hidden-mobile e-flex e-con e-child\" data-id=\"64e855f8\" data-element_type=\"container\">\n\t\t\t\t<div class=\"elementor-element elementor-element-71182b96 elementor-icon-list--layout-inline elementor-list-item-link-full_width elementor-widget elementor-widget-icon-list\" data-id=\"71182b96\" data-element_type=\"widget\" data-widget_type=\"icon-list.default\">\n\t\t\t\t\t\t\t<ul class=\"elementor-icon-list-items elementor-inline-items\">\n\t\t\t\t\t\t\t<li class=\"elementor-icon-list-item elementor-inline-item\">\n\t\t\t\t\t\t\t\t\t\t<span class=\"elementor-icon-list-text\">Zusatzl\u00f6sungen<\/span>\n\t\t\t\t\t\t\t\t\t<\/li>\n\t\t\t\t\t\t<\/ul>\n\t\t\t\t\t\t<\/div>\n\t\t\t\t<\/div>\n\t\t\t\t\t<\/div>\n\t\t\t\t<\/div>\n\t\t<div class=\"elementor-element elementor-element-4f57133 e-flex e-con-boxed e-con e-parent\" data-id=\"4f57133\" data-element_type=\"container\">\n\t\t\t\t\t<div class=\"e-con-inner\">\n\t\t<div class=\"elementor-element elementor-element-cac9645 animated-slow e-con-full e-flex elementor-invisible e-con e-child\" data-id=\"cac9645\" data-element_type=\"container\" data-settings=\"{&quot;background_background&quot;:&quot;classic&quot;,&quot;animation&quot;:&quot;fadeIn&quot;}\">\n\t\t<div class=\"elementor-element elementor-element-d68166e e-con-full e-flex elementor-invisible e-con e-child\" data-id=\"d68166e\" data-element_type=\"container\" data-settings=\"{&quot;animation&quot;:&quot;fadeInLeft&quot;}\">\n\t\t\t\t<div class=\"elementor-element elementor-element-5758589 elementor-widget elementor-widget-heading\" data-id=\"5758589\" data-element_type=\"widget\" data-widget_type=\"heading.default\">\n\t\t\t\t\t<h2 class=\"elementor-heading-title elementor-size-default\">Zusatzl\u00f6sungen f\u00fcr textile Verst\u00e4rkungen<\/h2>\t\t\t\t<\/div>\n\t\t\t\t<div class=\"elementor-element elementor-element-524f5da elementor-widget elementor-widget-text-editor\" data-id=\"524f5da\" data-element_type=\"widget\" data-widget_type=\"text-editor.default\">\n\t\t\t\t\t\t\t\t\t<p class=\"translation-block\">Un\u00adse\u00adre Zu\u00adsatz\u00adl\u00f6\u00adsun\u00adgen er\u00adh\u00f6\u00adhen die Funk\u00adti\u00ado\u00adna\u00adli\u00adt\u00e4t Ih\u00adrer Composite-\u200bBauteile. Sie er\u00adleich\u00adtern die Ver\u00adar\u00adbei\u00adtung, ver\u00adbes\u00adsern Ma\u00adte\u00adri\u00adal\u00adei\u00adgen\u00adschaf\u00adten und sor\u00adgen f\u00fcr h\u00f6\u00adhe\u00adre Pro\u00adzess\u00adsi\u00adcher\u00adheit in Ih\u00adrer Fer\u00adti\u00adgung. So k\u00f6nnen Sie Bauteile gezielt anpassen, Abl\u00e4ufe stabilisieren und die Qualit\u00e4t Ihrer Laminate zuverl\u00e4ssig sichern, auch bei komplexen Geometrien und hohen St\u00fcckzahlen.<\/p>\t\t\t\t\t\t\t\t<\/div>\n\t\t\t\t<\/div>\n\t\t<div class=\"elementor-element elementor-element-4533308 e-con-full bg-stretch-right e-flex elementor-invisible e-con e-child\" data-id=\"4533308\" data-element_type=\"container\" data-settings=\"{&quot;background_background&quot;:&quot;classic&quot;,&quot;animation&quot;:&quot;fadeIn&quot;}\">\n\t\t\t\t<\/div>\n\t\t\t\t<\/div>\n\t\t\t\t\t<\/div>\n\t\t\t\t<\/div>\n\t\t<div class=\"elementor-element elementor-element-6d17029a varianten animated-slow e-flex e-con-boxed elementor-invisible e-con e-parent\" data-id=\"6d17029a\" data-element_type=\"container\" id=\"varianten\" data-settings=\"{&quot;background_background&quot;:&quot;classic&quot;,&quot;animation&quot;:&quot;fadeIn&quot;}\">\n\t\t\t\t\t<div class=\"e-con-inner\">\n\t\t<div class=\"elementor-element elementor-element-1dea96a7 e-con-full e-flex elementor-invisible e-con e-child\" data-id=\"1dea96a7\" data-element_type=\"container\" data-settings=\"{&quot;animation&quot;:&quot;fadeInUp&quot;}\">\n\t\t\t\t<div class=\"elementor-element elementor-element-c7b5020 elementor-widget elementor-widget-heading\" data-id=\"c7b5020\" data-element_type=\"widget\" data-widget_type=\"heading.default\">\n\t\t\t\t\t<h2 class=\"elementor-heading-title elementor-size-default\">Unsere Zusatzl\u00f6sungen im \u00dcberblick<\/h2>\t\t\t\t<\/div>\n\t\t\t\t<\/div>\n\t\t<div class=\"elementor-element elementor-element-3b852d65 e-con-full e-grid grid-headline-links animated-slow elementor-invisible e-con e-child\" data-id=\"3b852d65\" data-element_type=\"container\" data-settings=\"{&quot;animation&quot;:&quot;fadeInUp&quot;}\">\n\t\t<div class=\"elementor-element elementor-element-21453274 e-con-full e-flex e-con e-child\" data-id=\"21453274\" data-element_type=\"container\" data-settings=\"{&quot;background_background&quot;:&quot;classic&quot;}\">\n\t\t<div class=\"elementor-element elementor-element-6ca86b5a e-con-full e-flex e-con e-child\" data-id=\"6ca86b5a\" data-element_type=\"container\" data-settings=\"{&quot;background_background&quot;:&quot;classic&quot;}\">\n\t\t\t\t<\/div>\n\t\t<div class=\"elementor-element elementor-element-405edb28 e-con-full e-flex e-con e-child\" data-id=\"405edb28\" data-element_type=\"container\">\n\t\t\t\t<div class=\"elementor-element elementor-element-2dbd13cf elementor-widget elementor-widget-heading\" data-id=\"2dbd13cf\" data-element_type=\"widget\" data-widget_type=\"heading.default\">\n\t\t\t\t\t<h3 class=\"elementor-heading-title elementor-size-default\"><span class=\"productname_firstx\">SAER<\/span><span class=\"productname_second\">fix<\/span><\/h3>\t\t\t\t<\/div>\n\t\t\t\t<div class=\"elementor-element elementor-element-701da2c3 elementor-widget elementor-widget-text-editor\" data-id=\"701da2c3\" data-element_type=\"widget\" data-widget_type=\"text-editor.default\">\n\t\t\t\t\t\t\t\t\t<p class=\"translation-block\">Selbstklebende Non-Crimp Fabrics senken den Positionier- und Drapieraufwand um bis zu 50% gegen\u00fcber Spr\u00fchklebern. Die Klebeformel h\u00e4lt bis zu 10x l\u00e4nger, ist kompatibel mit UP-, EP- und VE-Harzen und sorgt f\u00fcr eine gleichbleibend hohe Laminatfestigkeit. Umweltfreundlich und osmoseresistent.<\/p><p class=\"translation-block\"><span class=\"NormalTextRun SCXW267959594 BCX8\">\u00a0<\/span><\/p><p class=\"translation-block\"><a href=\"https:\/\/www.saertex.com\/produkte\/zusatzloesungen\/saerfix-klebematerialien\/\">Zum Produkt <i class=\"fas fa-arrow-right\"><\/i><\/a><\/p>\t\t\t\t\t\t\t\t<\/div>\n\t\t\t\t<\/div>\n\t\t\t\t<\/div>\n\t\t<div class=\"elementor-element elementor-element-149094c4 e-con-full e-flex e-con e-child\" data-id=\"149094c4\" data-element_type=\"container\" data-settings=\"{&quot;background_background&quot;:&quot;classic&quot;}\">\n\t\t<div class=\"elementor-element elementor-element-11bb8654 e-con-full e-flex e-con e-child\" data-id=\"11bb8654\" data-element_type=\"container\" data-settings=\"{&quot;background_background&quot;:&quot;classic&quot;}\">\n\t\t\t\t<\/div>\n\t\t<div class=\"elementor-element elementor-element-23c323fa e-con-full e-flex e-con e-child\" data-id=\"23c323fa\" data-element_type=\"container\">\n\t\t\t\t<div class=\"elementor-element elementor-element-50dc3b6 elementor-widget elementor-widget-heading\" data-id=\"50dc3b6\" data-element_type=\"widget\" data-widget_type=\"heading.default\">\n\t\t\t\t\t<h3 class=\"elementor-heading-title elementor-size-default\">Pulververbinder<\/h3>\t\t\t\t<\/div>\n\t\t\t\t<div class=\"elementor-element elementor-element-309fd9f0 elementor-widget elementor-widget-text-editor\" data-id=\"309fd9f0\" data-element_type=\"widget\" data-widget_type=\"text-editor.default\">\n\t\t\t\t\t\t\t\t\t<p class=\"translation-block\">Die Bepulverung von Gelegen bezeichnet ein Verfahren, bei dem pulverf\u00f6rmige Polymere auf die textile Struktur aufgebracht werden. Das ist ein wichtiger Verarbeitungsschritt in der automatisierten Faserverbundtechnik, speziell bei der Herstellung von Preforms oder semi-fertigen Halbzeugen.<\/p><p class=\"translation-block\"><span class=\"NormalTextRun SCXW267959594 BCX8\">\u00a0<\/span><\/p><p class=\"translation-block\"><a href=\"https:\/\/www.saertex.com\/produkte\/zusatzloesungen\/pulverbinder\/\">Zum Produkt <i class=\"fas fa-arrow-right\"><\/i><\/a><\/p>\t\t\t\t\t\t\t\t<\/div>\n\t\t\t\t<\/div>\n\t\t\t\t<\/div>\n\t\t<div class=\"elementor-element elementor-element-5f844e24 e-con-full e-flex e-con e-child\" data-id=\"5f844e24\" data-element_type=\"container\" data-settings=\"{&quot;background_background&quot;:&quot;classic&quot;}\">\n\t\t<div class=\"elementor-element elementor-element-38de2db2 e-con-full e-flex e-con e-child\" data-id=\"38de2db2\" data-element_type=\"container\" data-settings=\"{&quot;background_background&quot;:&quot;classic&quot;}\">\n\t\t\t\t<\/div>\n\t\t<div class=\"elementor-element elementor-element-33215944 e-con-full e-flex e-con e-child\" data-id=\"33215944\" data-element_type=\"container\">\n\t\t\t\t<div class=\"elementor-element elementor-element-2d7c00a8 elementor-widget elementor-widget-heading\" data-id=\"2d7c00a8\" data-element_type=\"widget\" data-widget_type=\"heading.default\">\n\t\t\t\t\t<h3 class=\"elementor-heading-title elementor-size-default\">Cutting &amp; Kitting<\/h3>\t\t\t\t<\/div>\n\t\t\t\t<div class=\"elementor-element elementor-element-1717b181 elementor-widget elementor-widget-text-editor\" data-id=\"1717b181\" data-element_type=\"widget\" data-widget_type=\"text-editor.default\">\n\t\t\t\t\t\t\t\t\t<p class=\"translation-block\">Dieser Service verbindet den pr\u00e4zisen Zuschnitt der Verst\u00e4rkungsmaterialien mit der Erstellung bauteilspezifischer Kits. Unsere Konfektionierung sorgt daf\u00fcr, dass alle \u2060Gelege und <span class=\"productname_first\">SAER<\/span><span class=\"productname_second\">foam<\/span>-\u200bMaterialien passgenau zugeschnitten, beschriftet und verpackt bei Ihnen ankommen. So sind sie direkt bereit f\u00fcr den n\u00e4chsten Arbeitsschritt.<\/p><p class=\"translation-block\"><span class=\"NormalTextRun SCXW267959594 BCX8\">\u00a0<\/span><\/p><p class=\"translation-block\"><a href=\"https:\/\/www.saertex.com\/produkte\/zusatzloesungen\/cutting-kitting\/\">Zum Produkt <i class=\"fas fa-arrow-right\"><\/i><\/a><\/p>\t\t\t\t\t\t\t\t<\/div>\n\t\t\t\t<\/div>\n\t\t\t\t<\/div>\n\t\t\t\t<\/div>\n\t\t\t\t\t<\/div>\n\t\t\t\t<\/div>\n\t\t\t\t<\/div>\n\t\t","protected":false},"excerpt":{"rendered":"<p>Zusatzl\u00f6sungen Zusatzl\u00f6sungen f\u00fcr textile Verst\u00e4rkungen Un\u00adse\u00adre Zu\u00adsatz\u00adl\u00f6\u00adsun\u00adgen er\u00adh\u00f6\u00adhen die Funk\u00adti\u00ado\u00adna\u00adli\u00adt\u00e4t Ih\u00adrer Composite-Bauteile. Sie er\u00adleich\u00adtern die Ver\u00adar\u00adbei\u00adtung, ver\u00adbes\u00adsern Ma\u00adte\u00adri\u00adal\u00adei\u00adgen\u00adschaf\u00adten und sor\u00adgen f\u00fcr h\u00f6\u00adhe\u00adre Pro\u00adzess\u00adsi\u00adcher\u00adheit in Ih\u00adrer Fer\u00adti\u00adgung. So k\u00f6nnen Sie Bauteile gezielt anpassen, Abl\u00e4ufe stabilisieren und die Qualit\u00e4t Ihrer Laminate zuverl\u00e4ssig sichern, auch bei komplexen Geometrien und hohen St\u00fcckzahlen. Unsere Zusatzl\u00f6sungen im \u00dcberblick SAERfix Selbstklebende Non-Crimp [&hellip;]<\/p>\n","protected":false},"author":12,"featured_media":0,"parent":14354,"menu_order":4,"comment_status":"closed","ping_status":"closed","template":"","meta":{"_acf_changed":false,"content-type":"","footnotes":""},"categories":[],"tags":[],"competences":[],"products":[453],"class_list":["post-16137","page","type-page","status-publish","hentry","products-zusatzloesungen"],"acf":[],"_links":{"self":[{"href":"https:\/\/www.saertex.com\/us\/wp-json\/wp\/v2\/pages\/16137","targetHints":{"allow":["GET"]}}],"collection":[{"href":"https:\/\/www.saertex.com\/us\/wp-json\/wp\/v2\/pages"}],"about":[{"href":"https:\/\/www.saertex.com\/us\/wp-json\/wp\/v2\/types\/page"}],"author":[{"embeddable":true,"href":"https:\/\/www.saertex.com\/us\/wp-json\/wp\/v2\/users\/12"}],"replies":[{"embeddable":true,"href":"https:\/\/www.saertex.com\/us\/wp-json\/wp\/v2\/comments?post=16137"}],"version-history":[{"count":0,"href":"https:\/\/www.saertex.com\/us\/wp-json\/wp\/v2\/pages\/16137\/revisions"}],"up":[{"embeddable":true,"href":"https:\/\/www.saertex.com\/us\/wp-json\/wp\/v2\/pages\/14354"}],"wp:attachment":[{"href":"https:\/\/www.saertex.com\/us\/wp-json\/wp\/v2\/media?parent=16137"}],"wp:term":[{"taxonomy":"category","embeddable":true,"href":"https:\/\/www.saertex.com\/us\/wp-json\/wp\/v2\/categories?post=16137"},{"taxonomy":"post_tag","embeddable":true,"href":"https:\/\/www.saertex.com\/us\/wp-json\/wp\/v2\/tags?post=16137"},{"taxonomy":"competences","embeddable":true,"href":"https:\/\/www.saertex.com\/us\/wp-json\/wp\/v2\/competences?post=16137"},{"taxonomy":"products","embeddable":true,"href":"https:\/\/www.saertex.com\/us\/wp-json\/wp\/v2\/products?post=16137"}],"curies":[{"name":"wp","href":"https:\/\/api.w.org\/{rel}","templated":true}]}}