{"id":15246,"date":"2025-05-08T09:35:50","date_gmt":"2025-05-08T07:35:54","guid":{"rendered":"https:\/\/www.saertex.com\/einsatzbereiche-2\/weitere-industrielle-anwendungen-2"},"modified":"2026-02-10T17:10:25","modified_gmt":"2026-02-10T16:10:25","slug":"material-development","status":"publish","type":"page","link":"https:\/\/www.saertex.com\/us\/service\/materialentwicklung\/","title":{"rendered":"Material development"},"content":{"rendered":"\t\t<div data-elementor-type=\"wp-page\" data-elementor-id=\"15246\" class=\"elementor elementor-15246\" data-elementor-post-type=\"page\">\n\t\t\t\t<div class=\"elementor-element elementor-element-80c290f e-flex e-con-boxed e-con e-parent\" data-id=\"80c290f\" data-element_type=\"container\" data-settings=\"{&quot;background_background&quot;:&quot;classic&quot;}\">\n\t\t\t\t\t<div class=\"e-con-inner\">\n\t\t<div class=\"elementor-element elementor-element-52f3f4b5 e-con-full e-flex elementor-invisible e-con e-child\" data-id=\"52f3f4b5\" data-element_type=\"container\" data-settings=\"{&quot;animation&quot;:&quot;fadeIn&quot;}\">\n\t\t\t\t<div class=\"elementor-element elementor-element-67dd950d elementor-widget elementor-widget-heading\" data-id=\"67dd950d\" data-element_type=\"widget\" data-widget_type=\"heading.default\">\n\t\t\t\t\t<h1 class=\"elementor-heading-title elementor-size-default\">Materialent&shy;wicklung<\/h1>\t\t\t\t<\/div>\n\t\t\t\t<\/div>\n\t\t\t\t\t<\/div>\n\t\t\t\t<\/div>\n\t\t<div class=\"elementor-element elementor-element-52e37ee4 elementor-hidden-mobile e-flex e-con-boxed e-con e-parent\" data-id=\"52e37ee4\" data-element_type=\"container\" id=\"anchor-nav\" data-settings=\"{&quot;background_background&quot;:&quot;classic&quot;,&quot;sticky_offset_mobile&quot;:90,&quot;sticky&quot;:&quot;top&quot;,&quot;sticky_offset&quot;:140,&quot;sticky_on&quot;:[&quot;desktop&quot;,&quot;tablet_extra&quot;,&quot;tablet&quot;,&quot;mobile&quot;],&quot;sticky_effects_offset&quot;:0,&quot;sticky_anchor_link_offset&quot;:0}\">\n\t\t\t\t\t<div class=\"e-con-inner\">\n\t\t<div class=\"elementor-element elementor-element-79f0cbdf e-con-full anchor-nav-title elementor-hidden-mobile e-flex e-con e-child\" data-id=\"79f0cbdf\" data-element_type=\"container\">\n\t\t\t\t<div class=\"elementor-element elementor-element-5bf1054a elementor-icon-list--layout-inline elementor-list-item-link-full_width elementor-widget elementor-widget-icon-list\" data-id=\"5bf1054a\" data-element_type=\"widget\" data-widget_type=\"icon-list.default\">\n\t\t\t\t\t\t\t<ul class=\"elementor-icon-list-items elementor-inline-items\">\n\t\t\t\t\t\t\t<li class=\"elementor-icon-list-item elementor-inline-item\">\n\t\t\t\t\t\t\t\t\t\t<span class=\"elementor-icon-list-text\">Materialentwicklung<\/span>\n\t\t\t\t\t\t\t\t\t<\/li>\n\t\t\t\t\t\t<\/ul>\n\t\t\t\t\t\t<\/div>\n\t\t\t\t<\/div>\n\t\t\t\t\t<\/div>\n\t\t\t\t<\/div>\n\t\t<div class=\"elementor-element elementor-element-66fe86d e-flex e-con-boxed e-con e-parent\" data-id=\"66fe86d\" data-element_type=\"container\" data-settings=\"{&quot;background_background&quot;:&quot;classic&quot;}\">\n\t\t\t\t\t<div class=\"e-con-inner\">\n\t\t<div class=\"elementor-element elementor-element-3d74795 e-con-full e-flex elementor-invisible e-con e-child\" data-id=\"3d74795\" data-element_type=\"container\" data-settings=\"{&quot;animation&quot;:&quot;fadeInLeft&quot;}\">\n\t\t\t\t<div class=\"elementor-element elementor-element-67b64f7 elementor-widget elementor-widget-heading\" data-id=\"67b64f7\" data-element_type=\"widget\" data-widget_type=\"heading.default\">\n\t\t\t\t\t<h2 class=\"elementor-heading-title elementor-size-default\">Ihre Idee, unsere St\u00e4rke<\/h2>\t\t\t\t<\/div>\n\t\t\t\t<div class=\"elementor-element elementor-element-c6875d3 elementor-widget elementor-widget-text-editor\" data-id=\"c6875d3\" data-element_type=\"widget\" data-widget_type=\"text-editor.default\">\n\t\t\t\t\t\t\t\t\t<p class=\"translation-block\">Ob ma\u00dfgeschneiderte Grammaturen, Breiten oder Verarbeitungsfragen &#8211; unser Engineering-Team unterst\u00fctzt Sie bei der Entwicklung ma\u00dfgeschneiderter Faserverbundl\u00f6sungen, die perfekt auf Ihre Bed\u00fcrfnisse zugeschnitten sind.<br \/><br \/><br \/>Nutzen Sie unsere globale Pr\u00e4senz und das Know-how aus \u00fcber 40 Jahren Composite-Erfahrung. Damit Ihr Projekt seine Ziele erreicht.\u00a0<\/p>\t\t\t\t\t\t\t\t<\/div>\n\t\t\t\t<\/div>\n\t\t<div class=\"elementor-element elementor-element-70ffb39 e-con-full bg-stretch-right e-flex elementor-invisible e-con e-child\" data-id=\"70ffb39\" data-element_type=\"container\" data-settings=\"{&quot;animation&quot;:&quot;fadeInRight&quot;,&quot;background_background&quot;:&quot;classic&quot;}\">\n\t\t\t\t<\/div>\n\t\t\t\t\t<\/div>\n\t\t\t\t<\/div>\n\t\t<div class=\"elementor-element elementor-element-465a1a72 e-flex e-con-boxed e-con e-parent\" data-id=\"465a1a72\" data-element_type=\"container\" id=\"success\" data-settings=\"{&quot;background_background&quot;:&quot;classic&quot;}\">\n\t\t\t\t\t<div class=\"e-con-inner\">\n\t\t<div class=\"elementor-element elementor-element-424a1d4f e-con-full bg-stretch-left e-flex elementor-invisible e-con e-child\" data-id=\"424a1d4f\" data-element_type=\"container\" data-settings=\"{&quot;animation&quot;:&quot;fadeInLeft&quot;,&quot;background_background&quot;:&quot;classic&quot;}\">\n\t\t\t\t<\/div>\n\t\t<div class=\"elementor-element elementor-element-732f64f4 e-con-full e-flex elementor-invisible e-con e-child\" data-id=\"732f64f4\" data-element_type=\"container\" data-settings=\"{&quot;animation&quot;:&quot;fadeInRight&quot;}\">\n\t\t\t\t<div class=\"elementor-element elementor-element-6411a88c elementor-widget elementor-widget-heading\" data-id=\"6411a88c\" data-element_type=\"widget\" data-widget_type=\"heading.default\">\n\t\t\t\t\t<h2 class=\"elementor-heading-title elementor-size-default\">Erfolg in Serie<\/h2>\t\t\t\t<\/div>\n\t\t\t\t<div class=\"elementor-element elementor-element-22a5f2bc elementor-widget elementor-widget-text-editor\" data-id=\"22a5f2bc\" data-element_type=\"widget\" data-widget_type=\"text-editor.default\">\n\t\t\t\t\t\t\t\t\tWir haben in den vergangenen Jahren \u00fcber 3.333 unterschiedliche Artikel f\u00fcr unsere Kunden entwickelt. Dabei kombinieren wir individuelle Anforderungen mit unserem technologischen Know-How. So entsteht schnell ein konkretes Ergebnis \u2013 und das f\u00fcr Sie optimale Produkt.\t\t\t\t\t\t\t\t<\/div>\n\t\t\t\t<\/div>\n\t\t\t\t\t<\/div>\n\t\t\t\t<\/div>\n\t\t<div class=\"elementor-element elementor-element-b84ccd3 e-flex e-con-boxed e-con e-parent\" data-id=\"b84ccd3\" data-element_type=\"container\" data-settings=\"{&quot;background_background&quot;:&quot;classic&quot;}\">\n\t\t\t\t\t<div class=\"e-con-inner\">\n\t\t<div class=\"elementor-element elementor-element-f2a95cb e-con-full e-flex elementor-invisible e-con e-child\" data-id=\"f2a95cb\" data-element_type=\"container\" data-settings=\"{&quot;animation&quot;:&quot;fadeInLeft&quot;}\">\n\t\t\t\t<div class=\"elementor-element elementor-element-3fee32e elementor-widget elementor-widget-heading\" data-id=\"3fee32e\" data-element_type=\"widget\" data-widget_type=\"heading.default\">\n\t\t\t\t\t<h2 class=\"elementor-heading-title elementor-size-default\">Engineering nach ma\u00df<\/h2>\t\t\t\t<\/div>\n\t\t\t\t<div class=\"elementor-element elementor-element-4f7a1d0 elementor-widget elementor-widget-text-editor\" data-id=\"4f7a1d0\" data-element_type=\"widget\" data-widget_type=\"text-editor.default\">\n\t\t\t\t\t\t\t\t\t<p class=\"translation-block\">Dank modernster Fertigungstechnologien wie unserer Heavy Tow-Technologie und dem Parallelschuss sowie weiterer individueller Verfahren er\u00f6ffnen wir Ihnen eine gro\u00dfe Vielfalt an Konfigurationsm\u00f6glichkeiten. Zus\u00e4tzliche Prozesstechnologien wie das<b> Smart Detect Control System<\/b> \u00fcberwachen dabei den Fertigungsprozess und sorgen f\u00fcr maximale Sicherheit und Qualit\u00e4t Ihrer Bauteile.<\/p><p class=\"translation-block\">Und wenn es noch spezifischer werden soll, entwickelt unser SAERTEX Engineering Team gemeinsam mit Ihnen die exakt passende L\u00f6sung f\u00fcr Ihre Anforderungen.<\/p><p class=\"translation-block\"><a href=\"https:\/\/www.saertex.com\/kontakt\/\">Sprechen Sie uns einfach an<\/a>\u00a0\u2013 wir finden auch f\u00fcr Ihre Herausforderung die passende L\u00f6sung.<\/p>\t\t\t\t\t\t\t\t<\/div>\n\t\t\t\t<\/div>\n\t\t<div class=\"elementor-element elementor-element-60c5ea2 e-con-full bg-stretch-right e-flex elementor-invisible e-con e-child\" data-id=\"60c5ea2\" data-element_type=\"container\" data-settings=\"{&quot;animation&quot;:&quot;fadeInRight&quot;,&quot;background_background&quot;:&quot;classic&quot;}\">\n\t\t\t\t<\/div>\n\t\t\t\t\t<\/div>\n\t\t\t\t<\/div>\n\t\t<div class=\"elementor-element elementor-element-ef3e3af elementor-hidden-desktop elementor-hidden-tablet_extra elementor-hidden-tablet elementor-hidden-mobile e-flex e-con-boxed e-con e-parent\" data-id=\"ef3e3af\" data-element_type=\"container\" data-settings=\"{&quot;background_background&quot;:&quot;classic&quot;}\">\n\t\t\t\t\t<div class=\"e-con-inner\">\n\t\t<div class=\"elementor-element elementor-element-dc93454 e-con-full e-flex elementor-invisible e-con e-child\" data-id=\"dc93454\" data-element_type=\"container\" data-settings=\"{&quot;animation&quot;:&quot;fadeInLeft&quot;}\">\n\t\t\t\t<div class=\"elementor-element elementor-element-0b146e7 elementor-widget elementor-widget-heading\" data-id=\"0b146e7\" data-element_type=\"widget\" data-widget_type=\"heading.default\">\n\t\t\t\t\t<h2 class=\"elementor-heading-title elementor-size-default\">Faservolumen&shy;berechnung<\/h2>\t\t\t\t<\/div>\n\t\t\t\t<div class=\"elementor-element elementor-element-bd7912d elementor-widget elementor-widget-text-editor\" data-id=\"bd7912d\" data-element_type=\"widget\" data-widget_type=\"text-editor.default\">\n\t\t\t\t\t\t\t\t\t<p class=\"translation-block\">Berechnen Sie Faservolumen oder ermitteln Sie das passende Kernmaterial \u2013 einfach, schnell und auf Basis Ihrer technischen Anforderungen. SAERTEX begleitet Sie dabei von der Idee bis zur Innovation: mit ma\u00dfgeschneiderten Verst\u00e4rkungsmaterialien f\u00fcr multiaxiale Gelege, die Ihre Produkte leichter und langlebiger machen. <a href=\"https:\/\/www.saertex.com\/kontakt\/\">Sprechen Sie uns an<\/a>.<\/p>\t\t\t\t\t\t\t\t<\/div>\n\t\t\t\t<\/div>\n\t\t<div class=\"elementor-element elementor-element-ed9cf0b e-con-full bg-stretch-right e-flex elementor-invisible e-con e-child\" data-id=\"ed9cf0b\" data-element_type=\"container\" data-settings=\"{&quot;animation&quot;:&quot;fadeInRight&quot;,&quot;background_background&quot;:&quot;classic&quot;}\">\n\t\t\t\t<\/div>\n\t\t\t\t\t<\/div>\n\t\t\t\t<\/div>\n\t\t<div class=\"elementor-element elementor-element-109b4962 e-flex e-con-boxed e-con e-parent\" data-id=\"109b4962\" data-element_type=\"container\" data-settings=\"{&quot;background_background&quot;:&quot;classic&quot;}\">\n\t\t\t\t\t<div class=\"e-con-inner\">\n\t\t<div class=\"elementor-element elementor-element-751bd6c e-con-full e-flex elementor-invisible e-con e-child\" data-id=\"751bd6c\" data-element_type=\"container\" data-settings=\"{&quot;animation&quot;:&quot;fadeIn&quot;}\">\n\t\t\t\t<div class=\"elementor-element elementor-element-4ce5c31f elementor-widget elementor-widget-heading\" data-id=\"4ce5c31f\" data-element_type=\"widget\" data-widget_type=\"heading.default\">\n\t\t\t\t\t<h3 class=\"elementor-heading-title elementor-size-default\"><p><b>Sie ben\u00f6tigen ein Standard-Produkt?<\/b><\/p><p>Dann ist unsere Basic Line ab Lager genau das Richtige f\u00fcr Sie.<span><\/span><\/p><\/h3>\t\t\t\t<\/div>\n\t\t\t\t<div class=\"elementor-element elementor-element-3bbdcec4 elementor-widget elementor-widget-button\" data-id=\"3bbdcec4\" data-element_type=\"widget\" data-widget_type=\"button.default\">\n\t\t\t\t\t\t\t\t\t\t<a class=\"elementor-button elementor-button-link elementor-size-sm\" href=\"https:\/\/www.saertex.com\/produkte\/textile-verstaerkungen\/multiaxiale-gelege\/basic-line\/\">\n\t\t\t\t\t\t<span class=\"elementor-button-content-wrapper\">\n\t\t\t\t\t\t\t\t\t<span class=\"elementor-button-text\">Basic LINE entdecken<\/span>\n\t\t\t\t\t<\/span>\n\t\t\t\t\t<\/a>\n\t\t\t\t\t\t\t\t<\/div>\n\t\t\t\t<\/div>\n\t\t\t\t\t<\/div>\n\t\t\t\t<\/div>\n\t\t\t\t<\/div>\n\t\t","protected":false},"excerpt":{"rendered":"<p>Materialent&shy;wicklung Ihre Idee, unsere St\u00e4rke Ob ma\u00dfgeschneiderte Grammaturen, Breiten oder Verarbeitungsfragen &#8211; unser Engineering-Team unterst\u00fctzt Sie bei der Entwicklung ma\u00dfgeschneiderter Faserverbundl\u00f6sungen, die perfekt auf Ihre Bed\u00fcrfnisse zugeschnitten sind. Nutzen Sie unsere globale Pr\u00e4senz und das Know-how aus \u00fcber 40 Jahren Composite-Erfahrung. Damit Ihr Projekt seine Ziele erreicht.\u00a0 Erfolg in Serie Wir haben in den vergangenen [&hellip;]<\/p>\n","protected":false},"author":3,"featured_media":29534,"parent":8887,"menu_order":4,"comment_status":"closed","ping_status":"closed","template":"","meta":{"_acf_changed":false,"content-type":"","footnotes":""},"categories":[],"tags":[],"competences":[],"products":[],"class_list":["post-15246","page","type-page","status-publish","has-post-thumbnail","hentry"],"acf":[],"_links":{"self":[{"href":"https:\/\/www.saertex.com\/us\/wp-json\/wp\/v2\/pages\/15246","targetHints":{"allow":["GET"]}}],"collection":[{"href":"https:\/\/www.saertex.com\/us\/wp-json\/wp\/v2\/pages"}],"about":[{"href":"https:\/\/www.saertex.com\/us\/wp-json\/wp\/v2\/types\/page"}],"author":[{"embeddable":true,"href":"https:\/\/www.saertex.com\/us\/wp-json\/wp\/v2\/users\/3"}],"replies":[{"embeddable":true,"href":"https:\/\/www.saertex.com\/us\/wp-json\/wp\/v2\/comments?post=15246"}],"version-history":[{"count":0,"href":"https:\/\/www.saertex.com\/us\/wp-json\/wp\/v2\/pages\/15246\/revisions"}],"up":[{"embeddable":true,"href":"https:\/\/www.saertex.com\/us\/wp-json\/wp\/v2\/pages\/8887"}],"wp:featuredmedia":[{"embeddable":true,"href":"https:\/\/www.saertex.com\/us\/wp-json\/wp\/v2\/media\/29534"}],"wp:attachment":[{"href":"https:\/\/www.saertex.com\/us\/wp-json\/wp\/v2\/media?parent=15246"}],"wp:term":[{"taxonomy":"category","embeddable":true,"href":"https:\/\/www.saertex.com\/us\/wp-json\/wp\/v2\/categories?post=15246"},{"taxonomy":"post_tag","embeddable":true,"href":"https:\/\/www.saertex.com\/us\/wp-json\/wp\/v2\/tags?post=15246"},{"taxonomy":"competences","embeddable":true,"href":"https:\/\/www.saertex.com\/us\/wp-json\/wp\/v2\/competences?post=15246"},{"taxonomy":"products","embeddable":true,"href":"https:\/\/www.saertex.com\/us\/wp-json\/wp\/v2\/products?post=15246"}],"curies":[{"name":"wp","href":"https:\/\/api.w.org\/{rel}","templated":true}]}}