{"id":32949,"date":"2025-11-17T09:34:45","date_gmt":"2025-11-17T08:34:45","guid":{"rendered":"https:\/\/www.saertex.com\/?page_id=32949"},"modified":"2026-02-10T17:09:18","modified_gmt":"2026-02-10T16:09:18","slug":"textiles-etroits","status":"publish","type":"page","link":"https:\/\/www.saertex.com\/fr\/produkte\/multiaxiale-gelege\/schmaltextilien\/","title":{"rendered":"Textiles \u00e9troits"},"content":{"rendered":"<div data-elementor-type=\"wp-page\" data-elementor-id=\"32949\" class=\"elementor elementor-32949\" data-elementor-post-type=\"page\">\n\t\t\t\t<div class=\"elementor-element elementor-element-5498066c e-flex e-con-boxed e-con e-parent\" data-id=\"5498066c\" data-element_type=\"container\" data-settings=\"{&quot;background_background&quot;:&quot;classic&quot;}\">\n\t\t\t\t\t<div class=\"e-con-inner\">\n\t\t<div class=\"elementor-element elementor-element-7cc519a4 e-con-full e-flex e-con e-child\" data-id=\"7cc519a4\" data-element_type=\"container\">\n\t\t\t\t<div class=\"elementor-element elementor-element-751a2e3d elementor-widget elementor-widget-heading\" data-id=\"751a2e3d\" data-element_type=\"widget\" data-widget_type=\"heading.default\">\n\t\t\t\t\t<h1 class=\"elementor-heading-title elementor-size-default\">Textiles \u00e9troits<\/h1>\t\t\t\t<\/div>\n\t\t\t\t<\/div>\n\t\t\t\t\t<\/div>\n\t\t\t\t<\/div>\n\t\t<div class=\"elementor-element elementor-element-410b8289 animated-slow e-flex e-con-boxed elementor-invisible e-con e-parent\" data-id=\"410b8289\" data-element_type=\"container\" data-settings=\"{&quot;background_background&quot;:&quot;classic&quot;,&quot;animation&quot;:&quot;fadeIn&quot;}\">\n\t\t\t\t\t<div class=\"e-con-inner\">\n\t\t<div class=\"elementor-element elementor-element-574a5dc1 e-con-full e-flex elementor-invisible e-con e-child\" data-id=\"574a5dc1\" data-element_type=\"container\" data-settings=\"{&quot;animation&quot;:&quot;fadeInLeft&quot;}\">\n\t\t\t\t<div class=\"elementor-element elementor-element-482c5539 elementor-widget elementor-widget-heading\" data-id=\"482c5539\" data-element_type=\"widget\" data-widget_type=\"heading.default\">\n\t\t\t\t\t<h2 class=\"elementor-heading-title elementor-size-default\">Lorem ipsum<\/h2>\t\t\t\t<\/div>\n\t\t\t\t<div class=\"elementor-element elementor-element-9759ab0 elementor-widget elementor-widget-text-editor\" data-id=\"9759ab0\" data-element_type=\"widget\" data-widget_type=\"text-editor.default\">\n\t\t\t\t\t\t\t\t\t<p class=\"translation-block\">Lorem ipsum dolor sit amet, consetetur sadipscing elitr, sed diam nonumy eirmod tempor invidunt ut labore et dolore magna aliquyam erat, sed diam voluptua. At vero eos et accusam et justo duo dolores et ea rebum. Stet clita kasd gubergren, no sea takimata sanctus est Lorem ipsum dolor sit amet. Lorem ipsum dolor sit amet, consetetur sadipscing elitr, sed diam nonumy eirmod tempor invidunt ut labore et dolore magna aliquyam erat, sed diam voluptua. At vero eos et accusam et justo duo dolores et ea rebum. Stet clita kasd gubergren, no sea takimata sanctus est Lorem ipsum dolor sit amet.<\/p>\t\t\t\t\t\t\t\t<\/div>\n\t\t\t\t<\/div>\n\t\t<div class=\"elementor-element elementor-element-c8e69a e-con-full bg-stretch-right e-flex elementor-invisible e-con e-child\" data-id=\"c8e69a\" data-element_type=\"container\" data-settings=\"{&quot;background_background&quot;:&quot;classic&quot;,&quot;animation&quot;:&quot;fadeIn&quot;}\">\n\t\t\t\t<\/div>\n\t\t\t\t\t<\/div>\n\t\t\t\t<\/div>\n\t\t<div class=\"elementor-element elementor-element-12b9dad8 animated-slow e-flex e-con-boxed elementor-invisible e-con e-parent\" data-id=\"12b9dad8\" data-element_type=\"container\" data-settings=\"{&quot;background_background&quot;:&quot;classic&quot;,&quot;animation&quot;:&quot;fadeIn&quot;}\">\n\t\t\t\t\t<div class=\"e-con-inner\">\n\t\t<div class=\"elementor-element elementor-element-7ca98694 e-con-full e-flex elementor-invisible e-con e-child\" data-id=\"7ca98694\" data-element_type=\"container\" data-settings=\"{&quot;animation&quot;:&quot;fadeInLeft&quot;}\">\n\t\t\t\t<div class=\"elementor-element elementor-element-9f8e6f5 elementor-widget elementor-widget-heading\" data-id=\"9f8e6f5\" data-element_type=\"widget\" data-widget_type=\"heading.default\">\n\t\t\t\t\t<h2 class=\"elementor-heading-title elementor-size-default\">Lorem ipsum<\/h2>\t\t\t\t<\/div>\n\t\t\t\t<div class=\"elementor-element elementor-element-7dfae848 elementor-widget elementor-widget-text-editor\" data-id=\"7dfae848\" data-element_type=\"widget\" data-widget_type=\"text-editor.default\">\n\t\t\t\t\t\t\t\t\t<p class=\"translation-block\">Lorem ipsum dolor sit amet, consetetur sadipscing elitr, sed diam nonumy eirmod tempor invidunt ut labore et dolore magna aliquyam erat, sed diam voluptua. At vero eos et accusam et justo duo dolores et ea rebum. Stet clita kasd gubergren, no sea takimata sanctus est Lorem ipsum dolor sit amet. Lorem ipsum dolor sit amet, consetetur sadipscing elitr, sed diam nonumy eirmod tempor invidunt ut labore et dolore magna aliquyam erat, sed diam voluptua. At vero eos et accusam et justo duo dolores et ea rebum. Stet clita kasd gubergren, no sea takimata sanctus est Lorem ipsum dolor sit amet.<\/p>\t\t\t\t\t\t\t\t<\/div>\n\t\t\t\t<\/div>\n\t\t<div class=\"elementor-element elementor-element-35d7b402 e-con-full bg-stretch-left e-flex elementor-invisible e-con e-child\" data-id=\"35d7b402\" data-element_type=\"container\" data-settings=\"{&quot;background_background&quot;:&quot;classic&quot;,&quot;animation&quot;:&quot;fadeIn&quot;}\">\n\t\t\t\t<\/div>\n\t\t\t\t\t<\/div>\n\t\t\t\t<\/div>\n\t\t<div class=\"elementor-element elementor-element-b58df01 varianten animated-slow e-flex e-con-boxed elementor-invisible e-con e-parent\" data-id=\"b58df01\" data-element_type=\"container\" id=\"varianten\" data-settings=\"{&quot;background_background&quot;:&quot;classic&quot;,&quot;animation&quot;:&quot;fadeIn&quot;}\">\n\t\t\t\t\t<div class=\"e-con-inner\">\n\t\t<div class=\"elementor-element elementor-element-7f748251 e-con-full e-flex elementor-invisible e-con e-child\" data-id=\"7f748251\" data-element_type=\"container\" data-settings=\"{&quot;animation&quot;:&quot;fadeInUp&quot;}\">\n\t\t\t\t<div class=\"elementor-element elementor-element-55b46317 elementor-widget elementor-widget-heading\" data-id=\"55b46317\" data-element_type=\"widget\" data-widget_type=\"heading.default\">\n\t\t\t\t\t<h2 class=\"elementor-heading-title elementor-size-default\">Lorem ipsum<\/h2>\t\t\t\t<\/div>\n\t\t\t\t<\/div>\n\t\t<div class=\"elementor-element elementor-element-3696c2f2 e-con-full e-grid grid-headline-links animated-slow elementor-invisible e-con e-child\" data-id=\"3696c2f2\" data-element_type=\"container\" data-settings=\"{&quot;animation&quot;:&quot;fadeInUp&quot;}\">\n\t\t<div class=\"elementor-element elementor-element-30b0f6ae e-con-full e-flex e-con e-child\" data-id=\"30b0f6ae\" data-element_type=\"container\" data-settings=\"{&quot;background_background&quot;:&quot;classic&quot;}\">\n\t\t<div class=\"elementor-element elementor-element-3100f67c e-con-full e-flex e-con e-child\" data-id=\"3100f67c\" data-element_type=\"container\" data-settings=\"{&quot;background_background&quot;:&quot;classic&quot;}\">\n\t\t\t\t<\/div>\n\t\t<div class=\"elementor-element elementor-element-3c6a135b e-con-full e-flex e-con e-child\" data-id=\"3c6a135b\" data-element_type=\"container\">\n\t\t\t\t<div class=\"elementor-element elementor-element-6d1a79d9 elementor-widget elementor-widget-heading\" data-id=\"6d1a79d9\" data-element_type=\"widget\" data-widget_type=\"heading.default\">\n\t\t\t\t\t<h3 class=\"elementor-heading-title elementor-size-default\">Lorem ipsum<\/h3>\t\t\t\t<\/div>\n\t\t\t\t<div class=\"elementor-element elementor-element-2ba5a5b7 elementor-widget elementor-widget-text-editor\" data-id=\"2ba5a5b7\" data-element_type=\"widget\" data-widget_type=\"text-editor.default\">\n\t\t\t\t\t\t\t\t\t<p class=\"translation-block\">Lorem ipsum dolor sit amet, consetetur sadipscing elitr, sed diam nonumy eirmod tempor invidunt ut labore et dolore magna aliquyam erat, sed diam voluptua.<\/p><p class=\"translation-block\"><span class=\"NormalTextRun SCXW2679594 BCX8\"> <\/span><\/p><p class=\"translation-block\"><a href=\"https:\/\/www.saertex.com\/fr\/produits\/renforts-textiles\/couche-unidirectionnelle\/mini-bandes-de-carbone\/\">Vers le produit <i class=\"fas fa-arrow-right\"><\/i><\/a><\/p>\t\t\t\t\t\t\t\t<\/div>\n\t\t\t\t<\/div>\n\t\t\t\t<\/div>\n\t\t<div class=\"elementor-element elementor-element-1fa23850 e-con-full e-flex e-con e-child\" data-id=\"1fa23850\" data-element_type=\"container\" data-settings=\"{&quot;background_background&quot;:&quot;classic&quot;}\">\n\t\t<div class=\"elementor-element elementor-element-1d0a3d8 e-con-full e-flex e-con e-child\" data-id=\"1d0a3d8\" data-element_type=\"container\" data-settings=\"{&quot;background_background&quot;:&quot;classic&quot;}\">\n\t\t\t\t<\/div>\n\t\t<div class=\"elementor-element elementor-element-65c6d2d7 e-con-full e-flex e-con e-child\" data-id=\"65c6d2d7\" data-element_type=\"container\">\n\t\t\t\t<div class=\"elementor-element elementor-element-6b61f1b1 elementor-widget elementor-widget-heading\" data-id=\"6b61f1b1\" data-element_type=\"widget\" data-widget_type=\"heading.default\">\n\t\t\t\t\t<h3 class=\"elementor-heading-title elementor-size-default\">Lorem ipsum<\/h3>\t\t\t\t<\/div>\n\t\t\t\t<div class=\"elementor-element elementor-element-692336b3 elementor-widget elementor-widget-text-editor\" data-id=\"692336b3\" data-element_type=\"widget\" data-widget_type=\"text-editor.default\">\n\t\t\t\t\t\t\t\t\t<p class=\"translation-block\">Lorem ipsum dolor sit amet, consetetur sadipscing elitr, sed diam nonumy eirmod tempor invidunt ut labore et dolore magna aliquyam erat, sed diam voluptua.<\/p><p class=\"translation-block\"><span class=\"NormalTextRun SCXW2679594 BCX8\"> <\/span><\/p><p class=\"translation-block\"><a href=\"https:\/\/www.saertex.com\/fr\/produits\/renforts-textiles\/couche-unidirectionnelle\/mini-bandes-de-carbone\/\">Vers le produit <i class=\"fas fa-arrow-right\"><\/i><\/a><\/p>\t\t\t\t\t\t\t\t<\/div>\n\t\t\t\t<\/div>\n\t\t\t\t<\/div>\n\t\t<div class=\"elementor-element elementor-element-3a8a67b4 e-con-full e-flex e-con e-child\" data-id=\"3a8a67b4\" data-element_type=\"container\" data-settings=\"{&quot;background_background&quot;:&quot;classic&quot;}\">\n\t\t<div class=\"elementor-element elementor-element-a6e3335 e-con-full e-flex e-con e-child\" data-id=\"a6e3335\" data-element_type=\"container\" data-settings=\"{&quot;background_background&quot;:&quot;classic&quot;}\">\n\t\t\t\t<\/div>\n\t\t<div class=\"elementor-element elementor-element-484d0391 e-con-full e-flex e-con e-child\" data-id=\"484d0391\" data-element_type=\"container\">\n\t\t\t\t<div class=\"elementor-element elementor-element-50a0062a elementor-widget elementor-widget-heading\" data-id=\"50a0062a\" data-element_type=\"widget\" data-widget_type=\"heading.default\">\n\t\t\t\t\t<h3 class=\"elementor-heading-title elementor-size-default\">Lorem ipsum<\/h3>\t\t\t\t<\/div>\n\t\t\t\t<div class=\"elementor-element elementor-element-73fa666a elementor-widget elementor-widget-text-editor\" data-id=\"73fa666a\" data-element_type=\"widget\" data-widget_type=\"text-editor.default\">\n\t\t\t\t\t\t\t\t\t<p class=\"translation-block\">Lorem ipsum dolor sit amet, consetetur sadipscing elitr, sed diam nonumy eirmod tempor invidunt ut labore et dolore magna aliquyam erat, sed diam voluptua.<\/p><p class=\"translation-block\"><span class=\"NormalTextRun SCXW2679594 BCX8\"> <\/span><\/p><p class=\"translation-block\"><a href=\"https:\/\/www.saertex.com\/fr\/produits\/renforts-textiles\/couche-unidirectionnelle\/mini-bandes-de-carbone\/\">Vers le produit <i class=\"fas fa-arrow-right\"><\/i><\/a><\/p>\t\t\t\t\t\t\t\t<\/div>\n\t\t\t\t<\/div>\n\t\t\t\t<\/div>\n\t\t<div class=\"elementor-element elementor-element-535dc4fc e-con-full e-flex e-con e-child\" data-id=\"535dc4fc\" data-element_type=\"container\" data-settings=\"{&quot;background_background&quot;:&quot;classic&quot;}\">\n\t\t<div class=\"elementor-element elementor-element-239e1eb2 e-con-full e-flex e-con e-child\" data-id=\"239e1eb2\" data-element_type=\"container\" data-settings=\"{&quot;background_background&quot;:&quot;classic&quot;}\">\n\t\t\t\t<\/div>\n\t\t<div class=\"elementor-element elementor-element-5fde200a e-con-full e-flex e-con e-child\" data-id=\"5fde200a\" data-element_type=\"container\">\n\t\t\t\t<div class=\"elementor-element elementor-element-caafe1f elementor-widget elementor-widget-heading\" data-id=\"caafe1f\" data-element_type=\"widget\" data-widget_type=\"heading.default\">\n\t\t\t\t\t<h3 class=\"elementor-heading-title elementor-size-default\">Lorem ipsum<\/h3>\t\t\t\t<\/div>\n\t\t\t\t<div class=\"elementor-element elementor-element-d036dcc elementor-widget elementor-widget-text-editor\" data-id=\"d036dcc\" data-element_type=\"widget\" data-widget_type=\"text-editor.default\">\n\t\t\t\t\t\t\t\t\t<p class=\"translation-block\">Lorem ipsum dolor sit amet, consetetur sadipscing elitr, sed diam nonumy eirmod tempor invidunt ut labore et dolore magna aliquyam erat, sed diam voluptua.<\/p><p class=\"translation-block\"><span class=\"NormalTextRun SCXW2679594 BCX8\"> <\/span><\/p><p class=\"translation-block\"><a href=\"https:\/\/www.saertex.com\/fr\/produits\/renforts-textiles\/couche-unidirectionnelle\/mini-bandes-de-carbone\/\">Vers le produit <i class=\"fas fa-arrow-right\"><\/i><\/a><\/p>\t\t\t\t\t\t\t\t<\/div>\n\t\t\t\t<\/div>\n\t\t\t\t<\/div>\n\t\t\t\t<\/div>\n\t\t\t\t\t<\/div>\n\t\t\t\t<\/div>\n\t\t<div class=\"elementor-element elementor-element-7a001e29 e-flex e-con-boxed e-con e-parent\" data-id=\"7a001e29\" data-element_type=\"container\" id=\"faq\">\n\t\t\t\t\t<div class=\"e-con-inner\">\n\t\t<div class=\"elementor-element elementor-element-4076043d e-con-full e-flex elementor-invisible e-con e-child\" data-id=\"4076043d\" data-element_type=\"container\" data-settings=\"{&quot;animation&quot;:&quot;fadeInLeft&quot;}\">\n\t\t\t\t<div class=\"elementor-element elementor-element-c48fa27 elementor-widget elementor-widget-heading\" data-id=\"c48fa27\" data-element_type=\"widget\" data-widget_type=\"heading.default\">\n\t\t\t\t\t<h2 class=\"elementor-heading-title elementor-size-default\">Foire aux questions<\/h2>\t\t\t\t<\/div>\n\t\t\t\t<div class=\"elementor-element elementor-element-401f7fe7 elementor-widget elementor-widget-text-editor\" data-id=\"401f7fe7\" data-element_type=\"widget\" data-widget_type=\"text-editor.default\">\n\t\t\t\t\t\t\t\t\t<p class=\"translation-block\"><strong>Pr\u00e9cis. Flexible et sans compromis. Lorsqu'il s'agit de tissus non-tiss\u00e9s multiaxiaux, ce n'est pas seulement la qualit\u00e9 du mat\u00e9riau de renforcement qui compte, mais aussi la fiabilit\u00e9 de la livraison - exactement adapt\u00e9e \u00e0 votre production. Dans la FAQ suivante, nous r\u00e9pondons \u00e0 toutes les questions concernant les processus de commande, les d\u00e9lais de livraison, les conditions de transport et les exigences logistiques sp\u00e9ciales pour les tissus non-tiss\u00e9s multiaxiaux.<\/p>\t\t\t\t\t\t\t\t<\/div>\n\t\t\t\t<\/div>\n\t\t<div class=\"elementor-element elementor-element-669d3516 e-con-full e-flex elementor-invisible e-con e-child\" data-id=\"669d3516\" data-element_type=\"container\" data-settings=\"{&quot;animation&quot;:&quot;fadeInRight&quot;}\">\n\t\t\t\t<div class=\"elementor-element elementor-element-3a265bca elementor-grid-1 faq-projects elementor-grid-tablet-2 elementor-grid-mobile-1 elementor-posts--thumbnail-top elementor-widget elementor-widget-posts\" data-id=\"3a265bca\" data-element_type=\"widget\" data-settings=\"{&quot;classic_columns&quot;:&quot;1&quot;,&quot;classic_row_gap&quot;:{&quot;unit&quot;:&quot;px&quot;,&quot;size&quot;:20,&quot;sizes&quot;:[]},&quot;classic_columns_tablet&quot;:&quot;2&quot;,&quot;classic_columns_mobile&quot;:&quot;1&quot;,&quot;classic_row_gap_tablet_extra&quot;:{&quot;unit&quot;:&quot;px&quot;,&quot;size&quot;:&quot;&quot;,&quot;sizes&quot;:[]},&quot;classic_row_gap_tablet&quot;:{&quot;unit&quot;:&quot;px&quot;,&quot;size&quot;:&quot;&quot;,&quot;sizes&quot;:[]},&quot;classic_row_gap_mobile&quot;:{&quot;unit&quot;:&quot;px&quot;,&quot;size&quot;:&quot;&quot;,&quot;sizes&quot;:[]}}\" data-widget_type=\"posts.classic\">\n\t\t\t\t<div class=\"elementor-widget-container\">\n\t\t\t\t\t\t\t<div class=\"elementor-posts-container elementor-posts elementor-posts--skin-classic elementor-grid\" role=\"list\">\n\t\t\t\t<article class=\"elementor-post elementor-grid-item post-29387 faqs type-faqs status-publish hentry category-bestellung-logistik\" role=\"listitem\">\n\t\t\t\t<div class=\"elementor-post__text\">\n\t\t\t\t<h3 class=\"elementor-post__title\">\n\t\t\t<a href=\"https:\/\/www.saertex.com\/fr\/faqs\/wie-kann-ich-produkte-von-saertex-bestellen\/\" >\n\t\t\t\tComment puis-je commander des produits de SAERTEX ?\t\t\t<\/a>\n\t\t<\/h3>\n\t\t\t\t<div class=\"elementor-post__excerpt\">\n\t\t\t<p>Par l'interm\u00e9diaire de notre personnel de vente ou par demande sur notre site web.<\/p>\n\t\t<\/div>\n\t\t\t\t<\/div>\n\t\t\t\t<\/article>\n\t\t\t\t<article class=\"elementor-post elementor-grid-item post-29386 faqs type-faqs status-publish hentry category-bestellung-logistik\" role=\"listitem\">\n\t\t\t\t<div class=\"elementor-post__text\">\n\t\t\t\t<h3 class=\"elementor-post__title\">\n\t\t\t<a href=\"https:\/\/www.saertex.com\/fr\/faqs\/gibt-es-mindestbestellmengen\/\" >\n\t\t\t\tY a-t-il des quantit\u00e9s minimales \u00e0 commander ?\t\t\t<\/a>\n\t\t<\/h3>\n\t\t\t\t<div class=\"elementor-post__excerpt\">\n\t\t\t<p>Oui, elles varient en fonction du produit. Veuillez nous contacter pour plus de d\u00e9tails.<\/p>\n\t\t<\/div>\n\t\t\t\t<\/div>\n\t\t\t\t<\/article>\n\t\t\t\t<article class=\"elementor-post elementor-grid-item post-29382 faqs type-faqs status-publish hentry category-bestellung-logistik\" role=\"listitem\">\n\t\t\t\t<div class=\"elementor-post__text\">\n\t\t\t\t<h3 class=\"elementor-post__title\">\n\t\t\t<a href=\"https:\/\/www.saertex.com\/fr\/faqs\/wie-lange-sind-die-lieferzeiten\/\" >\n\t\t\t\tQuels sont les d\u00e9lais de livraison ?\t\t\t<\/a>\n\t\t<\/h3>\n\t\t\t\t<div class=\"elementor-post__excerpt\">\n\t\t\t<p>En fonction des mat\u00e9riaux, des co\u00fbts de production et de l'emplacement. Nos produits standard, comme la Basicline, sont g\u00e9n\u00e9ralement disponibles \u00e0 court terme.<\/p>\n\t\t<\/div>\n\t\t\t\t<\/div>\n\t\t\t\t<\/article>\n\t\t\t\t<article class=\"elementor-post elementor-grid-item post-29375 faqs type-faqs status-publish hentry category-bestellung-logistik\" role=\"listitem\">\n\t\t\t\t<div class=\"elementor-post__text\">\n\t\t\t\t<h3 class=\"elementor-post__title\">\n\t\t\t<a href=\"https:\/\/www.saertex.com\/fr\/faqs\/gibt-es-technische-datenblaetter-und-zertifikate\/\" >\n\t\t\t\tExiste-t-il des fiches techniques et des certificats ?\t\t\t<\/a>\n\t\t<\/h3>\n\t\t\t\t<div class=\"elementor-post__excerpt\">\n\t\t\t<p>Oui, vous pouvez t\u00e9l\u00e9charger tous les documents pertinents ici.<\/p>\n\t\t<\/div>\n\t\t\t\t<\/div>\n\t\t\t\t<\/article>\n\t\t\t\t<\/div>\n\t\t\n\t\t\t\t\t\t<\/div>\n\t\t\t\t<\/div>\n\t\t\t\t<\/div>\n\t\t\t\t\t<\/div>\n\t\t\t\t<\/div>\n\t\t\t\t<\/div>","protected":false},"excerpt":{"rendered":"<p>Schmaltextilien Lorem ipsum Lorem ipsum dolor sit amet, consetetur sadipscing elitr, sed diam nonumy eirmod tempor invidunt ut labore et dolore magna aliquyam erat, sed diam voluptua. At vero eos et accusam et justo duo dolores et ea rebum. Stet clita kasd gubergren, no sea takimata sanctus est Lorem ipsum dolor sit amet. Lorem ipsum [&hellip;]<\/p>\n","protected":false},"author":1,"featured_media":0,"parent":16145,"menu_order":3,"comment_status":"closed","ping_status":"closed","template":"","meta":{"_acf_changed":false,"content-type":"","footnotes":""},"categories":[],"tags":[],"competences":[],"products":[],"class_list":["post-32949","page","type-page","status-publish","hentry"],"acf":[],"_links":{"self":[{"href":"https:\/\/www.saertex.com\/fr\/wp-json\/wp\/v2\/pages\/32949","targetHints":{"allow":["GET"]}}],"collection":[{"href":"https:\/\/www.saertex.com\/fr\/wp-json\/wp\/v2\/pages"}],"about":[{"href":"https:\/\/www.saertex.com\/fr\/wp-json\/wp\/v2\/types\/page"}],"author":[{"embeddable":true,"href":"https:\/\/www.saertex.com\/fr\/wp-json\/wp\/v2\/users\/1"}],"replies":[{"embeddable":true,"href":"https:\/\/www.saertex.com\/fr\/wp-json\/wp\/v2\/comments?post=32949"}],"version-history":[{"count":0,"href":"https:\/\/www.saertex.com\/fr\/wp-json\/wp\/v2\/pages\/32949\/revisions"}],"up":[{"embeddable":true,"href":"https:\/\/www.saertex.com\/fr\/wp-json\/wp\/v2\/pages\/16145"}],"wp:attachment":[{"href":"https:\/\/www.saertex.com\/fr\/wp-json\/wp\/v2\/media?parent=32949"}],"wp:term":[{"taxonomy":"category","embeddable":true,"href":"https:\/\/www.saertex.com\/fr\/wp-json\/wp\/v2\/categories?post=32949"},{"taxonomy":"post_tag","embeddable":true,"href":"https:\/\/www.saertex.com\/fr\/wp-json\/wp\/v2\/tags?post=32949"},{"taxonomy":"competences","embeddable":true,"href":"https:\/\/www.saertex.com\/fr\/wp-json\/wp\/v2\/competences?post=32949"},{"taxonomy":"products","embeddable":true,"href":"https:\/\/www.saertex.com\/fr\/wp-json\/wp\/v2\/products?post=32949"}],"curies":[{"name":"wp","href":"https:\/\/api.w.org\/{rel}","templated":true}]}}