{"id":32674,"date":"2025-11-06T09:35:54","date_gmt":"2025-11-06T08:35:26","guid":{"rendered":"https:\/\/www.saertex.com\/?page_id=32674"},"modified":"2026-02-10T17:11:30","modified_gmt":"2026-02-10T16:11:30","slug":"gestion-dentreprise","status":"publish","type":"page","link":"https:\/\/www.saertex.com\/fr\/unternehmen\/unternehmensfuehrung\/","title":{"rendered":"gestion d'entreprise"},"content":{"rendered":"<div data-elementor-type=\"wp-page\" data-elementor-id=\"32674\" class=\"elementor elementor-32674\" data-elementor-post-type=\"page\">\n\t\t\t\t<div class=\"elementor-element elementor-element-1a74d780 e-flex e-con-boxed e-con e-parent\" data-id=\"1a74d780\" data-element_type=\"container\" data-settings=\"{&quot;background_background&quot;:&quot;classic&quot;}\">\n\t\t\t\t\t<div class=\"e-con-inner\">\n\t\t<div class=\"elementor-element elementor-element-393dd6b0 e-con-full e-flex elementor-invisible e-con e-child\" data-id=\"393dd6b0\" data-element_type=\"container\" data-settings=\"{&quot;animation&quot;:&quot;fadeIn&quot;}\">\n\t\t\t\t<div class=\"elementor-element elementor-element-4ebba83a elementor-widget elementor-widget-heading\" data-id=\"4ebba83a\" data-element_type=\"widget\" data-widget_type=\"heading.default\">\n\t\t\t\t\t<h1 class=\"elementor-heading-title elementor-size-default\">Gestion d'entreprise<\/h1>\t\t\t\t<\/div>\n\t\t\t\t<\/div>\n\t\t\t\t\t<\/div>\n\t\t\t\t<\/div>\n\t\t<div class=\"elementor-element elementor-element-7c2c053 e-flex e-con-boxed e-con e-parent\" data-id=\"7c2c053\" data-element_type=\"container\" data-settings=\"{&quot;background_background&quot;:&quot;classic&quot;}\">\n\t\t\t\t\t<div class=\"e-con-inner\">\n\t\t<div class=\"elementor-element elementor-element-4bcf657 e-con-full e-flex elementor-invisible e-con e-child\" data-id=\"4bcf657\" data-element_type=\"container\" data-settings=\"{&quot;animation&quot;:&quot;fadeInLeft&quot;}\">\n\t\t\t\t<div class=\"elementor-element elementor-element-8a2a777 title-color-1 elementor-widget elementor-widget-heading\" data-id=\"8a2a777\" data-element_type=\"widget\" data-widget_type=\"heading.default\">\n\t\t\t\t\t<h2 class=\"elementor-heading-title elementor-size-default\">UNE ENTREPRISE FAMILIALE DE TRADITION<\/h2>\t\t\t\t<\/div>\n\t\t\t\t<div class=\"elementor-element elementor-element-381503f elementor-widget elementor-widget-text-editor\" data-id=\"381503f\" data-element_type=\"widget\" data-widget_type=\"text-editor.default\">\n\t\t\t\t\t\t\t\t\t<p data-start=\"201\" data-end=\"497\" class=\"translation-block\">SAERTEX est une entreprise familiale ind\u00e9pendante qui, depuis sa cr\u00e9ation en 1982, se caract\u00e9rise par une structure de propri\u00e9t\u00e9 responsable et durable. La famille des associ\u00e9s est synonyme de continuit\u00e9 entrepreneuriale, de croissance durable et d'une vision claire pour l'avenir de l'entreprise.<\/p><p data-start=\"499\" data-end=\"892\" class=\"translation-block\">Gr\u00e2ce \u00e0 leur engagement sans faille, leur attachement \u00e0 l'entreprise et leur confiance envers les collaborateurs, ils cr\u00e9ent un cadre propice au d\u00e9veloppement mondial de SAERTEX. Les \u00e9changes \u00e9troits entre les propri\u00e9taires et la direction constituent une base importante pour les d\u00e9cisions strat\u00e9giques et l'orientation tourn\u00e9e vers l'avenir de l'entreprise.<\/p>\t\t\t\t\t\t\t\t<\/div>\n\t\t\t\t<div class=\"elementor-element elementor-element-97271e7 elementor-widget elementor-widget-button\" data-id=\"97271e7\" data-element_type=\"widget\" data-widget_type=\"button.default\">\n\t\t\t\t\t\t\t\t\t\t<a class=\"elementor-button elementor-button-link elementor-size-sm\" href=\"https:\/\/www.saertex.com\/fr\/entreprise\/\">\n\t\t\t\t\t\t<span class=\"elementor-button-content-wrapper\">\n\t\t\t\t\t\t<span class=\"elementor-button-icon\">\n\t\t\t\t<i aria-hidden=\"true\" class=\"fas fa-long-arrow-alt-right\"><\/i>\t\t\t<\/span>\n\t\t\t\t\t\t\t\t\t<span class=\"elementor-button-text\">Notre histoire<\/span>\n\t\t\t\t\t<\/span>\n\t\t\t\t\t<\/a>\n\t\t\t\t\t\t\t\t<\/div>\n\t\t\t\t<\/div>\n\t\t<div class=\"elementor-element elementor-element-87dfd66 e-con-full e-flex elementor-invisible e-con e-child\" data-id=\"87dfd66\" data-element_type=\"container\" data-settings=\"{&quot;animation&quot;:&quot;fadeInRight&quot;}\">\n\t\t\t\t<div class=\"elementor-element elementor-element-0de06d6 elementor-widget elementor-widget-image\" data-id=\"0de06d6\" data-element_type=\"widget\" data-widget_type=\"image.default\">\n\t\t\t\t\t\t\t\t\t\t\t\t\t\t\t<img fetchpriority=\"high\" decoding=\"async\" width=\"800\" height=\"427\" src=\"https:\/\/www.saertex.com\/wp-content\/uploads\/2025\/12\/saertex_gf_gruppen-14-1024x546.jpg\" class=\"attachment-large size-large wp-image-33825\" alt=\"Personne en costume debout \u00e0 l&#039;ext\u00e9rieur\" srcset=\"https:\/\/www.saertex.com\/wp-content\/uploads\/2025\/12\/saertex_gf_gruppen-14-1024x546.jpg 1024w, https:\/\/www.saertex.com\/wp-content\/uploads\/2025\/12\/saertex_gf_gruppen-14-300x160.jpg 300w, https:\/\/www.saertex.com\/wp-content\/uploads\/2025\/12\/saertex_gf_gruppen-14-150x80.jpg 150w, https:\/\/www.saertex.com\/wp-content\/uploads\/2025\/12\/saertex_gf_gruppen-14-768x410.jpg 768w, https:\/\/www.saertex.com\/wp-content\/uploads\/2025\/12\/saertex_gf_gruppen-14-1536x819.jpg 1536w, https:\/\/www.saertex.com\/wp-content\/uploads\/2025\/12\/saertex_gf_gruppen-14-18x10.jpg 18w, https:\/\/www.saertex.com\/wp-content\/uploads\/2025\/12\/saertex_gf_gruppen-14.jpg 1920w\" sizes=\"(max-width: 800px) 100vw, 800px\" \/>\t\t\t\t\t\t\t\t\t\t\t\t\t\t\t<\/div>\n\t\t\t\t<\/div>\n\t\t\t\t\t<\/div>\n\t\t\t\t<\/div>\n\t\t<div class=\"elementor-element elementor-element-4c9ccf50 e-flex e-con-boxed e-con e-parent\" data-id=\"4c9ccf50\" data-element_type=\"container\" data-settings=\"{&quot;background_background&quot;:&quot;classic&quot;}\">\n\t\t\t\t\t<div class=\"e-con-inner\">\n\t\t<div class=\"elementor-element elementor-element-37896181 e-con-full e-flex elementor-invisible e-con e-child\" data-id=\"37896181\" data-element_type=\"container\" data-settings=\"{&quot;animation&quot;:&quot;fadeInRight&quot;}\">\n\t\t\t\t<div class=\"elementor-element elementor-element-6b6af18 elementor-widget elementor-widget-image\" data-id=\"6b6af18\" data-element_type=\"widget\" data-widget_type=\"image.default\">\n\t\t\t\t\t\t\t\t\t\t\t\t\t\t\t<img decoding=\"async\" width=\"800\" height=\"534\" src=\"https:\/\/www.saertex.com\/wp-content\/uploads\/2025\/12\/DSC0776-Verbessert-RR-1024x683.jpg\" class=\"attachment-large size-large wp-image-34432\" alt=\"Trois hommes en costume se tiennent dans un bureau moderne.\" srcset=\"https:\/\/www.saertex.com\/wp-content\/uploads\/2025\/12\/DSC0776-Verbessert-RR-1024x683.jpg 1024w, https:\/\/www.saertex.com\/wp-content\/uploads\/2025\/12\/DSC0776-Verbessert-RR-300x200.jpg 300w, https:\/\/www.saertex.com\/wp-content\/uploads\/2025\/12\/DSC0776-Verbessert-RR-150x100.jpg 150w, https:\/\/www.saertex.com\/wp-content\/uploads\/2025\/12\/DSC0776-Verbessert-RR-768x512.jpg 768w, https:\/\/www.saertex.com\/wp-content\/uploads\/2025\/12\/DSC0776-Verbessert-RR-1536x1024.jpg 1536w, https:\/\/www.saertex.com\/wp-content\/uploads\/2025\/12\/DSC0776-Verbessert-RR-18x12.jpg 18w, https:\/\/www.saertex.com\/wp-content\/uploads\/2025\/12\/DSC0776-Verbessert-RR.jpg 1920w\" sizes=\"(max-width: 800px) 100vw, 800px\" \/>\t\t\t\t\t\t\t\t\t\t\t\t\t\t\t<\/div>\n\t\t\t\t<\/div>\n\t\t<div class=\"elementor-element elementor-element-45608c7 e-con-full e-flex elementor-invisible e-con e-child\" data-id=\"45608c7\" data-element_type=\"container\" data-settings=\"{&quot;animation&quot;:&quot;fadeInLeft&quot;}\">\n\t\t\t\t<div class=\"elementor-element elementor-element-7b2758e8 title-color-1 elementor-widget elementor-widget-heading\" data-id=\"7b2758e8\" data-element_type=\"widget\" data-widget_type=\"heading.default\">\n\t\t\t\t\t<h2 class=\"elementor-heading-title elementor-size-default\">Une gestion strat\u00e9gique pour un succ\u00e8s durable<\/h2>\t\t\t\t<\/div>\n\t\t\t\t<div class=\"elementor-element elementor-element-7e988934 elementor-widget elementor-widget-text-editor\" data-id=\"7e988934\" data-element_type=\"widget\" data-widget_type=\"text-editor.default\">\n\t\t\t\t\t\t\t\t\t<p class=\"translation-block\">La direction de SAERTEX se distingue par sa force d'innovation, sa vision strat\u00e9gique et sa proximit\u00e9 avec les clients, ainsi que par sa capacit\u00e9 \u00e0 cr\u00e9er des solutions qui font progresser nos clients et leurs march\u00e9s.<\/p><p class=\"translation-block\">Notre \u00e9quipe de direction r\u00e9unit diff\u00e9rents profils professionnels et une exp\u00e9rience internationale dans les domaines de la technologie, de la production, de la distribution et du d\u00e9veloppement d'entreprise. Chaque cadre apporte sa propre expertise, qu'il s'agisse d'un savoir-faire approfondi dans le domaine des composites \u00e0 fibres haute performance ou d'une orientation strat\u00e9gique vers le march\u00e9 et les clients. La diversit\u00e9 de leurs perspectives constitue la base d'une croissance durable et du succ\u00e8s entrepreneurial.<\/p><p class=\"translation-block\">Ensemble, ils misent sur une collaboration transparente et ont pour ambition de d\u00e9velopper SAERTEX en tant que partenaire mondial en mati\u00e8re d'innovation.<\/p>\t\t\t\t\t\t\t\t<\/div>\n\t\t\t\t<\/div>\n\t\t\t\t\t<\/div>\n\t\t\t\t<\/div>\n\t\t<div class=\"elementor-element elementor-element-fa3e896 e-flex e-con-boxed e-con e-parent\" data-id=\"fa3e896\" data-element_type=\"container\" data-settings=\"{&quot;background_background&quot;:&quot;classic&quot;}\">\n\t\t\t\t\t<div class=\"e-con-inner\">\n\t\t<div class=\"elementor-element elementor-element-6ba85dec e-con-full e-flex elementor-invisible e-con e-child\" data-id=\"6ba85dec\" data-element_type=\"container\" data-settings=\"{&quot;animation&quot;:&quot;fadeInLeft&quot;}\">\n\t\t\t\t<div class=\"elementor-element elementor-element-353dc91b elementor-widget elementor-widget-image\" data-id=\"353dc91b\" data-element_type=\"widget\" data-widget_type=\"image.default\">\n\t\t\t\t\t\t\t\t\t\t\t\t\t\t\t<img decoding=\"async\" width=\"800\" height=\"534\" src=\"https:\/\/www.saertex.com\/wp-content\/uploads\/2025\/12\/DSC0951-Verbessert-RR-1024x683.jpg\" class=\"attachment-large size-large wp-image-34437\" alt=\"Un homme se tient debout dans un bureau moderne.\" srcset=\"https:\/\/www.saertex.com\/wp-content\/uploads\/2025\/12\/DSC0951-Verbessert-RR-1024x683.jpg 1024w, https:\/\/www.saertex.com\/wp-content\/uploads\/2025\/12\/DSC0951-Verbessert-RR-300x200.jpg 300w, https:\/\/www.saertex.com\/wp-content\/uploads\/2025\/12\/DSC0951-Verbessert-RR-150x100.jpg 150w, https:\/\/www.saertex.com\/wp-content\/uploads\/2025\/12\/DSC0951-Verbessert-RR-768x512.jpg 768w, https:\/\/www.saertex.com\/wp-content\/uploads\/2025\/12\/DSC0951-Verbessert-RR-1536x1024.jpg 1536w, https:\/\/www.saertex.com\/wp-content\/uploads\/2025\/12\/DSC0951-Verbessert-RR-18x12.jpg 18w, https:\/\/www.saertex.com\/wp-content\/uploads\/2025\/12\/DSC0951-Verbessert-RR.jpg 1920w\" sizes=\"(max-width: 800px) 100vw, 800px\" \/>\t\t\t\t\t\t\t\t\t\t\t\t\t\t\t<\/div>\n\t\t\t\t<\/div>\n\t\t<div class=\"elementor-element elementor-element-5f972751 e-con-full e-flex elementor-invisible e-con e-child\" data-id=\"5f972751\" data-element_type=\"container\" data-settings=\"{&quot;animation&quot;:&quot;fadeInRight&quot;}\">\n\t\t\t\t<div class=\"elementor-element elementor-element-7374bb2b elementor-widget elementor-widget-heading\" data-id=\"7374bb2b\" data-element_type=\"widget\" data-widget_type=\"heading.default\">\n\t\t\t\t\t<h2 class=\"elementor-heading-title elementor-size-default\">Christian Beckmann<\/h2>\t\t\t\t<\/div>\n\t\t\t\t<div class=\"elementor-element elementor-element-292ec5b7 elementor-widget elementor-widget-text-editor\" data-id=\"292ec5b7\" data-element_type=\"widget\" data-widget_type=\"text-editor.default\">\n\t\t\t\t\t\t\t\t\t<p class=\"translation-block\">En tant que PDG, Christian Beckmann est responsable du d\u00e9veloppement strat\u00e9gique de S\u2060A\u2060E\u2060R\u2060T\u2060E\u2060X\u2060, avec un accent particulier sur les ventes, le marketing, le d\u00e9veloppement du march\u00e9 mondial, la gestion du portefeuille et l'ouverture de nouveaux domaines d'activit\u00e9.<\/p><p class=\"translation-block\">Il incarne une culture de gestion ouverte et tourn\u00e9e vers l'avenir et promeut le positionnement de l'entreprise en tant que partenaire mondial pour les solutions composites.<\/p><p class=\"translation-block\">Fort d'une longue exp\u00e9rience internationale dans la gestion d'entreprise, le marketing et la distribution, le d\u00e9veloppement de produits et de mod\u00e8les commerciaux innovants, les fusions-acquisitions, ainsi que la num\u00e9risation et la durabilit\u00e9, il se concentre principalement sur le d\u00e9veloppement prospectif de l'entreprise.<\/p>\t\t\t\t\t\t\t\t<\/div>\n\t\t\t\t<\/div>\n\t\t\t\t\t<\/div>\n\t\t\t\t<\/div>\n\t\t<div class=\"elementor-element elementor-element-e60e7a6 e-flex e-con-boxed e-con e-parent\" data-id=\"e60e7a6\" data-element_type=\"container\" data-settings=\"{&quot;background_background&quot;:&quot;classic&quot;}\">\n\t\t\t\t\t<div class=\"e-con-inner\">\n\t\t<div class=\"elementor-element elementor-element-f8b3806 e-con-full e-flex elementor-invisible e-con e-child\" data-id=\"f8b3806\" data-element_type=\"container\" data-settings=\"{&quot;animation&quot;:&quot;fadeInLeft&quot;}\">\n\t\t\t\t<div class=\"elementor-element elementor-element-5f04a48 title-color-1 elementor-widget elementor-widget-heading\" data-id=\"5f04a48\" data-element_type=\"widget\" data-widget_type=\"heading.default\">\n\t\t\t\t\t<h2 class=\"elementor-heading-title elementor-size-default\">Roland Nowicki<\/h2>\t\t\t\t<\/div>\n\t\t\t\t<div class=\"elementor-element elementor-element-cab294d elementor-widget elementor-widget-text-editor\" data-id=\"cab294d\" data-element_type=\"widget\" data-widget_type=\"text-editor.default\">\n\t\t\t\t\t\t\t\t\t<p class=\"translation-block\">En tant que PDG, Roland Nowicki est responsable de la planification strat\u00e9gique et de l'orientation de SAERTEX, ainsi que du d\u00e9veloppement de structures organisationnelles efficaces et d'\u00e9quipes mondiales dans des domaines op\u00e9rationnels et fonctionnels essentiels.<\/p><p class=\"translation-block\">Il incarne une culture d'entreprise ouverte et communicative ainsi qu'une gestion strat\u00e9gique ax\u00e9e sur le long terme.<\/p><p class=\"translation-block\">Fort d'une longue exp\u00e9rience internationale dans les domaines de la strat\u00e9gie, de la restructuration et du marketing &amp; sales, il se concentre principalement sur le d\u00e9veloppement strat\u00e9gique et le renforcement de la sant\u00e9 financi\u00e8re et de la rentabilit\u00e9 du groupe SAERTEX, tout en d\u00e9veloppant des partenariats innovants et de grande qualit\u00e9 avec des fournisseurs et divers acteurs du secteur des composites.<\/p>\t\t\t\t\t\t\t\t<\/div>\n\t\t\t\t<\/div>\n\t\t<div class=\"elementor-element elementor-element-4dec5c2 e-con-full e-flex elementor-invisible e-con e-child\" data-id=\"4dec5c2\" data-element_type=\"container\" data-settings=\"{&quot;animation&quot;:&quot;fadeInRight&quot;}\">\n\t\t\t\t<div class=\"elementor-element elementor-element-4aecc92 elementor-widget elementor-widget-image\" data-id=\"4aecc92\" data-element_type=\"widget\" data-widget_type=\"image.default\">\n\t\t\t\t\t\t\t\t\t\t\t\t\t\t\t<img loading=\"lazy\" decoding=\"async\" width=\"800\" height=\"534\" src=\"https:\/\/www.saertex.com\/wp-content\/uploads\/2025\/12\/DSC0978-Verbessert-RR-1024x683.jpg\" class=\"attachment-large size-large wp-image-34441\" alt=\"Un homme en costume se tient debout dans un bureau moderne.\" srcset=\"https:\/\/www.saertex.com\/wp-content\/uploads\/2025\/12\/DSC0978-Verbessert-RR-1024x683.jpg 1024w, https:\/\/www.saertex.com\/wp-content\/uploads\/2025\/12\/DSC0978-Verbessert-RR-300x200.jpg 300w, https:\/\/www.saertex.com\/wp-content\/uploads\/2025\/12\/DSC0978-Verbessert-RR-150x100.jpg 150w, https:\/\/www.saertex.com\/wp-content\/uploads\/2025\/12\/DSC0978-Verbessert-RR-768x512.jpg 768w, https:\/\/www.saertex.com\/wp-content\/uploads\/2025\/12\/DSC0978-Verbessert-RR-1536x1024.jpg 1536w, https:\/\/www.saertex.com\/wp-content\/uploads\/2025\/12\/DSC0978-Verbessert-RR-18x12.jpg 18w, https:\/\/www.saertex.com\/wp-content\/uploads\/2025\/12\/DSC0978-Verbessert-RR.jpg 1920w\" sizes=\"(max-width: 800px) 100vw, 800px\" \/>\t\t\t\t\t\t\t\t\t\t\t\t\t\t\t<\/div>\n\t\t\t\t<\/div>\n\t\t\t\t\t<\/div>\n\t\t\t\t<\/div>\n\t\t<div class=\"elementor-element elementor-element-6f1b7b0 e-flex e-con-boxed e-con e-parent\" data-id=\"6f1b7b0\" data-element_type=\"container\" data-settings=\"{&quot;background_background&quot;:&quot;classic&quot;}\">\n\t\t\t\t\t<div class=\"e-con-inner\">\n\t\t<div class=\"elementor-element elementor-element-91e60a0 e-con-full e-flex elementor-invisible e-con e-child\" data-id=\"91e60a0\" data-element_type=\"container\" data-settings=\"{&quot;animation&quot;:&quot;fadeInLeft&quot;}\">\n\t\t\t\t<div class=\"elementor-element elementor-element-2f60eda elementor-widget elementor-widget-image\" data-id=\"2f60eda\" data-element_type=\"widget\" data-widget_type=\"image.default\">\n\t\t\t\t\t\t\t\t\t\t\t\t\t\t\t<img loading=\"lazy\" decoding=\"async\" width=\"800\" height=\"534\" src=\"https:\/\/www.saertex.com\/wp-content\/uploads\/2025\/12\/DSC0918-Verbessert-RR-1024x683.jpg\" class=\"attachment-large size-large wp-image-34442\" alt=\"Homme en costume appuy\u00e9 contre un mur\" srcset=\"https:\/\/www.saertex.com\/wp-content\/uploads\/2025\/12\/DSC0918-Verbessert-RR-1024x683.jpg 1024w, https:\/\/www.saertex.com\/wp-content\/uploads\/2025\/12\/DSC0918-Verbessert-RR-300x200.jpg 300w, https:\/\/www.saertex.com\/wp-content\/uploads\/2025\/12\/DSC0918-Verbessert-RR-150x100.jpg 150w, https:\/\/www.saertex.com\/wp-content\/uploads\/2025\/12\/DSC0918-Verbessert-RR-768x512.jpg 768w, https:\/\/www.saertex.com\/wp-content\/uploads\/2025\/12\/DSC0918-Verbessert-RR-1536x1024.jpg 1536w, https:\/\/www.saertex.com\/wp-content\/uploads\/2025\/12\/DSC0918-Verbessert-RR-18x12.jpg 18w, https:\/\/www.saertex.com\/wp-content\/uploads\/2025\/12\/DSC0918-Verbessert-RR.jpg 1920w\" sizes=\"(max-width: 800px) 100vw, 800px\" \/>\t\t\t\t\t\t\t\t\t\t\t\t\t\t\t<\/div>\n\t\t\t\t<\/div>\n\t\t<div class=\"elementor-element elementor-element-2c75872 e-con-full e-flex elementor-invisible e-con e-child\" data-id=\"2c75872\" data-element_type=\"container\" data-settings=\"{&quot;animation&quot;:&quot;fadeInRight&quot;}\">\n\t\t\t\t<div class=\"elementor-element elementor-element-0595860 elementor-widget elementor-widget-heading\" data-id=\"0595860\" data-element_type=\"widget\" data-widget_type=\"heading.default\">\n\t\t\t\t\t<h2 class=\"elementor-heading-title elementor-size-default\">Dietmar M\u00f6cke<\/h2>\t\t\t\t<\/div>\n\t\t\t\t<div class=\"elementor-element elementor-element-f1a081b elementor-widget elementor-widget-text-editor\" data-id=\"f1a081b\" data-element_type=\"widget\" data-widget_type=\"text-editor.default\">\n\t\t\t\t\t\t\t\t\t<p class=\"translation-block\">En tant que directeur technique, Dietmar M\u00f6cke est responsable de l'orientation technologique et de l'innovation chez \u2060S\u2060A\u2060E\u2060R\u2060T\u2060E\u2060X, en particulier dans le domaine de la technologie des machines.<\/p><p class=\"translation-block\">Gr\u00e2ce \u00e0 sa connaissance approfondie des mat\u00e9riaux et des processus, il fait avancer le d\u00e9veloppement de nouvelles solutions pour les applications de construction l\u00e9g\u00e8re dans divers segments.<\/p><p class=\"translation-block\">Dietmar allie une longue exp\u00e9rience technologique \u00e0 une mise en \u0153uvre pratique et entretient des relations \u00e9troites avec les clients, les partenaires de recherche et les \u00e9quipes internationales. Il est \u00e0 l'origine d'innovations particuli\u00e8res du groupe SAERTEX, telles que la d\u00e9tection des couches internes pour l'assurance qualit\u00e9 des structures NCF multicouches, ainsi que le d\u00e9veloppement de technologies de fabrication hautement flexibles.<\/p>\t\t\t\t\t\t\t\t<\/div>\n\t\t\t\t<\/div>\n\t\t\t\t\t<\/div>\n\t\t\t\t<\/div>\n\t\t<div class=\"elementor-element elementor-element-147cdc1 e-flex e-con-boxed e-con e-parent\" data-id=\"147cdc1\" data-element_type=\"container\">\n\t\t\t\t\t<div class=\"e-con-inner\">\n\t\t\t\t\t<\/div>\n\t\t\t\t<\/div>\n\t\t\t\t<\/div>","protected":false},"excerpt":{"rendered":"<p>Unternehmens&shy;f\u00fchrung EIN FAMILIENUNTERNEHMEN MIT TRADITION SAERTEX ist ein unabh\u00e4ngiges Familienunternehmen, das seit seiner Gr\u00fcndung 1982 von einer langfristigen, verantwortungsbewussten Eigent\u00fcmerstruktur gepr\u00e4gt wird. Die Gesellschafter-Familie steht f\u00fcr unternehmerische Kontinuit\u00e4t, nachhaltiges Wachstum und eine klare Vision f\u00fcr die Zukunft des Unternehmens. Mit ihrem starken Engagement, ihrer Verbundenheit zum Unternehmen und ihrem Vertrauen in die Mitarbeitenden schaffen sie [&hellip;]<\/p>\n","protected":false},"author":9,"featured_media":0,"parent":15306,"menu_order":1,"comment_status":"closed","ping_status":"closed","template":"","meta":{"_acf_changed":false,"content-type":"","footnotes":""},"categories":[],"tags":[],"competences":[],"products":[],"class_list":["post-32674","page","type-page","status-publish","hentry"],"acf":[],"_links":{"self":[{"href":"https:\/\/www.saertex.com\/fr\/wp-json\/wp\/v2\/pages\/32674","targetHints":{"allow":["GET"]}}],"collection":[{"href":"https:\/\/www.saertex.com\/fr\/wp-json\/wp\/v2\/pages"}],"about":[{"href":"https:\/\/www.saertex.com\/fr\/wp-json\/wp\/v2\/types\/page"}],"author":[{"embeddable":true,"href":"https:\/\/www.saertex.com\/fr\/wp-json\/wp\/v2\/users\/9"}],"replies":[{"embeddable":true,"href":"https:\/\/www.saertex.com\/fr\/wp-json\/wp\/v2\/comments?post=32674"}],"version-history":[{"count":0,"href":"https:\/\/www.saertex.com\/fr\/wp-json\/wp\/v2\/pages\/32674\/revisions"}],"up":[{"embeddable":true,"href":"https:\/\/www.saertex.com\/fr\/wp-json\/wp\/v2\/pages\/15306"}],"wp:attachment":[{"href":"https:\/\/www.saertex.com\/fr\/wp-json\/wp\/v2\/media?parent=32674"}],"wp:term":[{"taxonomy":"category","embeddable":true,"href":"https:\/\/www.saertex.com\/fr\/wp-json\/wp\/v2\/categories?post=32674"},{"taxonomy":"post_tag","embeddable":true,"href":"https:\/\/www.saertex.com\/fr\/wp-json\/wp\/v2\/tags?post=32674"},{"taxonomy":"competences","embeddable":true,"href":"https:\/\/www.saertex.com\/fr\/wp-json\/wp\/v2\/competences?post=32674"},{"taxonomy":"products","embeddable":true,"href":"https:\/\/www.saertex.com\/fr\/wp-json\/wp\/v2\/products?post=32674"}],"curies":[{"name":"wp","href":"https:\/\/api.w.org\/{rel}","templated":true}]}}