{"id":16162,"date":"2025-06-05T11:50:54","date_gmt":"2025-06-05T09:50:17","guid":{"rendered":"https:\/\/www.saertex.com\/powder-binding"},"modified":"2026-02-10T17:10:01","modified_gmt":"2026-02-10T16:10:01","slug":"connecteur-a-poudre","status":"publish","type":"page","link":"https:\/\/www.saertex.com\/fr\/produkte\/zusatzloesungen\/pulverbinder\/","title":{"rendered":"Connecteur de pulsation"},"content":{"rendered":"\t\t<div data-elementor-type=\"wp-page\" data-elementor-id=\"16162\" class=\"elementor elementor-16162\" data-elementor-post-type=\"page\">\n\t\t\t\t<div class=\"elementor-element elementor-element-3d65898 e-flex e-con-boxed e-con e-parent\" data-id=\"3d65898\" data-element_type=\"container\" data-settings=\"{&quot;background_background&quot;:&quot;classic&quot;}\">\n\t\t\t\t\t<div class=\"e-con-inner\">\n\t\t<div class=\"elementor-element elementor-element-2f755f9 e-con-full e-flex elementor-invisible e-con e-child\" data-id=\"2f755f9\" data-element_type=\"container\" data-settings=\"{&quot;animation&quot;:&quot;fadeIn&quot;}\">\n\t\t\t\t<div class=\"elementor-element elementor-element-06599e2 elementor-widget elementor-widget-heading\" data-id=\"06599e2\" data-element_type=\"widget\" data-widget_type=\"heading.default\">\n\t\t\t\t\t<h1 class=\"elementor-heading-title elementor-size-default\">Pulverbinder<\/h1>\t\t\t\t<\/div>\n\t\t\t\t<\/div>\n\t\t\t\t\t<\/div>\n\t\t\t\t<\/div>\n\t\t<div class=\"elementor-element elementor-element-bc814b9 e-flex e-con-boxed e-con e-parent\" data-id=\"bc814b9\" data-element_type=\"container\" id=\"anchor-nav\" data-settings=\"{&quot;background_background&quot;:&quot;classic&quot;,&quot;sticky&quot;:&quot;top&quot;,&quot;sticky_offset&quot;:140,&quot;sticky_offset_mobile&quot;:90,&quot;sticky_effects_offset_tablet_extra&quot;:0,&quot;sticky_effects_offset_tablet&quot;:0,&quot;sticky_effects_offset_mobile&quot;:0,&quot;sticky_anchor_link_offset_tablet_extra&quot;:0,&quot;sticky_anchor_link_offset_tablet&quot;:0,&quot;sticky_anchor_link_offset_mobile&quot;:0,&quot;sticky_on&quot;:[&quot;desktop&quot;,&quot;tablet_extra&quot;,&quot;tablet&quot;,&quot;mobile&quot;],&quot;sticky_effects_offset&quot;:0,&quot;sticky_anchor_link_offset&quot;:0}\">\n\t\t\t\t\t<div class=\"e-con-inner\">\n\t\t<div class=\"elementor-element elementor-element-4ac2c56 e-con-full anchor-nav-title elementor-hidden-mobile e-flex e-con e-child\" data-id=\"4ac2c56\" data-element_type=\"container\">\n\t\t\t\t<div class=\"elementor-element elementor-element-56e163c elementor-icon-list--layout-inline anchor-nav-title elementor-list-item-link-full_width elementor-widget elementor-widget-icon-list\" data-id=\"56e163c\" data-element_type=\"widget\" data-widget_type=\"icon-list.default\">\n\t\t\t\t\t\t\t<ul class=\"elementor-icon-list-items elementor-inline-items\">\n\t\t\t\t\t\t\t<li class=\"elementor-icon-list-item elementor-inline-item\">\n\t\t\t\t\t\t\t\t\t\t<span class=\"elementor-icon-list-text\">Pulverbinder<\/span>\n\t\t\t\t\t\t\t\t\t<\/li>\n\t\t\t\t\t\t<\/ul>\n\t\t\t\t\t\t<\/div>\n\t\t\t\t<\/div>\n\t\t<div class=\"elementor-element elementor-element-299d291 e-con-full e-flex e-con e-child\" data-id=\"299d291\" data-element_type=\"container\">\n\t\t\t\t<div class=\"elementor-element elementor-element-cfddf96 elementor-icon-list--layout-inline elementor-list-item-link-full_width elementor-widget elementor-widget-icon-list\" data-id=\"cfddf96\" data-element_type=\"widget\" data-widget_type=\"icon-list.default\">\n\t\t\t\t\t\t\t<ul class=\"elementor-icon-list-items elementor-inline-items\">\n\t\t\t\t\t\t\t<li class=\"elementor-icon-list-item elementor-inline-item\">\n\t\t\t\t\t\t\t\t\t\t\t<a href=\"#benefits\">\n\n\t\t\t\t\t\t\t\t\t\t\t<span class=\"elementor-icon-list-text\">Vorteile<\/span>\n\t\t\t\t\t\t\t\t\t\t\t<\/a>\n\t\t\t\t\t\t\t\t\t<\/li>\n\t\t\t\t\t\t\t\t<li class=\"elementor-icon-list-item elementor-inline-item\">\n\t\t\t\t\t\t\t\t\t\t\t<a href=\"#principle\">\n\n\t\t\t\t\t\t\t\t\t\t\t<span class=\"elementor-icon-list-text\">Grundprinzip<\/span>\n\t\t\t\t\t\t\t\t\t\t\t<\/a>\n\t\t\t\t\t\t\t\t\t<\/li>\n\t\t\t\t\t\t\t\t<li class=\"elementor-icon-list-item elementor-inline-item\">\n\t\t\t\t\t\t\t\t\t\t\t<a href=\"#application\">\n\n\t\t\t\t\t\t\t\t\t\t\t<span class=\"elementor-icon-list-text\">Anwendung<\/span>\n\t\t\t\t\t\t\t\t\t\t\t<\/a>\n\t\t\t\t\t\t\t\t\t<\/li>\n\t\t\t\t\t\t<\/ul>\n\t\t\t\t\t\t<\/div>\n\t\t\t\t<\/div>\n\t\t\t\t\t<\/div>\n\t\t\t\t<\/div>\n\t\t<div class=\"elementor-element elementor-element-bc64779 animated-slow e-flex e-con-boxed elementor-invisible e-con e-parent\" data-id=\"bc64779\" data-element_type=\"container\" data-settings=\"{&quot;background_background&quot;:&quot;classic&quot;,&quot;animation&quot;:&quot;fadeIn&quot;}\">\n\t\t\t\t\t<div class=\"e-con-inner\">\n\t\t<div class=\"elementor-element elementor-element-c310517 e-con-full e-flex elementor-invisible e-con e-child\" data-id=\"c310517\" data-element_type=\"container\" data-settings=\"{&quot;animation&quot;:&quot;fadeInLeft&quot;}\">\n\t\t\t\t<div class=\"elementor-element elementor-element-84174bf elementor-widget elementor-widget-heading\" data-id=\"84174bf\" data-element_type=\"widget\" data-widget_type=\"heading.default\">\n\t\t\t\t\t<h2 class=\"elementor-heading-title elementor-size-default\">Pulver<\/h2>\t\t\t\t<\/div>\n\t\t\t\t<div class=\"elementor-element elementor-element-ac87b7d elementor-widget elementor-widget-text-editor\" data-id=\"ac87b7d\" data-element_type=\"widget\" data-widget_type=\"text-editor.default\">\n\t\t\t\t\t\t\t\t\t<p class=\"translation-block\">Die Bepulverung von Gelegen bezeichnet ein Verfahren, bei dem pulverf\u00f6rmige Polimere auf die textile Struktur aufgebracht werden. Das ist ein wichtiger Verarbeitungsschritt in der automatisierten Faserverbundtechnik, speziell bei der Herstellung von Preforms oder semi-fertigen Halbzeugen.<\/p>\t\t\t\t\t\t\t\t<\/div>\n\t\t\t\t<div class=\"elementor-element elementor-element-1300127 elementor-widget elementor-widget-heading\" data-id=\"1300127\" data-element_type=\"widget\" data-widget_type=\"heading.default\">\n\t\t\t\t\t<h3 class=\"elementor-heading-title elementor-size-default\">Typische Einsatzbereiche<\/h3>\t\t\t\t<\/div>\n\t\t\t\t<div class=\"elementor-element elementor-element-2b8b552 elementor-widget elementor-widget-shortcode\" data-id=\"2b8b552\" data-element_type=\"widget\" data-widget_type=\"shortcode.default\">\n\t\t\t\t\t\t\t<div class=\"elementor-shortcode\"><a class=\"button-tag\" href=\"https:\/\/www.saertex.com\/fr\/einsatzbereiche\/windindustrie\/\">Windindustrie<i aria-hidden=\"true\" class=\"fas fa-long-arrow-alt-right\"><\/i><\/a><a class=\"button-tag\" href=\"https:\/\/www.saertex.com\/fr\/einsatzbereiche\/luftfahrt\/\">Luftfahrt<i aria-hidden=\"true\" class=\"fas fa-long-arrow-alt-right\"><\/i><\/a><a class=\"button-tag\" href=\"https:\/\/www.saertex.com\/fr\/einsatzbereiche\/automobil\/\">Automobil<i aria-hidden=\"true\" class=\"fas fa-long-arrow-alt-right\"><\/i><\/a><a class=\"button-tag\" href=\"https:\/\/www.saertex.com\/fr\/einsatzbereiche\/sport-leisure\/\">Sport &amp; Leisure<i aria-hidden=\"true\" class=\"fas fa-long-arrow-alt-right\"><\/i><\/a><\/div>\n\t\t\t\t\t\t<\/div>\n\t\t\t\t<\/div>\n\t\t<div class=\"elementor-element elementor-element-519460d bg-stretch-right e-con-full e-flex elementor-invisible e-con e-child\" data-id=\"519460d\" data-element_type=\"container\" data-settings=\"{&quot;background_background&quot;:&quot;video&quot;,&quot;animation&quot;:&quot;fadeInRight&quot;,&quot;background_video_link&quot;:&quot;https:\\\/\\\/www.saertex.com\\\/wp-content\\\/uploads\\\/2025\\\/10\\\/Pulver-Video-neu.mp4&quot;}\">\n\t\t<div class=\"elementor-background-video-container elementor-hidden-mobile\" aria-hidden=\"true\">\n\t\t\t\t\t\t\t<video class=\"elementor-background-video-hosted\" autoplay muted playsinline loop><\/video>\n\t\t\t\t\t<\/div>\t\t<\/div>\n\t\t\t\t\t<\/div>\n\t\t\t\t<\/div>\n\t\t<div class=\"elementor-element elementor-element-f1947ad e-flex e-con-boxed elementor-invisible e-con e-parent\" data-id=\"f1947ad\" data-element_type=\"container\" id=\"benefits\" data-settings=\"{&quot;background_background&quot;:&quot;classic&quot;,&quot;animation&quot;:&quot;fadeInUp&quot;}\">\n\t\t\t\t\t<div class=\"e-con-inner\">\n\t\t<div class=\"elementor-element elementor-element-d7f135a e-con-full e-flex e-con e-child\" data-id=\"d7f135a\" data-element_type=\"container\">\n\t\t\t\t<div class=\"elementor-element elementor-element-0143b24 elementor-widget elementor-widget-heading\" data-id=\"0143b24\" data-element_type=\"widget\" data-widget_type=\"heading.default\">\n\t\t\t\t\t<h2 class=\"elementor-heading-title elementor-size-default\">Die Vorteile der BEPULVERUNG auf einen Blick<\/h2>\t\t\t\t<\/div>\n\t\t<div class=\"elementor-element elementor-element-2bec1df e-con-full e-grid e-con e-child\" data-id=\"2bec1df\" data-element_type=\"container\">\n\t\t<div class=\"elementor-element elementor-element-03d11c5 e-con-full e-flex e-con e-child\" data-id=\"03d11c5\" data-element_type=\"container\">\n\t\t\t\t<div class=\"elementor-element elementor-element-0fbf0c4 elementor-view-default elementor-widget elementor-widget-icon\" data-id=\"0fbf0c4\" data-element_type=\"widget\" data-widget_type=\"icon.default\">\n\t\t\t\t\t\t\t<div class=\"elementor-icon-wrapper\">\n\t\t\t<div class=\"elementor-icon\">\n\t\t\t<i aria-hidden=\"true\" class=\"fas fa-check\"><\/i>\t\t\t<\/div>\n\t\t<\/div>\n\t\t\t\t\t\t<\/div>\n\t\t<div class=\"elementor-element elementor-element-5ead02a e-con-full e-flex e-con e-child\" data-id=\"5ead02a\" data-element_type=\"container\">\n\t\t\t\t<div class=\"elementor-element elementor-element-7ccb965 elementor-widget elementor-widget-heading\" data-id=\"7ccb965\" data-element_type=\"widget\" data-widget_type=\"heading.default\">\n\t\t\t\t\t<h4 class=\"elementor-heading-title elementor-size-default\">Fixierung der Faserlagen<\/h4>\t\t\t\t<\/div>\n\t\t\t\t<div class=\"elementor-element elementor-element-b7dee72 elementor-widget elementor-widget-text-editor\" data-id=\"b7dee72\" data-element_type=\"widget\" data-widget_type=\"text-editor.default\">\n\t\t\t\t\t\t\t\t\t<p class=\"translation-block\">Die Gelege verrutschen nicht mehr, der Drapierprozess wird einfacher.<\/p>\t\t\t\t\t\t\t\t<\/div>\n\t\t\t\t<\/div>\n\t\t\t\t<\/div>\n\t\t<div class=\"elementor-element elementor-element-4eedaf0 e-con-full e-flex e-con e-child\" data-id=\"4eedaf0\" data-element_type=\"container\">\n\t\t\t\t<div class=\"elementor-element elementor-element-9a70b2c elementor-view-default elementor-widget elementor-widget-icon\" data-id=\"9a70b2c\" data-element_type=\"widget\" data-widget_type=\"icon.default\">\n\t\t\t\t\t\t\t<div class=\"elementor-icon-wrapper\">\n\t\t\t<div class=\"elementor-icon\">\n\t\t\t<i aria-hidden=\"true\" class=\"fas fa-check\"><\/i>\t\t\t<\/div>\n\t\t<\/div>\n\t\t\t\t\t\t<\/div>\n\t\t<div class=\"elementor-element elementor-element-5859351 e-con-full e-flex e-con e-child\" data-id=\"5859351\" data-element_type=\"container\">\n\t\t\t\t<div class=\"elementor-element elementor-element-286e33d elementor-widget elementor-widget-heading\" data-id=\"286e33d\" data-element_type=\"widget\" data-widget_type=\"heading.default\">\n\t\t\t\t\t<h4 class=\"elementor-heading-title elementor-size-default\">Gleichm\u00e4\u00dfige Harzverteilung<\/h4>\t\t\t\t<\/div>\n\t\t\t\t<div class=\"elementor-element elementor-element-6999983 elementor-widget elementor-widget-text-editor\" data-id=\"6999983\" data-element_type=\"widget\" data-widget_type=\"text-editor.default\">\n\t\t\t\t\t\t\t\t\t<p class=\"translation-block\">Das Pulver kann bereits Teile der Matrix stellen, was Harzflusswege verbessert.<\/p>\t\t\t\t\t\t\t\t<\/div>\n\t\t\t\t<\/div>\n\t\t\t\t<\/div>\n\t\t<div class=\"elementor-element elementor-element-7c874a7 e-con-full e-flex e-con e-child\" data-id=\"7c874a7\" data-element_type=\"container\">\n\t\t\t\t<div class=\"elementor-element elementor-element-29c1607 elementor-view-default elementor-widget elementor-widget-icon\" data-id=\"29c1607\" data-element_type=\"widget\" data-widget_type=\"icon.default\">\n\t\t\t\t\t\t\t<div class=\"elementor-icon-wrapper\">\n\t\t\t<div class=\"elementor-icon\">\n\t\t\t<i aria-hidden=\"true\" class=\"fas fa-check\"><\/i>\t\t\t<\/div>\n\t\t<\/div>\n\t\t\t\t\t\t<\/div>\n\t\t<div class=\"elementor-element elementor-element-ac7a3ff e-con-full e-flex e-con e-child\" data-id=\"ac7a3ff\" data-element_type=\"container\">\n\t\t\t\t<div class=\"elementor-element elementor-element-92dc822 elementor-widget elementor-widget-heading\" data-id=\"92dc822\" data-element_type=\"widget\" data-widget_type=\"heading.default\">\n\t\t\t\t\t<h4 class=\"elementor-heading-title elementor-size-default\">Prozessvereinfachung<\/h4>\t\t\t\t<\/div>\n\t\t\t\t<div class=\"elementor-element elementor-element-2623383 elementor-widget elementor-widget-text-editor\" data-id=\"2623383\" data-element_type=\"widget\" data-widget_type=\"text-editor.default\">\n\t\t\t\t\t\t\t\t\t<p class=\"translation-block\">Das Preforming wird schneller, es ist weniger Zusatzkleber oder -spray n\u00f6tig. Entkopplung des Formgebenden und impr\u00e4gnierenden Prozesses.<\/p>\t\t\t\t\t\t\t\t<\/div>\n\t\t\t\t<\/div>\n\t\t\t\t<\/div>\n\t\t<div class=\"elementor-element elementor-element-d04e18c e-con-full e-flex e-con e-child\" data-id=\"d04e18c\" data-element_type=\"container\">\n\t\t\t\t<div class=\"elementor-element elementor-element-c005446 elementor-view-default elementor-widget elementor-widget-icon\" data-id=\"c005446\" data-element_type=\"widget\" data-widget_type=\"icon.default\">\n\t\t\t\t\t\t\t<div class=\"elementor-icon-wrapper\">\n\t\t\t<div class=\"elementor-icon\">\n\t\t\t<i aria-hidden=\"true\" class=\"fas fa-check\"><\/i>\t\t\t<\/div>\n\t\t<\/div>\n\t\t\t\t\t\t<\/div>\n\t\t<div class=\"elementor-element elementor-element-96fe370 e-con-full e-flex e-con e-child\" data-id=\"96fe370\" data-element_type=\"container\">\n\t\t\t\t<div class=\"elementor-element elementor-element-1a6e2c9 elementor-widget elementor-widget-heading\" data-id=\"1a6e2c9\" data-element_type=\"widget\" data-widget_type=\"heading.default\">\n\t\t\t\t\t<h4 class=\"elementor-heading-title elementor-size-default\">Sauberkeit<\/h4>\t\t\t\t<\/div>\n\t\t\t\t<div class=\"elementor-element elementor-element-7829b9e elementor-widget elementor-widget-text-editor\" data-id=\"7829b9e\" data-element_type=\"widget\" data-widget_type=\"text-editor.default\">\n\t\t\t\t\t\t\t\t\tPulverbindung ist meist trockener und emissions\u00e4rmer als Fl\u00fcssigkleber.\t\t\t\t\t\t\t\t<\/div>\n\t\t\t\t<\/div>\n\t\t\t\t<\/div>\n\t\t<div class=\"elementor-element elementor-element-23bf908 e-con-full e-flex e-con e-child\" data-id=\"23bf908\" data-element_type=\"container\">\n\t\t\t\t<div class=\"elementor-element elementor-element-5427cc1 elementor-view-default elementor-widget elementor-widget-icon\" data-id=\"5427cc1\" data-element_type=\"widget\" data-widget_type=\"icon.default\">\n\t\t\t\t\t\t\t<div class=\"elementor-icon-wrapper\">\n\t\t\t<div class=\"elementor-icon\">\n\t\t\t<i aria-hidden=\"true\" class=\"fas fa-check\"><\/i>\t\t\t<\/div>\n\t\t<\/div>\n\t\t\t\t\t\t<\/div>\n\t\t<div class=\"elementor-element elementor-element-9db1f3d e-con-full e-flex e-con e-child\" data-id=\"9db1f3d\" data-element_type=\"container\">\n\t\t\t\t<div class=\"elementor-element elementor-element-9abab0a elementor-widget elementor-widget-heading\" data-id=\"9abab0a\" data-element_type=\"widget\" data-widget_type=\"heading.default\">\n\t\t\t\t\t<h4 class=\"elementor-heading-title elementor-size-default\">Anpassbare Eigenschaften<\/h4>\t\t\t\t<\/div>\n\t\t\t\t<div class=\"elementor-element elementor-element-cd029d9 elementor-widget elementor-widget-text-editor\" data-id=\"cd029d9\" data-element_type=\"widget\" data-widget_type=\"text-editor.default\">\n\t\t\t\t\t\t\t\t\tPulverbinder k\u00f6nnen auf verschiedene Prozessarten abgestimmt werden, z.B. RTM, HP-RTM und Formpressverfahren.\t\t\t\t\t\t\t\t<\/div>\n\t\t\t\t<\/div>\n\t\t\t\t<\/div>\n\t\t\t\t<\/div>\n\t\t\t\t<\/div>\n\t\t\t\t\t<\/div>\n\t\t\t\t<\/div>\n\t\t<div class=\"elementor-element elementor-element-4869c62 e-flex e-con-boxed e-con e-parent\" data-id=\"4869c62\" data-element_type=\"container\" id=\"principle\">\n\t\t\t\t\t<div class=\"e-con-inner\">\n\t\t<div class=\"elementor-element elementor-element-ed470d5 e-con-full e-grid elementor-invisible e-con e-child\" data-id=\"ed470d5\" data-element_type=\"container\" data-settings=\"{&quot;animation&quot;:&quot;fadeInRight&quot;}\">\n\t\t<div class=\"elementor-element elementor-element-86363fe e-con-full e-flex e-con e-child\" data-id=\"86363fe\" data-element_type=\"container\">\n\t\t\t\t<div class=\"elementor-element elementor-element-67ca60f elementor-widget elementor-widget-text-editor\" data-id=\"67ca60f\" data-element_type=\"widget\" data-widget_type=\"text-editor.default\">\n\t\t\t\t\t\t\t\t\t<p class=\"translation-block\">1<\/p>\t\t\t\t\t\t\t\t<\/div>\n\t\t\t\t<div class=\"elementor-element elementor-element-4521074 elementor-widget elementor-widget-text-editor\" data-id=\"4521074\" data-element_type=\"widget\" data-widget_type=\"text-editor.default\">\n\t\t\t\t\t\t\t\t\t<p class=\"translation-block\">Ein Pulver wird gleichm\u00e4\u00dfig auf die Oberfl\u00e4che des Geleges aufgestreut und fixiert.<\/p>\t\t\t\t\t\t\t\t<\/div>\n\t\t\t\t<\/div>\n\t\t<div class=\"elementor-element elementor-element-9d6aca7 e-con-full e-flex e-con e-child\" data-id=\"9d6aca7\" data-element_type=\"container\">\n\t\t\t\t<div class=\"elementor-element elementor-element-cae3c71 elementor-widget elementor-widget-text-editor\" data-id=\"cae3c71\" data-element_type=\"widget\" data-widget_type=\"text-editor.default\">\n\t\t\t\t\t\t\t\t\t<p class=\"translation-block\">2<\/p>\t\t\t\t\t\t\t\t<\/div>\n\t\t\t\t<div class=\"elementor-element elementor-element-211134e elementor-widget elementor-widget-text-editor\" data-id=\"211134e\" data-element_type=\"widget\" data-widget_type=\"text-editor.default\">\n\t\t\t\t\t\t\t\t\t<p class=\"translation-block\">Anschlie\u00dfend wird zu Beginn der Bauteilherstellung das Pulver thermisch aktiviert, sodass es die Fasern fixiert oder als Matrixvorstufe dient.<\/p>\t\t\t\t\t\t\t\t<\/div>\n\t\t\t\t<\/div>\n\t\t<div class=\"elementor-element elementor-element-1f892f3 e-con-full e-flex e-con e-child\" data-id=\"1f892f3\" data-element_type=\"container\">\n\t\t\t\t<div class=\"elementor-element elementor-element-2dd6190 elementor-widget elementor-widget-text-editor\" data-id=\"2dd6190\" data-element_type=\"widget\" data-widget_type=\"text-editor.default\">\n\t\t\t\t\t\t\t\t\t<p class=\"translation-block\">3<\/p>\t\t\t\t\t\t\t\t<\/div>\n\t\t\t\t<div class=\"elementor-element elementor-element-699e0cb elementor-widget elementor-widget-text-editor\" data-id=\"699e0cb\" data-element_type=\"widget\" data-widget_type=\"text-editor.default\">\n\t\t\t\t\t\t\t\t\tDas Ergebnis: Lagerf\u00e4hige, dimensionsstabile Preforms, die sp\u00e4ter im RTM- oder Pressverfahren mit Matrixharz infiltriert werden.\t\t\t\t\t\t\t\t<\/div>\n\t\t\t\t<\/div>\n\t\t\t\t<\/div>\n\t\t\t\t\t<\/div>\n\t\t\t\t<\/div>\n\t\t<div class=\"elementor-element elementor-element-390568d e-flex e-con-boxed e-con e-parent\" data-id=\"390568d\" data-element_type=\"container\" id=\"application\" data-settings=\"{&quot;background_background&quot;:&quot;classic&quot;}\">\n\t\t\t\t\t<div class=\"e-con-inner\">\n\t\t<div class=\"elementor-element elementor-element-ce769c6 e-con-full e-flex elementor-invisible e-con e-child\" data-id=\"ce769c6\" data-element_type=\"container\" data-settings=\"{&quot;animation&quot;:&quot;fadeIn&quot;}\">\n\t\t\t\t<div class=\"elementor-element elementor-element-39f2659 elementor-widget elementor-widget-heading\" data-id=\"39f2659\" data-element_type=\"widget\" data-widget_type=\"heading.default\">\n\t\t\t\t\t<h2 class=\"elementor-heading-title elementor-size-default\">Gelege mit Pulverbinder in der Anwendung<\/h2>\t\t\t\t<\/div>\n\t\t\t\t<\/div>\n\t\t<div class=\"elementor-element elementor-element-72c6870 e-con-full e-grid grid-headline-links elementor-invisible e-con e-child\" data-id=\"72c6870\" data-element_type=\"container\" data-settings=\"{&quot;animation&quot;:&quot;fadeInUp&quot;}\">\n\t\t<div class=\"elementor-element elementor-element-5358fc3 e-con-full e-flex e-con e-child\" data-id=\"5358fc3\" data-element_type=\"container\" data-settings=\"{&quot;background_background&quot;:&quot;classic&quot;}\">\n\t\t<div class=\"elementor-element elementor-element-2d9d321 e-con-full e-flex e-con e-child\" data-id=\"2d9d321\" data-element_type=\"container\" data-settings=\"{&quot;background_background&quot;:&quot;classic&quot;}\">\n\t\t\t\t<\/div>\n\t\t<div class=\"elementor-element elementor-element-bbda658 e-con-full e-flex e-con e-child\" data-id=\"bbda658\" data-element_type=\"container\">\n\t\t\t\t<div class=\"elementor-element elementor-element-f00e7ac elementor-widget elementor-widget-heading\" data-id=\"f00e7ac\" data-element_type=\"widget\" data-widget_type=\"heading.default\">\n\t\t\t\t\t<h3 class=\"elementor-heading-title elementor-size-default\">Automobilbau<\/h3>\t\t\t\t<\/div>\n\t\t\t\t<div class=\"elementor-element elementor-element-f574237 elementor-widget elementor-widget-text-editor\" data-id=\"f574237\" data-element_type=\"widget\" data-widget_type=\"text-editor.default\">\n\t\t\t\t\t\t\t\t\tHerstellung von Preforms f\u00fcr Strukturbauteile (RTM)\t\t\t\t\t\t\t\t<\/div>\n\t\t\t\t<\/div>\n\t\t\t\t<\/div>\n\t\t<div class=\"elementor-element elementor-element-4122ec8 e-con-full e-flex e-con e-child\" data-id=\"4122ec8\" data-element_type=\"container\" data-settings=\"{&quot;background_background&quot;:&quot;classic&quot;}\">\n\t\t<div class=\"elementor-element elementor-element-6fb415b e-con-full e-flex e-con e-child\" data-id=\"6fb415b\" data-element_type=\"container\" data-settings=\"{&quot;background_background&quot;:&quot;classic&quot;}\">\n\t\t\t\t<\/div>\n\t\t<div class=\"elementor-element elementor-element-5fc480e e-con-full e-flex e-con e-child\" data-id=\"5fc480e\" data-element_type=\"container\">\n\t\t\t\t<div class=\"elementor-element elementor-element-a3c7ad2 elementor-widget elementor-widget-heading\" data-id=\"a3c7ad2\" data-element_type=\"widget\" data-widget_type=\"heading.default\">\n\t\t\t\t\t<h3 class=\"elementor-heading-title elementor-size-default\">Luftfahrt<\/h3>\t\t\t\t<\/div>\n\t\t\t\t<div class=\"elementor-element elementor-element-221593b elementor-widget elementor-widget-text-editor\" data-id=\"221593b\" data-element_type=\"widget\" data-widget_type=\"text-editor.default\">\n\t\t\t\t\t\t\t\t\tPreforms mit stabiler Geometrie f\u00fcr komplexe Laminatstrukturen\t\t\t\t\t\t\t\t<\/div>\n\t\t\t\t<\/div>\n\t\t\t\t<\/div>\n\t\t<div class=\"elementor-element elementor-element-dedcf2b e-con-full e-flex e-con e-child\" data-id=\"dedcf2b\" data-element_type=\"container\" data-settings=\"{&quot;background_background&quot;:&quot;classic&quot;}\">\n\t\t<div class=\"elementor-element elementor-element-148099d e-con-full e-flex e-con e-child\" data-id=\"148099d\" data-element_type=\"container\" data-settings=\"{&quot;background_background&quot;:&quot;classic&quot;}\">\n\t\t\t\t<\/div>\n\t\t<div class=\"elementor-element elementor-element-e21c465 e-con-full e-flex e-con e-child\" data-id=\"e21c465\" data-element_type=\"container\">\n\t\t\t\t<div class=\"elementor-element elementor-element-7a705f1 elementor-widget elementor-widget-heading\" data-id=\"7a705f1\" data-element_type=\"widget\" data-widget_type=\"heading.default\">\n\t\t\t\t\t<h3 class=\"elementor-heading-title elementor-size-default\">Windenergie<\/h3>\t\t\t\t<\/div>\n\t\t\t\t<div class=\"elementor-element elementor-element-7abeb2f elementor-widget elementor-widget-text-editor\" data-id=\"7abeb2f\" data-element_type=\"widget\" data-widget_type=\"text-editor.default\">\n\t\t\t\t\t\t\t\t\tFixierte Verst\u00e4rkungen f\u00fcr Rotorbl\u00e4tter\t\t\t\t\t\t\t\t<\/div>\n\t\t\t\t<\/div>\n\t\t\t\t<\/div>\n\t\t<div class=\"elementor-element elementor-element-777599b e-con-full e-flex e-con e-child\" data-id=\"777599b\" data-element_type=\"container\" data-settings=\"{&quot;background_background&quot;:&quot;classic&quot;}\">\n\t\t<div class=\"elementor-element elementor-element-64f300d e-con-full e-flex e-con e-child\" data-id=\"64f300d\" data-element_type=\"container\" data-settings=\"{&quot;background_background&quot;:&quot;classic&quot;}\">\n\t\t\t\t<\/div>\n\t\t<div class=\"elementor-element elementor-element-46109ca e-con-full e-flex e-con e-child\" data-id=\"46109ca\" data-element_type=\"container\">\n\t\t\t\t<div class=\"elementor-element elementor-element-fe2c79b elementor-widget elementor-widget-heading\" data-id=\"fe2c79b\" data-element_type=\"widget\" data-widget_type=\"heading.default\">\n\t\t\t\t\t<h3 class=\"elementor-heading-title elementor-size-default\">Sportartikel<\/h3>\t\t\t\t<\/div>\n\t\t\t\t<div class=\"elementor-element elementor-element-8f31426 elementor-widget elementor-widget-text-editor\" data-id=\"8f31426\" data-element_type=\"widget\" data-widget_type=\"text-editor.default\">\n\t\t\t\t\t\t\t\t\tKomplexe Bauteile mit definierten Faserausrichtungen\t\t\t\t\t\t\t\t<\/div>\n\t\t\t\t<\/div>\n\t\t\t\t<\/div>\n\t\t\t\t<\/div>\n\t\t\t\t\t<\/div>\n\t\t\t\t<\/div>\n\t\t\t\t<\/div>\n\t\t","protected":false},"excerpt":{"rendered":"<p>Pulverbinder Vorteile Grundprinzip Anwendung Pulver Die Bepulverung von Gelegen bezeichnet ein Verfahren, bei dem pulverf\u00f6rmige Polimere auf die textile Struktur aufgebracht werden. Das ist ein wichtiger Verarbeitungsschritt in der automatisierten Faserverbundtechnik, speziell bei der Herstellung von Preforms oder semi-fertigen Halbzeugen. Typische Einsatzbereiche Die Vorteile der BEPULVERUNG auf einen Blick Fixierung der Faserlagen Die Gelege verrutschen [&hellip;]<\/p>\n","protected":false},"author":12,"featured_media":0,"parent":16137,"menu_order":2,"comment_status":"closed","ping_status":"closed","template":"","meta":{"_acf_changed":false,"content-type":"","footnotes":""},"categories":[],"tags":[],"competences":[388,389,387,394],"products":[464],"class_list":["post-16162","page","type-page","status-publish","hentry","competences-wind-industry","competences-aviation","competences-automobile","competences-sport-and-leisure","products-powder-binding"],"acf":[],"_links":{"self":[{"href":"https:\/\/www.saertex.com\/fr\/wp-json\/wp\/v2\/pages\/16162","targetHints":{"allow":["GET"]}}],"collection":[{"href":"https:\/\/www.saertex.com\/fr\/wp-json\/wp\/v2\/pages"}],"about":[{"href":"https:\/\/www.saertex.com\/fr\/wp-json\/wp\/v2\/types\/page"}],"author":[{"embeddable":true,"href":"https:\/\/www.saertex.com\/fr\/wp-json\/wp\/v2\/users\/12"}],"replies":[{"embeddable":true,"href":"https:\/\/www.saertex.com\/fr\/wp-json\/wp\/v2\/comments?post=16162"}],"version-history":[{"count":0,"href":"https:\/\/www.saertex.com\/fr\/wp-json\/wp\/v2\/pages\/16162\/revisions"}],"up":[{"embeddable":true,"href":"https:\/\/www.saertex.com\/fr\/wp-json\/wp\/v2\/pages\/16137"}],"wp:attachment":[{"href":"https:\/\/www.saertex.com\/fr\/wp-json\/wp\/v2\/media?parent=16162"}],"wp:term":[{"taxonomy":"category","embeddable":true,"href":"https:\/\/www.saertex.com\/fr\/wp-json\/wp\/v2\/categories?post=16162"},{"taxonomy":"post_tag","embeddable":true,"href":"https:\/\/www.saertex.com\/fr\/wp-json\/wp\/v2\/tags?post=16162"},{"taxonomy":"competences","embeddable":true,"href":"https:\/\/www.saertex.com\/fr\/wp-json\/wp\/v2\/competences?post=16162"},{"taxonomy":"products","embeddable":true,"href":"https:\/\/www.saertex.com\/fr\/wp-json\/wp\/v2\/products?post=16162"}],"curies":[{"name":"wp","href":"https:\/\/api.w.org\/{rel}","templated":true}]}}